{"id":33081,"date":"2026-02-27T00:19:54","date_gmt":"2026-02-27T00:19:54","guid":{"rendered":"https:\/\/nordicmart.andreevmaster.com\/product\/pyoreat-sohvapoydat-2-sivupoydan-sarja-moderni-tyyli-irrotettava-poytalevy-terasrunko-olohuoneeseen-hiilenharmaa-ja-muste-musta-2\/"},"modified":"2026-02-27T09:41:02","modified_gmt":"2026-02-27T09:41:02","slug":"pyoreat-sohvapoydat-2-sivupoydan-sarja-moderni-tyyli-irrotettava-poytalevy-terasrunko-olohuoneeseen-hiilenharmaa-ja-muste-musta-2","status":"publish","type":"product","link":"https:\/\/nordicmart.andreevmaster.com\/fi\/tuote\/pyoreat-sohvapoydat-2-sivupoydan-sarja-moderni-tyyli-irrotettava-poytalevy-terasrunko-olohuoneeseen-hiilenharmaa-ja-muste-musta-2\/","title":{"rendered":"Py\u00f6re\u00e4t sohvap\u00f6yd\u00e4t, 2 sivup\u00f6yd\u00e4n sarja, moderni tyyli, irrotettava p\u00f6yt\u00e4levy, ter\u00e4srunko, olohuoneeseen, hiilenharmaa ja muste musta"},"content":{"rendered":"<p>[Kompakti koko] Suuren sohvap\u00f6yd\u00e4n mitat ovat 60 x 45 cm (l\u00e4pimitta x korkeus) ja pienen sohvap\u00f6yd\u00e4n mitat ovat 50 x 40 cm (l\u00e4pimitta x korkeus); pieniin tiloihin sopivan kompaktin koon ansiosta l\u00f6yd\u00e4t oikean paikan iltap\u00e4iv\u00e4teelle, koristeille tai kannettavalle tietokoneelle ty\u00f6t\u00e4 varten.[Yksinkertainen kokoonpano] Selkeiden ohjeiden ja merkittyjen osien ansiosta saat t\u00e4m\u00e4n 2 sivup\u00f6yd\u00e4n sarjan kokoonpanon valmiiksi ennen kuin huomaatkaan. \u00c4l\u00e4 huoli, jos kadotat ruuvin, paketissa on varaosia<\/p>\n<p>[Vakaa ja vahva] Laadukkaan lastulevyn ja tukevan ter\u00e4srungon yhdistelm\u00e4 tekee t\u00e4st\u00e4 sivup\u00f6yt\u00e4sarjasta vakaan, joten se ei heilahda joka kerta, kun nostat kahvikuppisi. Kukin pieni p\u00f6yt\u00e4 kest\u00e4\u00e4 jopa 30 kg<\/p>\n<p>[Yhdess\u00e4 tai erikseen] K\u00e4yt\u00e4 2 sivup\u00f6yt\u00e4\u00e4 yhdess\u00e4, jotta saat harmonisen yhdistelm\u00e4n olohuoneeseen huonekasvien pit\u00e4miseen. Tai k\u00e4yt\u00e4 niit\u00e4 erikseen, toista sohvan vieress\u00e4 ja toista makuuhuoneessa.<\/p>\n<p>Moderni tyyli] N\u00e4m\u00e4 modernin tyylin sohvap\u00f6yd\u00e4t olohuoneeseen tuovat tilaan erikoisen s\u00e4v\u00e4yksen py\u00f6reill\u00e4 hiilenharmailla p\u00e4\u00e4llisill\u00e4 ja geometrisilla mustilla ter\u00e4sjalustoilla. Niiden houkutteleva ulkon\u00e4k\u00f6 tekee vaikutuksen vieraisiin<\/p>\n<p>Tekniset tiedot:<\/p>\n<p>V\u00e4ri: P\u00f6yd\u00e4t ovat v\u00e4rillisi\u00e4, ja ne on suunniteltu siten, ett\u00e4 ne ovat helposti saatavilla: V\u00e4ri: Hiilenharmaa, musta<br \/>\nMateriaali: Materiaali: Lastulevy, ter\u00e4s<br \/>\nSuuren p\u00f6yd\u00e4n koko: 23,6 &#8221;Dia. x 17,7&#8243; H (60 x 45 cm)<br \/>\nPienen p\u00f6yd\u00e4n koko: K: 19,7&#8243; Dia. x 15,7&#8221; H (50 x 40 cm)<br \/>\nKokonaispaino: 9,8 kg (21,6 lb).Kunkin p\u00f6yd\u00e4n staattinen kuormituskapasiteetti: (30 kg)<\/p>\n<p>Pakkauksen sis\u00e4lt\u00f6:<\/p>\n<p>1 x Suuri sivup\u00f6yt\u00e4<br \/>\n1 x Pieni sivup\u00f6yt\u00e4<br \/>\n1 x Asennussarja<br \/>\n1 x Ohjeet<\/p>\n","protected":false},"excerpt":{"rendered":"<p>[Kompakti koko] Suuren sohvap\u00f6yd\u00e4n mitat ovat 60 x 45 cm (l\u00e4pimitta x korkeus) ja pienen sohvap\u00f6yd\u00e4n mitat ovat 50 x 40 cm (l\u00e4pimitta x korkeus); pieniin tiloihin sopivan kompaktin koon ansiosta l\u00f6yd\u00e4t oikean paikan iltap\u00e4iv\u00e4teelle, koristeille tai kannettavalle tietokoneelle ty\u00f6t\u00e4 varten.[Yksinkertainen kokoonpano] Selkeiden ohjeiden ja merkittyjen osien ansiosta saat t\u00e4m\u00e4n 2 sivup\u00f6yd\u00e4n sarjan kokoonpanon valmiiksi [&hellip;]<\/p>\n","protected":false},"featured_media":0,"comment_status":"open","ping_status":"closed","template":"","meta":[],"product_brand":[],"product_cat":[32],"product_tag":[],"class_list":{"0":"post-33081","1":"product","2":"type-product","3":"status-publish","5":"product_cat-uncategorized-fi","7":"first","8":"instock","9":"shipping-taxable","10":"product-type-simple"},"_links":{"self":[{"href":"https:\/\/nordicmart.andreevmaster.com\/fi\/wp-json\/wp\/v2\/product\/33081","targetHints":{"allow":["GET"]}}],"collection":[{"href":"https:\/\/nordicmart.andreevmaster.com\/fi\/wp-json\/wp\/v2\/product"}],"about":[{"href":"https:\/\/nordicmart.andreevmaster.com\/fi\/wp-json\/wp\/v2\/types\/product"}],"replies":[{"embeddable":true,"href":"https:\/\/nordicmart.andreevmaster.com\/fi\/wp-json\/wp\/v2\/comments?post=33081"}],"wp:attachment":[{"href":"https:\/\/nordicmart.andreevmaster.com\/fi\/wp-json\/wp\/v2\/media?parent=33081"}],"wp:term":[{"taxonomy":"product_brand","embeddable":true,"href":"https:\/\/nordicmart.andreevmaster.com\/fi\/wp-json\/wp\/v2\/product_brand?post=33081"},{"taxonomy":"product_cat","embeddable":true,"href":"https:\/\/nordicmart.andreevmaster.com\/fi\/wp-json\/wp\/v2\/product_cat?post=33081"},{"taxonomy":"product_tag","embeddable":true,"href":"https:\/\/nordicmart.andreevmaster.com\/fi\/wp-json\/wp\/v2\/product_tag?post=33081"}],"curies":[{"name":"wp","href":"https:\/\/api.w.org\/{rel}","templated":true}]}}