{"id":33079,"date":"2026-02-27T00:19:53","date_gmt":"2026-02-27T00:19:53","guid":{"rendered":"https:\/\/nordicmart.andreevmaster.com\/product\/vasagle-sohvapoyta-avoimella-lokerolla\/"},"modified":"2026-02-27T09:41:02","modified_gmt":"2026-02-27T09:41:02","slug":"vasagle-sohvapoyta-avoimella-lokerolla","status":"publish","type":"product","link":"https:\/\/nordicmart.andreevmaster.com\/fi\/tuote\/vasagle-sohvapoyta-avoimella-lokerolla\/","title":{"rendered":"VASAGLE-sohvap\u00f6yt\u00e4 avoimella lokerolla"},"content":{"rendered":"<p>Jalokivi olohuoneeseen! Siivoa olohuoneesi sotku vaihtamalla vanha sohvap\u00f6yt\u00e4si, jossa ei ole s\u00e4ilytystilaa, t\u00e4h\u00e4n upeaan sohvap\u00f6yt\u00e4\u00e4n, jossa on laatikko ja hylly. Lis\u00e4ksi puunv\u00e4rinen vintage-p\u00f6yt\u00e4levy ja pitk\u00e4t jalat tuovat olohuoneeseesi kodikasta l\u00e4mp\u00f6\u00e4. Vaikuttavaa: Kuka sanoo, ett\u00e4 t\u00e4m\u00e4 sohvap\u00f6yt\u00e4 on tarkoitettu vain kotiin? Voit k\u00e4ytt\u00e4\u00e4 sit\u00e4 my\u00f6s toimistossa, odotushuoneessa tai aulassa. Ainutlaatuisen tyylimme ansiosta asiakkaasi muistavat liikkeesi tai br\u00e4ndisi pitk\u00e4\u00e4n.Tuotetiedot: V\u00e4ri: vintage-ruskea Materiaali: lastulevy, massiivipuu Koko: 100 x 50 x 45 cm (P x L x K) Paino: 15 kg Maks. staattinen kantavuus: 20 kg Toimitus sis\u00e4lt\u00e4\u00e4: 1 x sohvap\u00f6yt\u00e4 1 x lis\u00e4varustepaketti 1 x ohjeet (DE, EN, ES, FR, IT) VASAGLE-huomautukset:Turvallisuussyist\u00e4 lapset eiv\u00e4t saa kiivet\u00e4 tuotteelle tai leikki\u00e4 sill\u00e4. Kun siirr\u00e4t tuotetta, nosta se yl\u00f6s \u00e4l\u00e4k\u00e4 raahaa sit\u00e4 lattialla.<\/p>\n","protected":false},"excerpt":{"rendered":"<p>VASAGLE sohvap\u00f6yt\u00e4, s\u00e4ilytystila, laatikko, avoin lokero, olohuoneeseen, ruokailuhuoneeseen, 100 x 50 x 45 cm, vintage-ruskea LCT028X01<\/p>\n","protected":false},"featured_media":42022,"comment_status":"open","ping_status":"closed","template":"","meta":[],"product_brand":[],"product_cat":[32],"product_tag":[],"class_list":{"0":"post-33079","1":"product","2":"type-product","3":"status-publish","4":"has-post-thumbnail","6":"product_cat-uncategorized-fi","8":"first","9":"instock","10":"shipping-taxable","11":"purchasable","12":"product-type-simple"},"_links":{"self":[{"href":"https:\/\/nordicmart.andreevmaster.com\/fi\/wp-json\/wp\/v2\/product\/33079","targetHints":{"allow":["GET"]}}],"collection":[{"href":"https:\/\/nordicmart.andreevmaster.com\/fi\/wp-json\/wp\/v2\/product"}],"about":[{"href":"https:\/\/nordicmart.andreevmaster.com\/fi\/wp-json\/wp\/v2\/types\/product"}],"replies":[{"embeddable":true,"href":"https:\/\/nordicmart.andreevmaster.com\/fi\/wp-json\/wp\/v2\/comments?post=33079"}],"wp:featuredmedia":[{"embeddable":true,"href":"https:\/\/nordicmart.andreevmaster.com\/fi\/wp-json\/wp\/v2\/media\/42022"}],"wp:attachment":[{"href":"https:\/\/nordicmart.andreevmaster.com\/fi\/wp-json\/wp\/v2\/media?parent=33079"}],"wp:term":[{"taxonomy":"product_brand","embeddable":true,"href":"https:\/\/nordicmart.andreevmaster.com\/fi\/wp-json\/wp\/v2\/product_brand?post=33079"},{"taxonomy":"product_cat","embeddable":true,"href":"https:\/\/nordicmart.andreevmaster.com\/fi\/wp-json\/wp\/v2\/product_cat?post=33079"},{"taxonomy":"product_tag","embeddable":true,"href":"https:\/\/nordicmart.andreevmaster.com\/fi\/wp-json\/wp\/v2\/product_tag?post=33079"}],"curies":[{"name":"wp","href":"https:\/\/api.w.org\/{rel}","templated":true}]}}