{"id":33078,"date":"2026-02-27T00:19:53","date_gmt":"2026-02-27T00:19:53","guid":{"rendered":"https:\/\/nordicmart.andreevmaster.com\/product\/vasagle-vuodesohva-verhoilu-samettia-harmaa\/"},"modified":"2026-02-27T09:41:02","modified_gmt":"2026-02-27T09:41:02","slug":"vasagle-vuodesohva-verhoilu-samettia-harmaa","status":"publish","type":"product","link":"https:\/\/nordicmart.andreevmaster.com\/fi\/tuote\/vasagle-vuodesohva-verhoilu-samettia-harmaa\/","title":{"rendered":"VASAGLE-vuodesohva, verhoilu samettia, harmaa"},"content":{"rendered":"<p>Onko t\u00e4m\u00e4 sohva? S\u00e4nky? Vai huonekalu, jolle vaatteesi kasautuvat? (No, ehk\u00e4 ei!) T\u00e4m\u00e4 vuodesohva muuttaa leikkihuoneesi, olohuoneesi tai toimistosi helposti viihtyis\u00e4ksi tilaksi ja tarjoaa sinulle ja vieraillesi mukavuutta, vakautta ja modernia designia.- Pehme\u00e4 samettiverhoilu, kumipuusta valmistetut jalat ja moderni muotoilu tekev\u00e4t t\u00e4st\u00e4 sohvasta eritt\u00e4in tyylikk\u00e4\u00e4n. &#8211; Massiivipuusta valmistettu runko ja mukavat istuintyynyt takaavat lujuuden ja kest\u00e4vyyden. &#8211; Sohva on helppo koota: sinun tarvitsee vain kiinnitt\u00e4\u00e4 6 jalkaa ja 2 k\u00e4sinojaa.- Mukana toimitetut tyynyt suojaavat lattiaasi naarmuilta. &#8211; Muuttuu sekunneissa k\u00e4yt\u00e4nn\u00f6lliseksi s\u00e4ngyksi. &#8211; Sohvan koko: 194 x 90 x 81 cm. &#8211; S\u00e4ngyn koko: 194 x 108 x 37 cm.- Kantavuus enint\u00e4\u00e4n 250 kg. Tuotetiedot: &#8211; V\u00e4ri: harmaa &#8211; Materiaali: sametti, vaahtomuovipehmuste, eukalyptuspuu, kumipuusta valmistetut jalat &#8211; Sohvan koko: 194 x 90 x 81 cm (P x L x K) &#8211; S\u00e4ngyn koko: 194 x 108 x 37 cm (P x L x K) &#8211; Istuinsyvyys: 53 cm &#8211; Tyynyn paksuus: 16,5 cm &#8211; Paino: 40,1 kg &#8211; Maks. staattinen kokonaiskuormitus: 250 kg Toimitus sis\u00e4lt\u00e4\u00e4:- 1 x vuodesohva &#8211; 1 x lis\u00e4varustepaketti &#8211; 1 x ohjeet (DE, EN, FR, ES, IT) VASAGLE-ohjeet: &#8211; \u00c4l\u00e4 altista tuotetta voimakkaalle auringonvalolle pitk\u00e4ksi aikaa. &#8211; Pid\u00e4 tuote poissa ter\u00e4vien tai ter\u00e4vien esineiden l\u00e4heisyydest\u00e4.- \u00c4l\u00e4 k\u00e4yt\u00e4 tuotetta kiipeilyapuna. &#8211; Pyyhi tuote v\u00e4litt\u00f6m\u00e4sti kuivalla liinalla, jos se on kastunut. &#8211; Aseta tuote tasaiselle alustalle.<\/p>\n","protected":false},"excerpt":{"rendered":"<p>VASAGLE vuodesohva, sohvas\u00e4nky, s\u00e4ngyn sohva, samettiverhoilu, massiivipuujalat, 194 x 90 x 81 cm, taitettava, taitettava sohva, asuntolaan, pieniin tiloihin, harmaa LCS700G01<\/p>\n","protected":false},"featured_media":42021,"comment_status":"open","ping_status":"closed","template":"","meta":[],"product_brand":[],"product_cat":[32],"product_tag":[],"class_list":{"0":"post-33078","1":"product","2":"type-product","3":"status-publish","4":"has-post-thumbnail","6":"product_cat-uncategorized-fi","8":"first","9":"instock","10":"shipping-taxable","11":"purchasable","12":"product-type-simple"},"_links":{"self":[{"href":"https:\/\/nordicmart.andreevmaster.com\/fi\/wp-json\/wp\/v2\/product\/33078","targetHints":{"allow":["GET"]}}],"collection":[{"href":"https:\/\/nordicmart.andreevmaster.com\/fi\/wp-json\/wp\/v2\/product"}],"about":[{"href":"https:\/\/nordicmart.andreevmaster.com\/fi\/wp-json\/wp\/v2\/types\/product"}],"replies":[{"embeddable":true,"href":"https:\/\/nordicmart.andreevmaster.com\/fi\/wp-json\/wp\/v2\/comments?post=33078"}],"wp:featuredmedia":[{"embeddable":true,"href":"https:\/\/nordicmart.andreevmaster.com\/fi\/wp-json\/wp\/v2\/media\/42021"}],"wp:attachment":[{"href":"https:\/\/nordicmart.andreevmaster.com\/fi\/wp-json\/wp\/v2\/media?parent=33078"}],"wp:term":[{"taxonomy":"product_brand","embeddable":true,"href":"https:\/\/nordicmart.andreevmaster.com\/fi\/wp-json\/wp\/v2\/product_brand?post=33078"},{"taxonomy":"product_cat","embeddable":true,"href":"https:\/\/nordicmart.andreevmaster.com\/fi\/wp-json\/wp\/v2\/product_cat?post=33078"},{"taxonomy":"product_tag","embeddable":true,"href":"https:\/\/nordicmart.andreevmaster.com\/fi\/wp-json\/wp\/v2\/product_tag?post=33078"}],"curies":[{"name":"wp","href":"https:\/\/api.w.org\/{rel}","templated":true}]}}