{"id":33076,"date":"2026-02-27T00:19:52","date_gmt":"2026-02-27T00:19:52","guid":{"rendered":"https:\/\/nordicmart.andreevmaster.com\/product\/vasagle-3-paikkainen-sohva-harmaa\/"},"modified":"2026-02-27T09:41:02","modified_gmt":"2026-02-27T09:41:02","slug":"vasagle-3-paikkainen-sohva-harmaa","status":"publish","type":"product","link":"https:\/\/nordicmart.andreevmaster.com\/fi\/tuote\/vasagle-3-paikkainen-sohva-harmaa\/","title":{"rendered":"VASAGLE 3-paikkainen sohva, harmaa"},"content":{"rendered":"<p>Mustat massiivipuujalat ja harmaa keinokangas \u2013 ly\u00f6m\u00e4t\u00f6n yhdistelm\u00e4, joka paitsi korostaa tilojesi tyyli\u00e4, on my\u00f6s erityisen kest\u00e4v\u00e4 ja kulutusta kest\u00e4v\u00e4. T\u00e4m\u00e4n mukavan istuimen kohokohdat yhdell\u00e4 silm\u00e4yksell\u00e4: &#8211; Sohvan jalat on valmistettu kumipuusta; t\u00e4m\u00e4n ja tukevan puisen alustan ansiosta sohva kest\u00e4\u00e4 200 kg:n painon istuinta kohti. &#8211; Lis\u00e4tila sohvan alla; t\u00e4h\u00e4n voit esimerkiksi s\u00e4ilytt\u00e4\u00e4 tyynyj\u00e4. &#8211; Suuret tyynyt kiinnitet\u00e4\u00e4n sohvaan tarranauhalla, joten ne pysyv\u00e4t aina paikoillaan. &#8211; Tyynyjen ja niskatyynyjen p\u00e4\u00e4lliset ovat irrotettavia, joten ne on helppo puhdistaa. Tuotetiedot: &#8211; V\u00e4ri: harmaa &#8211; Materiaali: keinokangas, vaahtomuovi, kumipuu, eukalyptuspuu &#8211; Koko: 180 x 82 x 83 cm (P x L x K) &#8211; Paino: 38,5 kg &#8211; Maks. staattinen kantavuus istuinta kohti: 200 kg\/8 tuntia. Toimitussis\u00e4lt\u00f6: &#8211; 1 x sohva &#8211; 1 x lis\u00e4varustepussi &#8211; 1 x ohjeet (DE, EN, FR, ES, IT) VASAGLE Huomautukset: &#8211; Lapset saavat k\u00e4ytt\u00e4\u00e4 tuotetta vain aikuisen valvonnassa. &#8211; Asenna tuote tarkasti ohjeiden mukaisesti. Muutokset tai muunnokset voivat vaarantaa tuotteen turvallisuuden.<\/p>\n","protected":false},"excerpt":{"rendered":"<p>VASAGLE 3-istuttava sohva, sohva, jossa on keinokuitukankaalla p\u00e4\u00e4llystetty verhoilu, 180 x 82 x 83 cm, pehmustettu huonekalu pieniin asuntoihin, vierashuoneisiin, nuorisohuoneisiin, puurunko, helppo koota, harmaa, LCS10GY<\/p>\n","protected":false},"featured_media":42019,"comment_status":"open","ping_status":"closed","template":"","meta":[],"product_brand":[],"product_cat":[32],"product_tag":[],"class_list":{"0":"post-33076","1":"product","2":"type-product","3":"status-publish","4":"has-post-thumbnail","6":"product_cat-uncategorized-fi","8":"first","9":"instock","10":"shipping-taxable","11":"purchasable","12":"product-type-simple"},"_links":{"self":[{"href":"https:\/\/nordicmart.andreevmaster.com\/fi\/wp-json\/wp\/v2\/product\/33076","targetHints":{"allow":["GET"]}}],"collection":[{"href":"https:\/\/nordicmart.andreevmaster.com\/fi\/wp-json\/wp\/v2\/product"}],"about":[{"href":"https:\/\/nordicmart.andreevmaster.com\/fi\/wp-json\/wp\/v2\/types\/product"}],"replies":[{"embeddable":true,"href":"https:\/\/nordicmart.andreevmaster.com\/fi\/wp-json\/wp\/v2\/comments?post=33076"}],"wp:featuredmedia":[{"embeddable":true,"href":"https:\/\/nordicmart.andreevmaster.com\/fi\/wp-json\/wp\/v2\/media\/42019"}],"wp:attachment":[{"href":"https:\/\/nordicmart.andreevmaster.com\/fi\/wp-json\/wp\/v2\/media?parent=33076"}],"wp:term":[{"taxonomy":"product_brand","embeddable":true,"href":"https:\/\/nordicmart.andreevmaster.com\/fi\/wp-json\/wp\/v2\/product_brand?post=33076"},{"taxonomy":"product_cat","embeddable":true,"href":"https:\/\/nordicmart.andreevmaster.com\/fi\/wp-json\/wp\/v2\/product_cat?post=33076"},{"taxonomy":"product_tag","embeddable":true,"href":"https:\/\/nordicmart.andreevmaster.com\/fi\/wp-json\/wp\/v2\/product_tag?post=33076"}],"curies":[{"name":"wp","href":"https:\/\/api.w.org\/{rel}","templated":true}]}}