{"id":33073,"date":"2026-02-27T00:19:52","date_gmt":"2026-02-27T00:19:52","guid":{"rendered":"https:\/\/nordicmart.andreevmaster.com\/product\/vasagle-sohva-olohuoneeseen-harmaa\/"},"modified":"2026-02-27T09:41:01","modified_gmt":"2026-02-27T09:41:01","slug":"vasagle-sohva-olohuoneeseen-harmaa","status":"publish","type":"product","link":"https:\/\/nordicmart.andreevmaster.com\/fi\/tuote\/vasagle-sohva-olohuoneeseen-harmaa\/","title":{"rendered":"VASAGLE sohva olohuoneeseen, harmaa"},"content":{"rendered":"<p>Tyylikkyys ja mukavuus yhdistyv\u00e4t T\u00e4ss\u00e4 sohvassa yhdistyv\u00e4t tyylik\u00e4s ulkon\u00e4k\u00f6, mukava pehmuste ja yksinkertainen muotoilu, joten voit rentoutua siin\u00e4 t\u00e4ysin. Asetitpa sen olohuoneeseen, opiskelija-asuntolaan tai pieneen asuntoon, se tulee olemaan kodin keskipiste ja rentouttava paikka perheellesi ja yst\u00e4villesi. Vankka T\u00e4m\u00e4 sohva on varustettu hyvin pehmustetuilla tyynyill\u00e4 ja pehme\u00e4ll\u00e4 pinnalla, ja se tarjoaa sinulle t\u00e4ydellisen istuimen v\u00e4symyksen lievitt\u00e4miseen. Lis\u00e4ksi t\u00e4t\u00e4 sohvaa tukee nelj\u00e4 kest\u00e4v\u00e4\u00e4, massiivista kumipuujalkaa, ja sen kantavuus on jopa 300 kg (maks. staattinen kantavuus).Tuotetiedot: V\u00e4ri: harmaa Materiaali: polyesteri, vaahtomuovi, eukalyptuspuu, kumipuu Koko: 177 x 72 x 86 cm (P x L x K) Paino: 38,5 kg Maks. staattinen kokonaiskuormitus: 300 kg Toimitus sis\u00e4lt\u00e4\u00e4:- 1 x sohva &#8211; 1 x lis\u00e4varustepaketti &#8211; 1 x ohjeet (DE, EN, FR, ES, IT) VASAGLE-huomautukset: &#8211; Lapset saavat k\u00e4ytt\u00e4\u00e4 tuotetta vain aikuisen valvonnassa.<\/p>\n","protected":false},"excerpt":{"rendered":"<p>VASAGLE-sohva, olohuoneen sohva, polyesteriverhoilu, pehmustetut huonekalut pieniin asuntoihin, runko ja jalat massiivipuuta, moderni muotoilu, 182 x 80,5 x 84 cm, harmaa LCS101G01<\/p>\n","protected":false},"featured_media":42016,"comment_status":"open","ping_status":"closed","template":"","meta":[],"product_brand":[],"product_cat":[32],"product_tag":[],"class_list":{"0":"post-33073","1":"product","2":"type-product","3":"status-publish","4":"has-post-thumbnail","6":"product_cat-uncategorized-fi","8":"first","9":"instock","10":"shipping-taxable","11":"purchasable","12":"product-type-simple"},"_links":{"self":[{"href":"https:\/\/nordicmart.andreevmaster.com\/fi\/wp-json\/wp\/v2\/product\/33073","targetHints":{"allow":["GET"]}}],"collection":[{"href":"https:\/\/nordicmart.andreevmaster.com\/fi\/wp-json\/wp\/v2\/product"}],"about":[{"href":"https:\/\/nordicmart.andreevmaster.com\/fi\/wp-json\/wp\/v2\/types\/product"}],"replies":[{"embeddable":true,"href":"https:\/\/nordicmart.andreevmaster.com\/fi\/wp-json\/wp\/v2\/comments?post=33073"}],"wp:featuredmedia":[{"embeddable":true,"href":"https:\/\/nordicmart.andreevmaster.com\/fi\/wp-json\/wp\/v2\/media\/42016"}],"wp:attachment":[{"href":"https:\/\/nordicmart.andreevmaster.com\/fi\/wp-json\/wp\/v2\/media?parent=33073"}],"wp:term":[{"taxonomy":"product_brand","embeddable":true,"href":"https:\/\/nordicmart.andreevmaster.com\/fi\/wp-json\/wp\/v2\/product_brand?post=33073"},{"taxonomy":"product_cat","embeddable":true,"href":"https:\/\/nordicmart.andreevmaster.com\/fi\/wp-json\/wp\/v2\/product_cat?post=33073"},{"taxonomy":"product_tag","embeddable":true,"href":"https:\/\/nordicmart.andreevmaster.com\/fi\/wp-json\/wp\/v2\/product_tag?post=33073"}],"curies":[{"name":"wp","href":"https:\/\/api.w.org\/{rel}","templated":true}]}}