{"id":33061,"date":"2026-02-27T00:19:49","date_gmt":"2026-02-27T00:19:49","guid":{"rendered":"https:\/\/nordicmart.andreevmaster.com\/product\/songmics-home-combie-kokoelma-2-osainen-modulaarinen-sohva\/"},"modified":"2026-02-27T09:40:59","modified_gmt":"2026-02-27T09:40:59","slug":"songmics-home-combie-kokoelma-2-osainen-modulaarinen-sohva","status":"publish","type":"product","link":"https:\/\/nordicmart.andreevmaster.com\/fi\/tuote\/songmics-home-combie-kokoelma-2-osainen-modulaarinen-sohva\/","title":{"rendered":"SONGMICS HOME COMBIE -kokoelma \u2013 2-osainen modulaarinen sohva"},"content":{"rendered":"<p>V\u00e4ri: kermanvalkoinen\/liuskekivi<br \/>\n&#8211; Materiaali: eukalyptuspuu, ter\u00e4s, vaahtomuovi, boucl\u00e9-kangas<br \/>\n&#8211; Koko (suora): 79 x 166 x 85,6 cm (S x L x K)<br \/>\n&#8211; Kunkin k\u00e4sinojamoduulin koko: 73 x 13 x 50,5 cm (S x L x K)<br \/>\n&#8211; Kunkin keskimoduulin koko: 79 x 73 x 85,6 cm (S x L x K)<br \/>\n&#8211; Paino: 54,1 kg<br \/>\n&#8211; Maks. staattinen kokonaiskuormitus: 272 kg<\/p>\n","protected":false},"excerpt":{"rendered":"<p>V\u00e4ri: kermanvalkoinen\/liuskekivi &#8211; Materiaali: eukalyptuspuu, ter\u00e4s, vaahtomuovi, boucl\u00e9-kangas &#8211; Koko (suora): 79 x 166 x 85,6 cm (S x L x K) &#8211; Kunkin k\u00e4sinojamoduulin koko: 73 x 13 x 50,5 cm (S x L x K) &#8211; Kunkin keskimoduulin koko: 79 x 73 x 85,6 cm (S x L x K) &#8211; Paino: 54,1 [&hellip;]<\/p>\n","protected":false},"featured_media":42004,"comment_status":"open","ping_status":"closed","template":"","meta":[],"product_brand":[],"product_cat":[32],"product_tag":[],"class_list":{"0":"post-33061","1":"product","2":"type-product","3":"status-publish","4":"has-post-thumbnail","6":"product_cat-uncategorized-fi","8":"first","9":"instock","10":"shipping-taxable","11":"purchasable","12":"product-type-simple"},"_links":{"self":[{"href":"https:\/\/nordicmart.andreevmaster.com\/fi\/wp-json\/wp\/v2\/product\/33061","targetHints":{"allow":["GET"]}}],"collection":[{"href":"https:\/\/nordicmart.andreevmaster.com\/fi\/wp-json\/wp\/v2\/product"}],"about":[{"href":"https:\/\/nordicmart.andreevmaster.com\/fi\/wp-json\/wp\/v2\/types\/product"}],"replies":[{"embeddable":true,"href":"https:\/\/nordicmart.andreevmaster.com\/fi\/wp-json\/wp\/v2\/comments?post=33061"}],"wp:featuredmedia":[{"embeddable":true,"href":"https:\/\/nordicmart.andreevmaster.com\/fi\/wp-json\/wp\/v2\/media\/42004"}],"wp:attachment":[{"href":"https:\/\/nordicmart.andreevmaster.com\/fi\/wp-json\/wp\/v2\/media?parent=33061"}],"wp:term":[{"taxonomy":"product_brand","embeddable":true,"href":"https:\/\/nordicmart.andreevmaster.com\/fi\/wp-json\/wp\/v2\/product_brand?post=33061"},{"taxonomy":"product_cat","embeddable":true,"href":"https:\/\/nordicmart.andreevmaster.com\/fi\/wp-json\/wp\/v2\/product_cat?post=33061"},{"taxonomy":"product_tag","embeddable":true,"href":"https:\/\/nordicmart.andreevmaster.com\/fi\/wp-json\/wp\/v2\/product_tag?post=33061"}],"curies":[{"name":"wp","href":"https:\/\/api.w.org\/{rel}","templated":true}]}}