{"id":33060,"date":"2026-02-27T00:19:49","date_gmt":"2026-02-27T00:19:49","guid":{"rendered":"https:\/\/nordicmart.andreevmaster.com\/product\/songmics-3-paikkainen-sohva-olohuoneeseen\/"},"modified":"2026-02-27T09:40:59","modified_gmt":"2026-02-27T09:40:59","slug":"songmics-3-paikkainen-sohva-olohuoneeseen","status":"publish","type":"product","link":"https:\/\/nordicmart.andreevmaster.com\/fi\/tuote\/songmics-3-paikkainen-sohva-olohuoneeseen\/","title":{"rendered":"SONGMICS 3-paikkainen sohva olohuoneeseen"},"content":{"rendered":"<p>T\u00e4m\u00e4 mid-century modern -tyylinen sohva on paitsi mukava, my\u00f6s todellinen katseenvangitsija ja t\u00e4ydellinen kaikille, jotka pit\u00e4v\u00e4t minimalistisesta designista. Se seisoo massiivipuusta valmistetulla alustalla, jossa on kartiomaiset jalat, ja on verhoiltu kest\u00e4v\u00e4ll\u00e4 polyesterikankaalla, joten se kest\u00e4\u00e4 k\u00e4yt\u00f6ss\u00e4 vuosia.Mukavuus on varmasti huomioitu: eritt\u00e4in paksu istuintyyny, pehme\u00e4 verhoilu ja runsas 60 cm:n istumasyvyys tarjoavat sinulle paljon mukavuutta. Voit sijoittaa t\u00e4m\u00e4n tyylikk\u00e4\u00e4n sohvan kotiisi, kotitoimistoon tai toimistoon. Tuotetiedot: &#8211; V\u00e4ri: harmaa &#8211; Materiaali: polyesterikangas, vaahtomuovipehmuste, vaneri, kumipuu &#8211; Koko: 191 x 80,5 x 86 cm (P x L x K) &#8211; Istuinsyvyys: 60 cm &#8211; Selk\u00e4nojan korkeus: 34 cm &#8211; K\u00e4sinojan korkeus (lattiasta): 65 cm &#8211; Paino: 44 kg &#8211; Maks. staattinen kokonaiskuormitus: 300 kg Toimitus sis\u00e4lt\u00e4\u00e4:- 1 x sohva &#8211; 1 x lis\u00e4varustepaketti &#8211; 1 x ohjeet VASAGLE-huomautukset: &#8211; T\u00e4m\u00e4 tuote toimitetaan 2 paketissa. Jos saat aluksi vain yhden paketin, odota toisen paketin saapumista ennen kokoamista. Kokoa sohva, kun molemmat paketit ovat saapuneet. &#8211; Istuintyyny toimitetaan tyhji\u00f6pakkauksessa. Avaa pakkaus, aseta tyyny hyvin ilmastoidussa paikassa auringonvaloon ja koputtele sit\u00e4, jotta se palautuu nopeammin alkuper\u00e4iseen kokoonsa.<\/p>\n","protected":false},"excerpt":{"rendered":"<p>SONGMICS 3-istuttava sohva, olohuoneen sohva, asuntoihin, kotitoimistoon, massiivipuusta valmistetut jalat, helppo koota, mid-century-tyyli, 191 x 80,5 x 86 cm, harmaa LCS030G01<\/p>\n","protected":false},"featured_media":42003,"comment_status":"open","ping_status":"closed","template":"","meta":[],"product_brand":[],"product_cat":[32],"product_tag":[],"class_list":{"0":"post-33060","1":"product","2":"type-product","3":"status-publish","4":"has-post-thumbnail","6":"product_cat-uncategorized-fi","8":"first","9":"instock","10":"shipping-taxable","11":"purchasable","12":"product-type-simple"},"_links":{"self":[{"href":"https:\/\/nordicmart.andreevmaster.com\/fi\/wp-json\/wp\/v2\/product\/33060","targetHints":{"allow":["GET"]}}],"collection":[{"href":"https:\/\/nordicmart.andreevmaster.com\/fi\/wp-json\/wp\/v2\/product"}],"about":[{"href":"https:\/\/nordicmart.andreevmaster.com\/fi\/wp-json\/wp\/v2\/types\/product"}],"replies":[{"embeddable":true,"href":"https:\/\/nordicmart.andreevmaster.com\/fi\/wp-json\/wp\/v2\/comments?post=33060"}],"wp:featuredmedia":[{"embeddable":true,"href":"https:\/\/nordicmart.andreevmaster.com\/fi\/wp-json\/wp\/v2\/media\/42003"}],"wp:attachment":[{"href":"https:\/\/nordicmart.andreevmaster.com\/fi\/wp-json\/wp\/v2\/media?parent=33060"}],"wp:term":[{"taxonomy":"product_brand","embeddable":true,"href":"https:\/\/nordicmart.andreevmaster.com\/fi\/wp-json\/wp\/v2\/product_brand?post=33060"},{"taxonomy":"product_cat","embeddable":true,"href":"https:\/\/nordicmart.andreevmaster.com\/fi\/wp-json\/wp\/v2\/product_cat?post=33060"},{"taxonomy":"product_tag","embeddable":true,"href":"https:\/\/nordicmart.andreevmaster.com\/fi\/wp-json\/wp\/v2\/product_tag?post=33060"}],"curies":[{"name":"wp","href":"https:\/\/api.w.org\/{rel}","templated":true}]}}