{"id":33057,"date":"2026-02-27T00:19:48","date_gmt":"2026-02-27T00:19:48","guid":{"rendered":"https:\/\/nordicmart.andreevmaster.com\/product\/vasagle-sohva\/"},"modified":"2026-02-27T09:40:58","modified_gmt":"2026-02-27T09:40:58","slug":"vasagle-sohva","status":"publish","type":"product","link":"https:\/\/nordicmart.andreevmaster.com\/fi\/tuote\/vasagle-sohva\/","title":{"rendered":"VASAGLE-sohva"},"content":{"rendered":"<p>Asuntosi keskipiste: sohvan mukavat selk\u00e4tyynyt, harmaa sametti ja metallijalat tekev\u00e4t niin suuren vaikutuksen vieraasiin, ett\u00e4 he eiv\u00e4t halua en\u00e4\u00e4 l\u00e4hte\u00e4! Peittojen ja tyynyjen avulla voit nauttia mukavuudesta ja lis\u00e4t\u00e4 tyylikkyytt\u00e4 kotiisi. Aina vierell\u00e4si: hyvin pehmustettu istuintyyny, ihoyst\u00e4v\u00e4llinen verhoilu ja 2 pehme\u00e4\u00e4 selk\u00e4tyyny\u00e4 takaavat mukavan istumisen. Lis\u00e4ksi t\u00e4t\u00e4 sohvaa tukee nelj\u00e4 kest\u00e4v\u00e4\u00e4, kiilt\u00e4v\u00e4\u00e4 metallijalkaa, ja se kest\u00e4\u00e4 jopa 300 kg:n painon (maks. staattinen kantavuus).Tuotetiedot: &#8211; V\u00e4ri: harmaa &#8211; Materiaali: sametti, vaahtomuovipehmuste, eukalyptuspuu, metalli &#8211; Koko: 181 x 82 x 86 cm (P x L x K) &#8211; Paino: 35 kg &#8211; Maks. staattinen kokonaiskuormitus: 300 kg Toimitus sis\u00e4lt\u00e4\u00e4:- 1 x sohva &#8211; 1 x lis\u00e4varustepaketti &#8211; 1 x ohjeet VASAGLE-ohjeet: &#8211; Lapset saavat k\u00e4ytt\u00e4\u00e4 tuotetta vain aikuisen valvonnassa. &#8211; Asenna tuote tarkasti ohjeiden asennusohjeiden mukaisesti. Tuotteen muuttaminen tai muokkaaminen voi vaarantaa turvallisuuden ja aiheuttaa loukkaantumisia. <\/p>\n","protected":false},"excerpt":{"rendered":"<p>VASAGLE-sohva LCS002Q01<\/p>\n","protected":false},"featured_media":42000,"comment_status":"open","ping_status":"closed","template":"","meta":[],"product_brand":[],"product_cat":[32],"product_tag":[],"class_list":{"0":"post-33057","1":"product","2":"type-product","3":"status-publish","4":"has-post-thumbnail","6":"product_cat-uncategorized-fi","8":"first","9":"instock","10":"shipping-taxable","11":"purchasable","12":"product-type-simple"},"_links":{"self":[{"href":"https:\/\/nordicmart.andreevmaster.com\/fi\/wp-json\/wp\/v2\/product\/33057","targetHints":{"allow":["GET"]}}],"collection":[{"href":"https:\/\/nordicmart.andreevmaster.com\/fi\/wp-json\/wp\/v2\/product"}],"about":[{"href":"https:\/\/nordicmart.andreevmaster.com\/fi\/wp-json\/wp\/v2\/types\/product"}],"replies":[{"embeddable":true,"href":"https:\/\/nordicmart.andreevmaster.com\/fi\/wp-json\/wp\/v2\/comments?post=33057"}],"wp:featuredmedia":[{"embeddable":true,"href":"https:\/\/nordicmart.andreevmaster.com\/fi\/wp-json\/wp\/v2\/media\/42000"}],"wp:attachment":[{"href":"https:\/\/nordicmart.andreevmaster.com\/fi\/wp-json\/wp\/v2\/media?parent=33057"}],"wp:term":[{"taxonomy":"product_brand","embeddable":true,"href":"https:\/\/nordicmart.andreevmaster.com\/fi\/wp-json\/wp\/v2\/product_brand?post=33057"},{"taxonomy":"product_cat","embeddable":true,"href":"https:\/\/nordicmart.andreevmaster.com\/fi\/wp-json\/wp\/v2\/product_cat?post=33057"},{"taxonomy":"product_tag","embeddable":true,"href":"https:\/\/nordicmart.andreevmaster.com\/fi\/wp-json\/wp\/v2\/product_tag?post=33057"}],"curies":[{"name":"wp","href":"https:\/\/api.w.org\/{rel}","templated":true}]}}