{"id":33056,"date":"2026-02-27T00:19:48","date_gmt":"2026-02-27T00:19:48","guid":{"rendered":"https:\/\/nordicmart.andreevmaster.com\/product\/vasagle-3-istuttava-sohva-harmaa\/"},"modified":"2026-02-27T09:40:58","modified_gmt":"2026-02-27T09:40:58","slug":"vasagle-3-istuttava-sohva-harmaa","status":"publish","type":"product","link":"https:\/\/nordicmart.andreevmaster.com\/fi\/tuote\/vasagle-3-istuttava-sohva-harmaa\/","title":{"rendered":"VASAGLE 3-istuttava sohva, harmaa"},"content":{"rendered":"<p>VASAGLE:n suunnittelijat ovat luoneet tyylikk\u00e4it\u00e4 kylpyhuonekalusteita, joilla voit tuoda kylpyhuoneeseesi raikkaan ja rauhallisen ilmeen. Unohda kaikki huolet, lataa akkujasi ja aloita tai p\u00e4\u00e4t\u00e4 p\u00e4iv\u00e4si positiivisella mielell\u00e4. Laadukkaat materiaalit T\u00e4m\u00e4n kylpyhuonekaapin avulla voit paitsi tuoda esiin eleganssia ja tyyli\u00e4. Huonekalu on my\u00f6s kest\u00e4v\u00e4, sill\u00e4 sen runko on valmistettu tukevasta lastulevyst\u00e4. Kaksilehtiset ovet on valmistettu MDF-levyst\u00e4, mik\u00e4 antaa kylpyhuoneen kaapille vaikuttavan kiillon. Yksityiskohdat Kylpyhuoneen kaapin sis\u00e4ll\u00e4 oleva hylly on korkeuss\u00e4\u00e4dett\u00e4v\u00e4, joten voit s\u00e4ilytt\u00e4\u00e4 siin\u00e4 erikokoisia hygieniatuotteita. Lis\u00e4ksi kaatumissuoja takaa korkean turvallisuustason.Moderni kylpyhuone ansaitsee t\u00e4m\u00e4n kylpyhuonekaapin! Tuotetiedot: &#8211; V\u00e4ri: valkoinen &#8211; Materiaali: MDF (ovet), puulevy (runko) &#8211; Koko: 60 x 30 x 80 cm (P x L x K) &#8211; Paino: 18,3 kg &#8211; Maks. staattinen kantavuus: 20 kg Toimitus sis\u00e4lt\u00e4\u00e4:- 1 x kylpyhuonekaappi &#8211; 1 x lis\u00e4varustepaketti &#8211; 1 x kaatumissuoja &#8211; 1 x ohjeet (DE, EN, FR, ES, IT) VASAGLE-ohjeet: &#8211; \u00c4l\u00e4 altista tuotetta suoralle auringonvalolle. &#8211; Tuote ei saa joutua kosketuksiin suurten vesim\u00e4\u00e4rien kanssa. &#8211; K\u00e4yt\u00e4 kaatumissuojaa. &#8211; \u00c4l\u00e4 anna lasten kiivet\u00e4 tuotteen p\u00e4\u00e4lle.<\/p>\n","protected":false},"excerpt":{"rendered":"<p>VASAGLE 3-paikkainen sohva, olohuoneen sohva, samettiverhoilu, asuntoihin, pieniin tiloihin, puurunko, metallijalat, helppo koota, moderni muotoilu, 190 x 82 x 84 cm, harmaa LCS001G01<\/p>\n","protected":false},"featured_media":41999,"comment_status":"open","ping_status":"closed","template":"","meta":[],"product_brand":[],"product_cat":[32],"product_tag":[],"class_list":{"0":"post-33056","1":"product","2":"type-product","3":"status-publish","4":"has-post-thumbnail","6":"product_cat-uncategorized-fi","8":"first","9":"instock","10":"shipping-taxable","11":"purchasable","12":"product-type-simple"},"_links":{"self":[{"href":"https:\/\/nordicmart.andreevmaster.com\/fi\/wp-json\/wp\/v2\/product\/33056","targetHints":{"allow":["GET"]}}],"collection":[{"href":"https:\/\/nordicmart.andreevmaster.com\/fi\/wp-json\/wp\/v2\/product"}],"about":[{"href":"https:\/\/nordicmart.andreevmaster.com\/fi\/wp-json\/wp\/v2\/types\/product"}],"replies":[{"embeddable":true,"href":"https:\/\/nordicmart.andreevmaster.com\/fi\/wp-json\/wp\/v2\/comments?post=33056"}],"wp:featuredmedia":[{"embeddable":true,"href":"https:\/\/nordicmart.andreevmaster.com\/fi\/wp-json\/wp\/v2\/media\/41999"}],"wp:attachment":[{"href":"https:\/\/nordicmart.andreevmaster.com\/fi\/wp-json\/wp\/v2\/media?parent=33056"}],"wp:term":[{"taxonomy":"product_brand","embeddable":true,"href":"https:\/\/nordicmart.andreevmaster.com\/fi\/wp-json\/wp\/v2\/product_brand?post=33056"},{"taxonomy":"product_cat","embeddable":true,"href":"https:\/\/nordicmart.andreevmaster.com\/fi\/wp-json\/wp\/v2\/product_cat?post=33056"},{"taxonomy":"product_tag","embeddable":true,"href":"https:\/\/nordicmart.andreevmaster.com\/fi\/wp-json\/wp\/v2\/product_tag?post=33056"}],"curies":[{"name":"wp","href":"https:\/\/api.w.org\/{rel}","templated":true}]}}