{"id":33053,"date":"2026-02-27T00:19:47","date_gmt":"2026-02-27T00:19:47","guid":{"rendered":"https:\/\/nordicmart.andreevmaster.com\/product\/vasagle-seinavaatekaappi-kenganpenkkisetti-seinahylly-koukkuilla-ja-hyllylla-kenkahylly-3-tasoa\/"},"modified":"2026-02-27T09:40:58","modified_gmt":"2026-02-27T09:40:58","slug":"vasagle-seinavaatekaappi-kenganpenkkisetti-seinahylly-koukkuilla-ja-hyllylla-kenkahylly-3-tasoa","status":"publish","type":"product","link":"https:\/\/nordicmart.andreevmaster.com\/fi\/tuote\/vasagle-seinavaatekaappi-kenganpenkkisetti-seinahylly-koukkuilla-ja-hyllylla-kenkahylly-3-tasoa\/","title":{"rendered":"VASAGLE sein\u00e4vaatekaappi-keng\u00e4npenkkisetti, sein\u00e4hylly koukkuilla ja hyllyll\u00e4, kenk\u00e4hylly 3 tasoa"},"content":{"rendered":"<p>Sein\u00e4vaatekaappi-keng\u00e4npenkkisetti, sein\u00e4hylly koukkuilla ja hyllyll\u00e4, kenk\u00e4hylly 3 tasoa, eteisen s\u00e4ilytys, eteistilaan, vintage-ruskea-musta<br \/>\nTuotetiedot:<br \/>\nSein\u00e4hylly<br \/>\n&#8211; V\u00e4ri: vintage-ruskea-musta<br \/>\n&#8211; Materiaali: lastulevy, ter\u00e4s<br \/>\n&#8211; Kokonaismitat: 30 x 65 x 42 cm (S x L x K)<br \/>\n&#8211; Yl\u00e4hyllyn koko: 30 x 65 x 1,5 cm (S x L x K)<br \/>\n&#8211; Paino: 3,3 kg<br \/>\n&#8211; Hyllyn maks. staattinen kantavuus: 8,4 kg<br \/>\n&#8211; Koukun maks. staattinen kantavuus: 2,3 kg<br \/>\n&#8211; Ripustustangon maks. staattinen kantavuus: 10 kg<\/p>\n<p>Kenk\u00e4penkki<br \/>\n&#8211; V\u00e4ri: vintage-ruskea-musta<br \/>\n&#8211; Materiaali: lastulevy, ter\u00e4s<br \/>\n&#8211; Koko: 30 x 73 x 45 cm (S x L x K)<br \/>\n&#8211; Paino: 6,8 kg<br \/>\n&#8211; Pinnan maks. staattinen kantavuus: 90 kg<br \/>\n&#8211; Maks. staattinen kantavuus per ritil\u00e4hylly: 5 kg<\/p>\n<p>Toimitus sis\u00e4lt\u00e4\u00e4:<br \/>\nPaketti 1:<br \/>\n&#8211; 1 x sein\u00e4hylly<br \/>\n&#8211; 1 x lis\u00e4varustepaketti<br \/>\n&#8211; 1 x ohjeet<br \/>\nPaketti 2:<br \/>\n&#8211; 1 x kenk\u00e4penkki<br \/>\n&#8211; 1 x lis\u00e4varustepaketti<br \/>\n&#8211; 1 x ohjeet<\/p>\n<p>Huomautukset:<br \/>\n&#8211; Kiinnit\u00e4 t\u00e4m\u00e4 vaatekaappi tukevaan sein\u00e4\u00e4n. Jos haluat kiinnitt\u00e4\u00e4 sen kipsilevysein\u00e4\u00e4n, hanki ensin oikeat ruuvit rautakaupasta.<br \/>\n&#8211; Istuimen suurin staattinen kantavuus on 90 kg. \u00c4l\u00e4 ylit\u00e4 t\u00e4t\u00e4 enimm\u00e4ispainoa.<\/p>\n","protected":false},"excerpt":{"rendered":"<p>Sein\u00e4vaatekaappi-keng\u00e4npenkkisetti, sein\u00e4hylly koukkuilla ja hyllyll\u00e4, kenk\u00e4hylly 3 tasoa, eteisen s\u00e4ilytys, eteistilaan, vintage-ruskea-musta<\/p>\n","protected":false},"featured_media":41997,"comment_status":"open","ping_status":"closed","template":"","meta":[],"product_brand":[],"product_cat":[32],"product_tag":[],"class_list":{"0":"post-33053","1":"product","2":"type-product","3":"status-publish","4":"has-post-thumbnail","6":"product_cat-uncategorized-fi","8":"first","9":"instock","10":"shipping-taxable","11":"purchasable","12":"product-type-simple"},"_links":{"self":[{"href":"https:\/\/nordicmart.andreevmaster.com\/fi\/wp-json\/wp\/v2\/product\/33053","targetHints":{"allow":["GET"]}}],"collection":[{"href":"https:\/\/nordicmart.andreevmaster.com\/fi\/wp-json\/wp\/v2\/product"}],"about":[{"href":"https:\/\/nordicmart.andreevmaster.com\/fi\/wp-json\/wp\/v2\/types\/product"}],"replies":[{"embeddable":true,"href":"https:\/\/nordicmart.andreevmaster.com\/fi\/wp-json\/wp\/v2\/comments?post=33053"}],"wp:featuredmedia":[{"embeddable":true,"href":"https:\/\/nordicmart.andreevmaster.com\/fi\/wp-json\/wp\/v2\/media\/41997"}],"wp:attachment":[{"href":"https:\/\/nordicmart.andreevmaster.com\/fi\/wp-json\/wp\/v2\/media?parent=33053"}],"wp:term":[{"taxonomy":"product_brand","embeddable":true,"href":"https:\/\/nordicmart.andreevmaster.com\/fi\/wp-json\/wp\/v2\/product_brand?post=33053"},{"taxonomy":"product_cat","embeddable":true,"href":"https:\/\/nordicmart.andreevmaster.com\/fi\/wp-json\/wp\/v2\/product_cat?post=33053"},{"taxonomy":"product_tag","embeddable":true,"href":"https:\/\/nordicmart.andreevmaster.com\/fi\/wp-json\/wp\/v2\/product_tag?post=33053"}],"curies":[{"name":"wp","href":"https:\/\/api.w.org\/{rel}","templated":true}]}}