{"id":33048,"date":"2026-02-27T00:19:46","date_gmt":"2026-02-27T00:19:46","guid":{"rendered":"https:\/\/nordicmart.andreevmaster.com\/product\/vasagle-seinavaatekaappi-sailytyshyllylla-seinahylly-ripustushylly-vaatetangolla\/"},"modified":"2026-02-27T09:40:57","modified_gmt":"2026-02-27T09:40:57","slug":"vasagle-seinavaatekaappi-sailytyshyllylla-seinahylly-ripustushylly-vaatetangolla","status":"publish","type":"product","link":"https:\/\/nordicmart.andreevmaster.com\/fi\/tuote\/vasagle-seinavaatekaappi-sailytyshyllylla-seinahylly-ripustushylly-vaatetangolla\/","title":{"rendered":"VASAGLE sein\u00e4vaatekaappi s\u00e4ilytyshyllyll\u00e4, sein\u00e4hylly, ripustushylly vaatetangolla"},"content":{"rendered":"<p>Tuotetiedot: V\u00e4ri: Greige-musta Materiaali: Puulastulevy, ter\u00e4s Mitat: 80 x 30 x 27 cm (P x L x K) Paino: 3,3 kg Hyllyn enimm\u00e4iskuormitus: 15 kg Koukun enimm\u00e4iskuormitus: 3 kg Ripustustangon enimm\u00e4iskuormitus: 10 kg Toimitus sis\u00e4lt\u00e4\u00e4: 1 x sein\u00e4vaatekoukku 1 x lis\u00e4varustepaketti 1 x ohjeet (DE, EN, FR, ES, IT) VASAGLE Huomautukset: Asennukseen tarvitaan ruuvimeisseli, vesivaaka, porakone ja vasara.<\/p>\n","protected":false},"excerpt":{"rendered":"<p>VASAGLE sein\u00e4vaatekoukku hyllyll\u00e4, sein\u00e4hylly 5 irrotettavalla koukulla, sein\u00e4lle kiinnitett\u00e4v\u00e4 ripustushylly vaatetangolla, eteiseen, makuuhuoneeseen, kylpyhuoneeseen ja olohuoneeseen, vintage-ruskea-musta LCR102B01<\/p>\n","protected":false},"featured_media":41992,"comment_status":"open","ping_status":"closed","template":"","meta":[],"product_brand":[],"product_cat":[32],"product_tag":[],"class_list":{"0":"post-33048","1":"product","2":"type-product","3":"status-publish","4":"has-post-thumbnail","6":"product_cat-uncategorized-fi","8":"first","9":"instock","10":"shipping-taxable","11":"purchasable","12":"product-type-simple"},"_links":{"self":[{"href":"https:\/\/nordicmart.andreevmaster.com\/fi\/wp-json\/wp\/v2\/product\/33048","targetHints":{"allow":["GET"]}}],"collection":[{"href":"https:\/\/nordicmart.andreevmaster.com\/fi\/wp-json\/wp\/v2\/product"}],"about":[{"href":"https:\/\/nordicmart.andreevmaster.com\/fi\/wp-json\/wp\/v2\/types\/product"}],"replies":[{"embeddable":true,"href":"https:\/\/nordicmart.andreevmaster.com\/fi\/wp-json\/wp\/v2\/comments?post=33048"}],"wp:featuredmedia":[{"embeddable":true,"href":"https:\/\/nordicmart.andreevmaster.com\/fi\/wp-json\/wp\/v2\/media\/41992"}],"wp:attachment":[{"href":"https:\/\/nordicmart.andreevmaster.com\/fi\/wp-json\/wp\/v2\/media?parent=33048"}],"wp:term":[{"taxonomy":"product_brand","embeddable":true,"href":"https:\/\/nordicmart.andreevmaster.com\/fi\/wp-json\/wp\/v2\/product_brand?post=33048"},{"taxonomy":"product_cat","embeddable":true,"href":"https:\/\/nordicmart.andreevmaster.com\/fi\/wp-json\/wp\/v2\/product_cat?post=33048"},{"taxonomy":"product_tag","embeddable":true,"href":"https:\/\/nordicmart.andreevmaster.com\/fi\/wp-json\/wp\/v2\/product_tag?post=33048"}],"curies":[{"name":"wp","href":"https:\/\/api.w.org\/{rel}","templated":true}]}}