{"id":33036,"date":"2026-02-27T00:19:43","date_gmt":"2026-02-27T00:19:43","guid":{"rendered":"https:\/\/nordicmart.andreevmaster.com\/product\/vasagle-teollisuustyylinen-vaatekaappi\/"},"modified":"2026-02-27T09:40:54","modified_gmt":"2026-02-27T09:40:54","slug":"vasagle-teollisuustyylinen-vaatekaappi","status":"publish","type":"product","link":"https:\/\/nordicmart.andreevmaster.com\/fi\/tuote\/vasagle-teollisuustyylinen-vaatekaappi\/","title":{"rendered":"VASAGLE Teollisuustyylinen vaatekaappi"},"content":{"rendered":"<p>Tuotetiedot:V\u00e4ri: Vintage Materiaali: Rautakehys, puulevy Mitat: 45 x 45 x 181 cm (P x L x K) Paino: 11,8 kg Maks. kantavuus per hylly: 10 kg Toimitus sis\u00e4lt\u00e4\u00e4: 1 x vaatehylly 1 x lis\u00e4varustepussi 1 x ohjeet (DE, EN, FR, ES, IT) VASAGLE Huomautukset:Tuote on tarkoitettu k\u00e4ytett\u00e4v\u00e4ksi vain sis\u00e4tiloissa. Aseta se kuivaan ymp\u00e4rist\u00f6\u00f6n.<\/p>\n","protected":false},"excerpt":{"rendered":"<p>VASAGLE Aseta valokuvakehykset, s\u00e4ilytyskorit tai ruukkukasvit nelj\u00e4lle hyllylle. Ent\u00e4 takit ja hatut? Ripusta ne t\u00e4m\u00e4n vaatekaapin koukkuihin, t\u00e4ydellist\u00e4!<\/p>\n","protected":false},"featured_media":41980,"comment_status":"open","ping_status":"closed","template":"","meta":[],"product_brand":[],"product_cat":[32],"product_tag":[],"class_list":{"0":"post-33036","1":"product","2":"type-product","3":"status-publish","4":"has-post-thumbnail","6":"product_cat-uncategorized-fi","8":"first","9":"instock","10":"shipping-taxable","11":"purchasable","12":"product-type-simple"},"_links":{"self":[{"href":"https:\/\/nordicmart.andreevmaster.com\/fi\/wp-json\/wp\/v2\/product\/33036","targetHints":{"allow":["GET"]}}],"collection":[{"href":"https:\/\/nordicmart.andreevmaster.com\/fi\/wp-json\/wp\/v2\/product"}],"about":[{"href":"https:\/\/nordicmart.andreevmaster.com\/fi\/wp-json\/wp\/v2\/types\/product"}],"replies":[{"embeddable":true,"href":"https:\/\/nordicmart.andreevmaster.com\/fi\/wp-json\/wp\/v2\/comments?post=33036"}],"wp:featuredmedia":[{"embeddable":true,"href":"https:\/\/nordicmart.andreevmaster.com\/fi\/wp-json\/wp\/v2\/media\/41980"}],"wp:attachment":[{"href":"https:\/\/nordicmart.andreevmaster.com\/fi\/wp-json\/wp\/v2\/media?parent=33036"}],"wp:term":[{"taxonomy":"product_brand","embeddable":true,"href":"https:\/\/nordicmart.andreevmaster.com\/fi\/wp-json\/wp\/v2\/product_brand?post=33036"},{"taxonomy":"product_cat","embeddable":true,"href":"https:\/\/nordicmart.andreevmaster.com\/fi\/wp-json\/wp\/v2\/product_cat?post=33036"},{"taxonomy":"product_tag","embeddable":true,"href":"https:\/\/nordicmart.andreevmaster.com\/fi\/wp-json\/wp\/v2\/product_tag?post=33036"}],"curies":[{"name":"wp","href":"https:\/\/api.w.org\/{rel}","templated":true}]}}