{"id":33035,"date":"2026-02-27T00:19:42","date_gmt":"2026-02-27T00:19:42","guid":{"rendered":"https:\/\/nordicmart.andreevmaster.com\/product\/vasagle-seinavaatekoukku-hyllylla-ja-10-irrotettavalla-koukulla-vintage-ruskea-musta\/"},"modified":"2026-02-27T09:40:54","modified_gmt":"2026-02-27T09:40:54","slug":"vasagle-seinavaatekoukku-hyllylla-ja-10-irrotettavalla-koukulla-vintage-ruskea-musta","status":"publish","type":"product","link":"https:\/\/nordicmart.andreevmaster.com\/fi\/tuote\/vasagle-seinavaatekoukku-hyllylla-ja-10-irrotettavalla-koukulla-vintage-ruskea-musta\/","title":{"rendered":"VASAGLE sein\u00e4vaatekoukku hyllyll\u00e4 ja 10 irrotettavalla koukulla, vintage-ruskea-musta"},"content":{"rendered":"<p>VASAGLE sein\u00e4vaatekaappi, hyllyll\u00e4, sein\u00e4hylly 10 irrotettavalla koukulla, ripustushylly, sein\u00e4kiinnitys, 2 vaateripustinta, vaatetanko, eteiseen, makuuhuoneeseen, kylpyhuoneeseen, vintage-ruskea-musta LCR101B01<br \/>\nV\u00e4ri: vintage-ruskea-musta<br \/>\nMateriaali: lastulevy, ter\u00e4s<br \/>\nKoko yhteens\u00e4: 30 x 80 x 42 cm (S x L x K)<br \/>\nYl\u00e4hyllyn koko: 30 x 80 x 1,5 cm (S x L x K)<br \/>\nPaino: 4,2 kg<br \/>\nHyllyn maks. staattinen kantavuus: 20 kg<br \/>\nKoukun maks. staattinen kantavuus: 5 kg<br \/>\nRipustustangon maks. staattinen kantavuus: 15 kg<br \/>\nSuurin staattinen kokonaiskuormitus: 45 kg<\/p>\n","protected":false},"excerpt":{"rendered":"<p>VASAGLE sein\u00e4vaatekaappi, hyllyll\u00e4, sein\u00e4hylly 10 irrotettavalla koukulla, ripustushylly, sein\u00e4kiinnitys, 2 vaateripustinta, vaatetanko, eteiseen, makuuhuoneeseen, kylpyhuoneeseen, vintage-ruskea-musta LCR101B01<\/p>\n","protected":false},"featured_media":41979,"comment_status":"open","ping_status":"closed","template":"","meta":[],"product_brand":[],"product_cat":[32],"product_tag":[],"class_list":{"0":"post-33035","1":"product","2":"type-product","3":"status-publish","4":"has-post-thumbnail","6":"product_cat-uncategorized-fi","8":"first","9":"instock","10":"shipping-taxable","11":"purchasable","12":"product-type-simple"},"_links":{"self":[{"href":"https:\/\/nordicmart.andreevmaster.com\/fi\/wp-json\/wp\/v2\/product\/33035","targetHints":{"allow":["GET"]}}],"collection":[{"href":"https:\/\/nordicmart.andreevmaster.com\/fi\/wp-json\/wp\/v2\/product"}],"about":[{"href":"https:\/\/nordicmart.andreevmaster.com\/fi\/wp-json\/wp\/v2\/types\/product"}],"replies":[{"embeddable":true,"href":"https:\/\/nordicmart.andreevmaster.com\/fi\/wp-json\/wp\/v2\/comments?post=33035"}],"wp:featuredmedia":[{"embeddable":true,"href":"https:\/\/nordicmart.andreevmaster.com\/fi\/wp-json\/wp\/v2\/media\/41979"}],"wp:attachment":[{"href":"https:\/\/nordicmart.andreevmaster.com\/fi\/wp-json\/wp\/v2\/media?parent=33035"}],"wp:term":[{"taxonomy":"product_brand","embeddable":true,"href":"https:\/\/nordicmart.andreevmaster.com\/fi\/wp-json\/wp\/v2\/product_brand?post=33035"},{"taxonomy":"product_cat","embeddable":true,"href":"https:\/\/nordicmart.andreevmaster.com\/fi\/wp-json\/wp\/v2\/product_cat?post=33035"},{"taxonomy":"product_tag","embeddable":true,"href":"https:\/\/nordicmart.andreevmaster.com\/fi\/wp-json\/wp\/v2\/product_tag?post=33035"}],"curies":[{"name":"wp","href":"https:\/\/api.w.org\/{rel}","templated":true}]}}