{"id":33034,"date":"2026-02-27T00:19:42","date_gmt":"2026-02-27T00:19:42","guid":{"rendered":"https:\/\/nordicmart.andreevmaster.com\/product\/vasagle-seinateline-metallirungolla-vintage-ruskea-musta\/"},"modified":"2026-02-27T09:40:54","modified_gmt":"2026-02-27T09:40:54","slug":"vasagle-seinateline-metallirungolla-vintage-ruskea-musta","status":"publish","type":"product","link":"https:\/\/nordicmart.andreevmaster.com\/fi\/tuote\/vasagle-seinateline-metallirungolla-vintage-ruskea-musta\/","title":{"rendered":"VASAGLE sein\u00e4teline metallirungolla, vintage-ruskea-musta"},"content":{"rendered":"<p>VASAGLE sein\u00e4vaatekaappi, kenk\u00e4penkki, sein\u00e4hylly s\u00e4ilytystilalla ja 10 koukulla, 3-tasoinen kenk\u00e4hylly, s\u00e4ilytys, metallirunko, eteiseen, sis\u00e4\u00e4nk\u00e4yntialueelle, teollinen muotoilu<\/p>\n","protected":false},"excerpt":{"rendered":"<p>VASAGLE sein\u00e4vaatekaappi, kenk\u00e4penkki, sein\u00e4hylly s\u00e4ilytystilalla ja 10 koukulla, 3-tasoinen kenk\u00e4hylly, s\u00e4ilytys, metallirunko, eteiseen, sis\u00e4\u00e4nk\u00e4yntialueelle, teollinen muotoilu<\/p>\n","protected":false},"featured_media":41978,"comment_status":"open","ping_status":"closed","template":"","meta":[],"product_brand":[],"product_cat":[32],"product_tag":[],"class_list":{"0":"post-33034","1":"product","2":"type-product","3":"status-publish","4":"has-post-thumbnail","6":"product_cat-uncategorized-fi","8":"first","9":"instock","10":"shipping-taxable","11":"purchasable","12":"product-type-simple"},"_links":{"self":[{"href":"https:\/\/nordicmart.andreevmaster.com\/fi\/wp-json\/wp\/v2\/product\/33034","targetHints":{"allow":["GET"]}}],"collection":[{"href":"https:\/\/nordicmart.andreevmaster.com\/fi\/wp-json\/wp\/v2\/product"}],"about":[{"href":"https:\/\/nordicmart.andreevmaster.com\/fi\/wp-json\/wp\/v2\/types\/product"}],"replies":[{"embeddable":true,"href":"https:\/\/nordicmart.andreevmaster.com\/fi\/wp-json\/wp\/v2\/comments?post=33034"}],"wp:featuredmedia":[{"embeddable":true,"href":"https:\/\/nordicmart.andreevmaster.com\/fi\/wp-json\/wp\/v2\/media\/41978"}],"wp:attachment":[{"href":"https:\/\/nordicmart.andreevmaster.com\/fi\/wp-json\/wp\/v2\/media?parent=33034"}],"wp:term":[{"taxonomy":"product_brand","embeddable":true,"href":"https:\/\/nordicmart.andreevmaster.com\/fi\/wp-json\/wp\/v2\/product_brand?post=33034"},{"taxonomy":"product_cat","embeddable":true,"href":"https:\/\/nordicmart.andreevmaster.com\/fi\/wp-json\/wp\/v2\/product_cat?post=33034"},{"taxonomy":"product_tag","embeddable":true,"href":"https:\/\/nordicmart.andreevmaster.com\/fi\/wp-json\/wp\/v2\/product_tag?post=33034"}],"curies":[{"name":"wp","href":"https:\/\/api.w.org\/{rel}","templated":true}]}}