{"id":33033,"date":"2026-02-27T00:19:42","date_gmt":"2026-02-27T00:19:42","guid":{"rendered":"https:\/\/nordicmart.andreevmaster.com\/product\/vasagle-teollinen-design-seinavaatekoukku\/"},"modified":"2026-02-27T09:40:54","modified_gmt":"2026-02-27T09:40:54","slug":"vasagle-teollinen-design-seinavaatekoukku","status":"publish","type":"product","link":"https:\/\/nordicmart.andreevmaster.com\/fi\/tuote\/vasagle-teollinen-design-seinavaatekoukku\/","title":{"rendered":"VASAGLE Teollinen design sein\u00e4vaatekoukku"},"content":{"rendered":"<p>Hy\u00f6dynn\u00e4 sein\u00e4pinta-ala t\u00e4ysim\u00e4\u00e4r\u00e4isesti VASAGLE-sein\u00e4hylly yhdist\u00e4\u00e4 koristeellisen ulkon\u00e4\u00f6n ja k\u00e4yt\u00e4nn\u00f6llisen toimivuuden. T\u00e4m\u00e4n hyllyn avulla voit helposti kaunistaa tyhj\u00e4\u00e4 sein\u00e4\u00e4si ilman, ett\u00e4 sinun tarvitsee ostaa kalliita ja suuria koriste-esineit\u00e4. Samalla saat lis\u00e4\u00e4 tilaa laukkujen, avainten, pienten kasvien ja muiden pikkuesineiden s\u00e4ilytt\u00e4miseen. Kaikki yhdess\u00e4 paikassa 5 koukkua avainten, takkien ja hattujen ripustamiseen, ripustustangolla on sopiva paikka henkareille, hylly\u00e4 (66 x 30 cm) voit k\u00e4ytt\u00e4\u00e4 pokaalien, valokuvakehysten jne. esillepanoon. T\u00e4m\u00e4n vaatekaapin avulla voit pit\u00e4\u00e4 kaikki tavarasi j\u00e4rjestyksess\u00e4, jolloin kaaos loppuu vihdoin ja s\u00e4\u00e4st\u00e4t paljon tilaa. VASAGLE:sta l\u00f6yd\u00e4t lis\u00e4\u00e4 haluamiasi tuotteita! Tuotetiedot: &#8211; V\u00e4ri: vintage &#8211; Materiaali: lastulevy, rautakehys &#8211; Mitat: 66 x 27 x 30 cm (L x K x S) &#8211; Paino: 4 kg &#8211; Hyllyn enimm\u00e4iskuormitus: 15 kg &#8211; Koukun enimm\u00e4iskuormitus: 3 kg &#8211; Ripustustangon enimm\u00e4iskuormitus: 10 kg Toimitus sis\u00e4lt\u00e4\u00e4: &#8211; 1 x sein\u00e4vaatekaappi &#8211; 1 x lis\u00e4varustepussi &#8211; 1 x ohjeet (DE, EN, FR, ES, IT) VASAGLE-ohjeet: &#8211; Asennukseen tarvitaan ruuvimeisseli, vesivaaka, porakone ja vasara. &#8211; Asenna tuote tukevalle sein\u00e4lle. Jos haluat kiinnitt\u00e4\u00e4 sen kipsilevysein\u00e4\u00e4n, hanki ensin rautakaupasta sopivat ruuvit.<\/p>\n","protected":false},"excerpt":{"rendered":"<p>VASAGLE sein\u00e4vaatekaappi hyllyll\u00e4, sein\u00e4hylly 5 irrotettavalla koukulla, sein\u00e4lle kiinnitett\u00e4v\u00e4 ripustushylly ripustustangolla, eteiseen, makuuhuoneeseen, kylpyhuoneeseen ja olohuoneeseen, vintage LCR12BX<\/p>\n","protected":false},"featured_media":41977,"comment_status":"open","ping_status":"closed","template":"","meta":[],"product_brand":[],"product_cat":[32],"product_tag":[],"class_list":{"0":"post-33033","1":"product","2":"type-product","3":"status-publish","4":"has-post-thumbnail","6":"product_cat-uncategorized-fi","8":"first","9":"instock","10":"shipping-taxable","11":"purchasable","12":"product-type-simple"},"_links":{"self":[{"href":"https:\/\/nordicmart.andreevmaster.com\/fi\/wp-json\/wp\/v2\/product\/33033","targetHints":{"allow":["GET"]}}],"collection":[{"href":"https:\/\/nordicmart.andreevmaster.com\/fi\/wp-json\/wp\/v2\/product"}],"about":[{"href":"https:\/\/nordicmart.andreevmaster.com\/fi\/wp-json\/wp\/v2\/types\/product"}],"replies":[{"embeddable":true,"href":"https:\/\/nordicmart.andreevmaster.com\/fi\/wp-json\/wp\/v2\/comments?post=33033"}],"wp:featuredmedia":[{"embeddable":true,"href":"https:\/\/nordicmart.andreevmaster.com\/fi\/wp-json\/wp\/v2\/media\/41977"}],"wp:attachment":[{"href":"https:\/\/nordicmart.andreevmaster.com\/fi\/wp-json\/wp\/v2\/media?parent=33033"}],"wp:term":[{"taxonomy":"product_brand","embeddable":true,"href":"https:\/\/nordicmart.andreevmaster.com\/fi\/wp-json\/wp\/v2\/product_brand?post=33033"},{"taxonomy":"product_cat","embeddable":true,"href":"https:\/\/nordicmart.andreevmaster.com\/fi\/wp-json\/wp\/v2\/product_cat?post=33033"},{"taxonomy":"product_tag","embeddable":true,"href":"https:\/\/nordicmart.andreevmaster.com\/fi\/wp-json\/wp\/v2\/product_tag?post=33033"}],"curies":[{"name":"wp","href":"https:\/\/api.w.org\/{rel}","templated":true}]}}