{"id":33032,"date":"2026-02-27T00:19:42","date_gmt":"2026-02-27T00:19:42","guid":{"rendered":"https:\/\/nordicmart.andreevmaster.com\/product\/vasagle-seinavaatekoukku-5-koukulla\/"},"modified":"2026-02-27T09:40:54","modified_gmt":"2026-02-27T09:40:54","slug":"vasagle-seinavaatekoukku-5-koukulla","status":"publish","type":"product","link":"https:\/\/nordicmart.andreevmaster.com\/fi\/tuote\/vasagle-seinavaatekoukku-5-koukulla\/","title":{"rendered":"VASAGLE sein\u00e4vaatekoukku 5 koukulla"},"content":{"rendered":"<p>Eik\u00f6 sinulla ole tarpeeksi s\u00e4ilytystilaa lattialla? Sein\u00e4hylly on ihanteellinen ratkaisu sinulle! Hy\u00f6dynn\u00e4 sein\u00e4pinta-ala t\u00e4ysim\u00e4\u00e4r\u00e4isesti VASAGLE-sein\u00e4hylly yhdist\u00e4\u00e4 koristeellisen ulkon\u00e4\u00f6n ja k\u00e4yt\u00e4nn\u00f6llisen toimivuuden. T\u00e4m\u00e4n hyllyn avulla voit helposti kaunistaa tyhj\u00e4\u00e4 sein\u00e4\u00e4si ilman, ett\u00e4 sinun tarvitsee ostaa kalliita ja suuria koriste-esineit\u00e4. Samalla saat lis\u00e4\u00e4 tilaa laukkujen, avainten, pienten kasvien ja muiden pikkuesineiden s\u00e4ilytt\u00e4miseen. Kaikki yhdess\u00e4 paikassa 5 koukkua on tarkoitettu avainten, takkien ja hattujen ripustamiseen, ripustustangolla on sopiva paikka henkareille ja hylly\u00e4 (60 x 30 cm) voit k\u00e4ytt\u00e4\u00e4 pokaalien, valokuvakehysten jne. esillepanoon. T\u00e4m\u00e4n vaatekaapin avulla voit pit\u00e4\u00e4 kaikki tavarasi j\u00e4rjestyksess\u00e4, jolloin kaaos on vihdoin ohi ja s\u00e4\u00e4st\u00e4t paljon tilaa. Sopii t\u00e4ydellisesti VASAGLE-keng\u00e4hyllyihin Voit ostaa lis\u00e4ksi VASAGLE-keng\u00e4hyllyn sopivassa v\u00e4riss\u00e4 ja k\u00e4ytt\u00e4\u00e4 sit\u00e4 yhdess\u00e4 t\u00e4m\u00e4n sein\u00e4lle asennettavan vaatekaapin kanssa eteisess\u00e4, jotta kaaos poistuu ja teet hyv\u00e4n ensivaikutelman vieraille. Samalla saat paremman k\u00e4ytt\u00f6kokemuksen. SONGMICS:lt\u00e4 l\u00f6yd\u00e4t lis\u00e4\u00e4 haluamiasi tuotteita! Tuotetiedot: &#8211; V\u00e4ri: tammi &#8211; Materiaali: rautakehys, MDF-levyt &#8211; Mitat: 60 x 31,7 x 30 cm (L x K x S) &#8211; Paino: 4 kg &#8211; Hyllyn enimm\u00e4iskuormitus: 15 kg &#8211; Ripustustangon enimm\u00e4iskuormitus: 10 kg kuormituskyky koukkua kohti: 3 kg &#8211; Maks. ripustustangon kuormituskyky: 10 kg Toimitus sis\u00e4lt\u00e4\u00e4: &#8211; 1 x sein\u00e4vaatekoukku &#8211; 1 x lis\u00e4varustepussi &#8211; 1 x ohjeet (DE, EN, FR, ES, IT) VASAGLE Huomautukset:- Asennukseen tarvitaan ruuvimeisseli, vesivaaka, porakone ja vasara. &#8211; Asenna tuote tukevalle sein\u00e4lle. Jos haluat kiinnitt\u00e4\u00e4 sen kipsilevysein\u00e4\u00e4n, hanki ensin rautakaupasta sopivat ruuvit.<\/p>\n","protected":false},"excerpt":{"rendered":"<p>VASAGLE sein\u00e4hylly, 5 koukulla ja hyllyll\u00e4, teollinen muotoilu, koukkupalkki ripustustangolla, eteiseen, makuuhuoneeseen, kylpyhuoneeseen ja olohuoneeseen, vintage, musta LCR11BX<\/p>\n","protected":false},"featured_media":41976,"comment_status":"open","ping_status":"closed","template":"","meta":[],"product_brand":[],"product_cat":[32],"product_tag":[],"class_list":{"0":"post-33032","1":"product","2":"type-product","3":"status-publish","4":"has-post-thumbnail","6":"product_cat-uncategorized-fi","8":"first","9":"instock","10":"shipping-taxable","11":"purchasable","12":"product-type-simple"},"_links":{"self":[{"href":"https:\/\/nordicmart.andreevmaster.com\/fi\/wp-json\/wp\/v2\/product\/33032","targetHints":{"allow":["GET"]}}],"collection":[{"href":"https:\/\/nordicmart.andreevmaster.com\/fi\/wp-json\/wp\/v2\/product"}],"about":[{"href":"https:\/\/nordicmart.andreevmaster.com\/fi\/wp-json\/wp\/v2\/types\/product"}],"replies":[{"embeddable":true,"href":"https:\/\/nordicmart.andreevmaster.com\/fi\/wp-json\/wp\/v2\/comments?post=33032"}],"wp:featuredmedia":[{"embeddable":true,"href":"https:\/\/nordicmart.andreevmaster.com\/fi\/wp-json\/wp\/v2\/media\/41976"}],"wp:attachment":[{"href":"https:\/\/nordicmart.andreevmaster.com\/fi\/wp-json\/wp\/v2\/media?parent=33032"}],"wp:term":[{"taxonomy":"product_brand","embeddable":true,"href":"https:\/\/nordicmart.andreevmaster.com\/fi\/wp-json\/wp\/v2\/product_brand?post=33032"},{"taxonomy":"product_cat","embeddable":true,"href":"https:\/\/nordicmart.andreevmaster.com\/fi\/wp-json\/wp\/v2\/product_cat?post=33032"},{"taxonomy":"product_tag","embeddable":true,"href":"https:\/\/nordicmart.andreevmaster.com\/fi\/wp-json\/wp\/v2\/product_tag?post=33032"}],"curies":[{"name":"wp","href":"https:\/\/api.w.org\/{rel}","templated":true}]}}