{"id":33031,"date":"2026-02-27T00:19:41","date_gmt":"2026-02-27T00:19:41","guid":{"rendered":"https:\/\/nordicmart.andreevmaster.com\/product\/vasagle-teollinen-seinavaatekaappi\/"},"modified":"2026-02-27T09:40:53","modified_gmt":"2026-02-27T09:40:53","slug":"vasagle-teollinen-seinavaatekaappi","status":"publish","type":"product","link":"https:\/\/nordicmart.andreevmaster.com\/fi\/tuote\/vasagle-teollinen-seinavaatekaappi\/","title":{"rendered":"VASAGLE Teollinen sein\u00e4vaatekaappi"},"content":{"rendered":"<p>Katoaako kaunis parkettilattia erilaisista s\u00e4ilytysratkaisuista?  Kohota katseesi yl\u00f6sp\u00e4in! Hy\u00f6dynn\u00e4 vapaat sein\u00e4pinnat t\u00e4ysim\u00e4\u00e4r\u00e4isesti. Korvaa sein\u00e4maalauksesi hy\u00f6dyllisill\u00e4 ja samalla koristeellisilla huonekaluilla \u2013 kuten t\u00e4ll\u00e4 VASAGLE-sein\u00e4vaatekoukulla! Suurella hyllyll\u00e4 (60 x 30 cm), 5 koukulla ja vaatetangolla varustettu hylly tarjoaa runsaasti s\u00e4ilytystilaa lukuisille esineille, jotka kaikki on tarkoitus s\u00e4ilytt\u00e4\u00e4 siististi yhdess\u00e4 paikassa. Rakkautta j\u00e4rjestykseen K\u00e4yt\u00e4 5 koukkua avaimille, takkeille ja hattuille. Takit, paidat ja henkarit voidaan ripustaa vaatetangolle. Vintage-tyylinen hylly tarjoaa lis\u00e4ksi tilaa pokaaleille tai valokuvakehyksille. Tilaa s\u00e4\u00e4st\u00e4v\u00e4 ja silti t\u00e4ynn\u00e4 mahdollisuuksia \u2013 sano kaaokselle eteisess\u00e4 sota! \u00c4lykk\u00e4\u00e4sti yhdistetty Yhdist\u00e4 sein\u00e4hylly sopivaan VASAGLE-keng\u00e4hyllyyn. N\u00e4in voit sisustaa eteisen trendikk\u00e4\u00e4ll\u00e4 teollisella designilla. Etsi vain hakusanalla &#8221;VASAGLE&#8221;! Tuotetiedot: &#8211; V\u00e4ri: vintage &#8211; Materiaali: lastulevy, rautakehys &#8211; Koko: 60 x 30 x 32 cm (P x L x K) &#8211; Paino: 4 kg &#8211; Hyllytasojen enimm\u00e4iskuormitus: 15 kg &#8211; Koukun enimm\u00e4iskuormitus: 3 kg &#8211; Vaateripustimen enimm\u00e4iskuormitus: 10 kg vaatepultin enimm\u00e4iskuormitus: 10 kg Toimitus sis\u00e4lt\u00e4\u00e4: &#8211; 1 x sein\u00e4vaatekaappi &#8211; 1 x lis\u00e4varustepussi &#8211; 1 x ohjeet (DE, EN, IT, FR, ES) VASAGLE Huomautukset: &#8211; Asennukseen tarvitset ruuvimeisselin, vesivaa&#8217;an, akkuruuvinv\u00e4\u00e4ntimen ja vasaran. &#8211; Asenna tuote tukevalle sein\u00e4lle. Jos haluat asentaa sen kipsilevysein\u00e4lle, sinun on ensin hankittava erikoisruuvit erikoisliikkeest\u00e4.<\/p>\n","protected":false},"excerpt":{"rendered":"<p>VASAGLE sein\u00e4hylly, 5 koukulla ja hyllyll\u00e4, teollinen muotoilu, koukkupalkki ripustustangolla, eteiseen, makuuhuoneeseen, kylpyhuoneeseen ja olohuoneeseen, vintage, musta LCR11BX<\/p>\n","protected":false},"featured_media":41975,"comment_status":"open","ping_status":"closed","template":"","meta":[],"product_brand":[],"product_cat":[32],"product_tag":[],"class_list":{"0":"post-33031","1":"product","2":"type-product","3":"status-publish","4":"has-post-thumbnail","6":"product_cat-uncategorized-fi","8":"first","9":"instock","10":"shipping-taxable","11":"purchasable","12":"product-type-simple"},"_links":{"self":[{"href":"https:\/\/nordicmart.andreevmaster.com\/fi\/wp-json\/wp\/v2\/product\/33031","targetHints":{"allow":["GET"]}}],"collection":[{"href":"https:\/\/nordicmart.andreevmaster.com\/fi\/wp-json\/wp\/v2\/product"}],"about":[{"href":"https:\/\/nordicmart.andreevmaster.com\/fi\/wp-json\/wp\/v2\/types\/product"}],"replies":[{"embeddable":true,"href":"https:\/\/nordicmart.andreevmaster.com\/fi\/wp-json\/wp\/v2\/comments?post=33031"}],"wp:featuredmedia":[{"embeddable":true,"href":"https:\/\/nordicmart.andreevmaster.com\/fi\/wp-json\/wp\/v2\/media\/41975"}],"wp:attachment":[{"href":"https:\/\/nordicmart.andreevmaster.com\/fi\/wp-json\/wp\/v2\/media?parent=33031"}],"wp:term":[{"taxonomy":"product_brand","embeddable":true,"href":"https:\/\/nordicmart.andreevmaster.com\/fi\/wp-json\/wp\/v2\/product_brand?post=33031"},{"taxonomy":"product_cat","embeddable":true,"href":"https:\/\/nordicmart.andreevmaster.com\/fi\/wp-json\/wp\/v2\/product_cat?post=33031"},{"taxonomy":"product_tag","embeddable":true,"href":"https:\/\/nordicmart.andreevmaster.com\/fi\/wp-json\/wp\/v2\/product_tag?post=33031"}],"curies":[{"name":"wp","href":"https:\/\/api.w.org\/{rel}","templated":true}]}}