{"id":33030,"date":"2026-02-27T00:19:41","date_gmt":"2026-02-27T00:19:41","guid":{"rendered":"https:\/\/nordicmart.andreevmaster.com\/product\/vasagle-seinavaatekoukku-8-koukkua\/"},"modified":"2026-02-27T09:40:53","modified_gmt":"2026-02-27T09:40:53","slug":"vasagle-seinavaatekoukku-8-koukkua","status":"publish","type":"product","link":"https:\/\/nordicmart.andreevmaster.com\/fi\/tuote\/vasagle-seinavaatekoukku-8-koukkua\/","title":{"rendered":"VASAGLE sein\u00e4vaatekoukku, 8 koukkua"},"content":{"rendered":"<p>Tuotetiedot: &#8211; V\u00e4ri: vintage-ruskea-musta &#8211; Materiaali: lastulevy, ter\u00e4s &#8211; Kokonaismitat: 40 x 24 x 24 cm (P x L x K) &#8211; Paino: 1,6 kg &#8211; Yl\u00e4levyn maks. staattinen kantavuus: 15,9 kg &#8211; Koukun maks. staattinen kantavuus (paksu): 2,3 kg &#8211; Vaateripustimen maks. staattinen kantavuus: 9,1 kg Toimitus sis\u00e4lt\u00e4\u00e4: &#8211; 1 x sein\u00e4vaatekoukku &#8211; 1 x lis\u00e4varustepaketti &#8211; 1 x ohjeet<\/p>\n","protected":false},"excerpt":{"rendered":"<p>VASAGLE sein\u00e4vaatekaappi, sein\u00e4hylly, 8 irrotettavaa koukkua, sein\u00e4lle kiinnitett\u00e4v\u00e4 ripustushylly vaatetangolla, eteiseen, makuuhuoneeseen, vintage-ruskea-musta LCR103B01<\/p>\n","protected":false},"featured_media":41974,"comment_status":"open","ping_status":"closed","template":"","meta":[],"product_brand":[],"product_cat":[32],"product_tag":[],"class_list":{"0":"post-33030","1":"product","2":"type-product","3":"status-publish","4":"has-post-thumbnail","6":"product_cat-uncategorized-fi","8":"first","9":"instock","10":"shipping-taxable","11":"purchasable","12":"product-type-simple"},"_links":{"self":[{"href":"https:\/\/nordicmart.andreevmaster.com\/fi\/wp-json\/wp\/v2\/product\/33030","targetHints":{"allow":["GET"]}}],"collection":[{"href":"https:\/\/nordicmart.andreevmaster.com\/fi\/wp-json\/wp\/v2\/product"}],"about":[{"href":"https:\/\/nordicmart.andreevmaster.com\/fi\/wp-json\/wp\/v2\/types\/product"}],"replies":[{"embeddable":true,"href":"https:\/\/nordicmart.andreevmaster.com\/fi\/wp-json\/wp\/v2\/comments?post=33030"}],"wp:featuredmedia":[{"embeddable":true,"href":"https:\/\/nordicmart.andreevmaster.com\/fi\/wp-json\/wp\/v2\/media\/41974"}],"wp:attachment":[{"href":"https:\/\/nordicmart.andreevmaster.com\/fi\/wp-json\/wp\/v2\/media?parent=33030"}],"wp:term":[{"taxonomy":"product_brand","embeddable":true,"href":"https:\/\/nordicmart.andreevmaster.com\/fi\/wp-json\/wp\/v2\/product_brand?post=33030"},{"taxonomy":"product_cat","embeddable":true,"href":"https:\/\/nordicmart.andreevmaster.com\/fi\/wp-json\/wp\/v2\/product_cat?post=33030"},{"taxonomy":"product_tag","embeddable":true,"href":"https:\/\/nordicmart.andreevmaster.com\/fi\/wp-json\/wp\/v2\/product_tag?post=33030"}],"curies":[{"name":"wp","href":"https:\/\/api.w.org\/{rel}","templated":true}]}}