{"id":33026,"date":"2026-02-27T00:19:40","date_gmt":"2026-02-27T00:19:40","guid":{"rendered":"https:\/\/nordicmart.andreevmaster.com\/product\/vasagle-seinavaatekoukku-hyllylla-ja-10-koukulla-vintagevalkoinen-musta\/"},"modified":"2026-02-27T09:40:52","modified_gmt":"2026-02-27T09:40:52","slug":"vasagle-seinavaatekoukku-hyllylla-ja-10-koukulla-vintagevalkoinen-musta","status":"publish","type":"product","link":"https:\/\/nordicmart.andreevmaster.com\/fi\/tuote\/vasagle-seinavaatekoukku-hyllylla-ja-10-koukulla-vintagevalkoinen-musta\/","title":{"rendered":"VASAGLE sein\u00e4vaatekoukku hyllyll\u00e4 ja 10 koukulla, vintagevalkoinen-musta"},"content":{"rendered":"<p>VASAGLE sein\u00e4vaatekaappi, hyllyll\u00e4, sein\u00e4hylly 10 irrotettavalla koukulla, ripustushylly, sein\u00e4kiinnitys, 2 vaateripustinta, vaatetanko, eteiseen, makuuhuoneeseen, kylpyhuoneeseen, vintage-ruskea-musta LCR101B01<br \/>\nV\u00e4ri: vintagevalkoinen-musta<br \/>\nMateriaali: lastulevy, ter\u00e4s<br \/>\nKoko yhteens\u00e4: 30 x 65 x 42 cm (S x L x K)<br \/>\nYl\u00e4hyllyn koko: 30 x 65 x 1,5 cm (S x L x K)<br \/>\nPaino: 3,3 kg<br \/>\nHyllyn maks. staattinen kantavuus: 8,4 kg<br \/>\nKoukun maks. staattinen kantavuus: 2,3 kg<br \/>\nRipustustangon maks. staattinen kantavuus: 10 kg<\/p>\n","protected":false},"excerpt":{"rendered":"<p>VASAGLE sein\u00e4vaatekaappi, hyllyll\u00e4, sein\u00e4hylly 10 irrotettavalla koukulla, ripustushylly, sein\u00e4kiinnitys, 2 vaateripustinta, vaatetanko, eteiseen, makuuhuoneeseen, kylpyhuoneeseen, vintage-ruskea-musta LCR101B01<\/p>\n","protected":false},"featured_media":41970,"comment_status":"open","ping_status":"closed","template":"","meta":[],"product_brand":[],"product_cat":[32],"product_tag":[],"class_list":{"0":"post-33026","1":"product","2":"type-product","3":"status-publish","4":"has-post-thumbnail","6":"product_cat-uncategorized-fi","8":"first","9":"instock","10":"shipping-taxable","11":"purchasable","12":"product-type-simple"},"_links":{"self":[{"href":"https:\/\/nordicmart.andreevmaster.com\/fi\/wp-json\/wp\/v2\/product\/33026","targetHints":{"allow":["GET"]}}],"collection":[{"href":"https:\/\/nordicmart.andreevmaster.com\/fi\/wp-json\/wp\/v2\/product"}],"about":[{"href":"https:\/\/nordicmart.andreevmaster.com\/fi\/wp-json\/wp\/v2\/types\/product"}],"replies":[{"embeddable":true,"href":"https:\/\/nordicmart.andreevmaster.com\/fi\/wp-json\/wp\/v2\/comments?post=33026"}],"wp:featuredmedia":[{"embeddable":true,"href":"https:\/\/nordicmart.andreevmaster.com\/fi\/wp-json\/wp\/v2\/media\/41970"}],"wp:attachment":[{"href":"https:\/\/nordicmart.andreevmaster.com\/fi\/wp-json\/wp\/v2\/media?parent=33026"}],"wp:term":[{"taxonomy":"product_brand","embeddable":true,"href":"https:\/\/nordicmart.andreevmaster.com\/fi\/wp-json\/wp\/v2\/product_brand?post=33026"},{"taxonomy":"product_cat","embeddable":true,"href":"https:\/\/nordicmart.andreevmaster.com\/fi\/wp-json\/wp\/v2\/product_cat?post=33026"},{"taxonomy":"product_tag","embeddable":true,"href":"https:\/\/nordicmart.andreevmaster.com\/fi\/wp-json\/wp\/v2\/product_tag?post=33026"}],"curies":[{"name":"wp","href":"https:\/\/api.w.org\/{rel}","templated":true}]}}