{"id":33023,"date":"2026-02-27T00:19:40","date_gmt":"2026-02-27T00:19:40","guid":{"rendered":"https:\/\/nordicmart.andreevmaster.com\/product\/vasagle-seinavaatekoukku-hyllylla-teollinen-tyyli\/"},"modified":"2026-02-27T09:40:52","modified_gmt":"2026-02-27T09:40:52","slug":"vasagle-seinavaatekoukku-hyllylla-teollinen-tyyli","status":"publish","type":"product","link":"https:\/\/nordicmart.andreevmaster.com\/fi\/tuote\/vasagle-seinavaatekoukku-hyllylla-teollinen-tyyli\/","title":{"rendered":"VASAGLE sein\u00e4vaatekoukku hyllyll\u00e4, teollinen tyyli"},"content":{"rendered":"<p>Tuotetiedot: V\u00e4ri: vintage-ruskea-musta Materiaali: lastulevy, ter\u00e4s Kokonaismitat: 65 x 30 x 42 cm (P x L x K) Hyllyn mitat: 65 x 30 x 1,5 cm (P x L x K) Paino: 3,7 kg Hyllyn maks. staattinen kantavuus: 16 kg Koukun maks. staattinen kantavuus: 4 kg Vaateripustimen maks. staattinen kantavuus: 20 kg Toimitus sis\u00e4lt\u00e4\u00e4: 1 x sein\u00e4vaatekoukku 1 x lis\u00e4varustepaketti 1 x ohjeet VASAGLE Huomautukset:Asenna tuote tukevalle sein\u00e4lle. Jos haluat kiinnitt\u00e4\u00e4 sen kipsilevysein\u00e4\u00e4n, sinun on ensin hankittava erikoisruuvit erikoisliikkeest\u00e4.<\/p>\n","protected":false},"excerpt":{"rendered":"<p>VASAGLE sein\u00e4vaatekaappi, hyllyll\u00e4, sein\u00e4hylly 10 irrotettavalla koukulla, ripustushylly, sein\u00e4kiinnitys, 2 vaateripustinta, vaatetanko, eteiseen, makuuhuoneeseen, kylpyhuoneeseen, vintage-ruskea-musta LCR101B01<\/p>\n","protected":false},"featured_media":41967,"comment_status":"open","ping_status":"closed","template":"","meta":[],"product_brand":[],"product_cat":[32],"product_tag":[],"class_list":{"0":"post-33023","1":"product","2":"type-product","3":"status-publish","4":"has-post-thumbnail","6":"product_cat-uncategorized-fi","8":"first","9":"instock","10":"shipping-taxable","11":"purchasable","12":"product-type-simple"},"_links":{"self":[{"href":"https:\/\/nordicmart.andreevmaster.com\/fi\/wp-json\/wp\/v2\/product\/33023","targetHints":{"allow":["GET"]}}],"collection":[{"href":"https:\/\/nordicmart.andreevmaster.com\/fi\/wp-json\/wp\/v2\/product"}],"about":[{"href":"https:\/\/nordicmart.andreevmaster.com\/fi\/wp-json\/wp\/v2\/types\/product"}],"replies":[{"embeddable":true,"href":"https:\/\/nordicmart.andreevmaster.com\/fi\/wp-json\/wp\/v2\/comments?post=33023"}],"wp:featuredmedia":[{"embeddable":true,"href":"https:\/\/nordicmart.andreevmaster.com\/fi\/wp-json\/wp\/v2\/media\/41967"}],"wp:attachment":[{"href":"https:\/\/nordicmart.andreevmaster.com\/fi\/wp-json\/wp\/v2\/media?parent=33023"}],"wp:term":[{"taxonomy":"product_brand","embeddable":true,"href":"https:\/\/nordicmart.andreevmaster.com\/fi\/wp-json\/wp\/v2\/product_brand?post=33023"},{"taxonomy":"product_cat","embeddable":true,"href":"https:\/\/nordicmart.andreevmaster.com\/fi\/wp-json\/wp\/v2\/product_cat?post=33023"},{"taxonomy":"product_tag","embeddable":true,"href":"https:\/\/nordicmart.andreevmaster.com\/fi\/wp-json\/wp\/v2\/product_tag?post=33023"}],"curies":[{"name":"wp","href":"https:\/\/api.w.org\/{rel}","templated":true}]}}