{"id":33020,"date":"2026-02-27T00:19:39","date_gmt":"2026-02-27T00:19:39","guid":{"rendered":"https:\/\/nordicmart.andreevmaster.com\/product\/vasagle-vaatekaappi-greige-musta\/"},"modified":"2026-02-27T09:40:51","modified_gmt":"2026-02-27T09:40:51","slug":"vasagle-vaatekaappi-greige-musta","status":"publish","type":"product","link":"https:\/\/nordicmart.andreevmaster.com\/fi\/tuote\/vasagle-vaatekaappi-greige-musta\/","title":{"rendered":"VASAGLE vaatekaappi Greige-musta"},"content":{"rendered":"<p>Tuotetiedot: &#8211; V\u00e4ri: greige-musta &#8211; Materiaali: lastulevy, ter\u00e4s &#8211; Koko: 43 x 43 x 180 cm (P x L x K) &#8211; Paino: 10,6 kg &#8211; Maks. kuormituskyky hylly\u00e4 kohti: 10 kgToimitus sis\u00e4lt\u00e4\u00e4:- 1 x vaatekaappi- 1 x lis\u00e4varustepaketti- 1 x ohjeet (DE, EN, FR, ES, IT)VASAGLE-ohjeet:- Tuote on tarkoitettu k\u00e4ytett\u00e4v\u00e4ksi vain sis\u00e4tiloissa. Aseta se kuivaan ymp\u00e4rist\u00f6\u00f6n. &#8211; Hyllyjen enimm\u00e4iskuormitus on 10 kg. \u00c4l\u00e4 aseta hyllyille painavampia esineit\u00e4. &#8211; K\u00e4yt\u00e4 kaatumissuojaa.<\/p>\n","protected":false},"excerpt":{"rendered":"<p>VASAGLE Aseta valokuvakehykset, s\u00e4ilytyskorit tai ruukkukasvit nelj\u00e4lle hyllylle. Ent\u00e4 takit ja hatut? Ripusta ne t\u00e4m\u00e4n vaatekaapin koukkuihin, t\u00e4ydellist\u00e4!<\/p>\n","protected":false},"featured_media":41964,"comment_status":"open","ping_status":"closed","template":"","meta":[],"product_brand":[],"product_cat":[32],"product_tag":[],"class_list":{"0":"post-33020","1":"product","2":"type-product","3":"status-publish","4":"has-post-thumbnail","6":"product_cat-uncategorized-fi","8":"first","9":"instock","10":"shipping-taxable","11":"purchasable","12":"product-type-simple"},"_links":{"self":[{"href":"https:\/\/nordicmart.andreevmaster.com\/fi\/wp-json\/wp\/v2\/product\/33020","targetHints":{"allow":["GET"]}}],"collection":[{"href":"https:\/\/nordicmart.andreevmaster.com\/fi\/wp-json\/wp\/v2\/product"}],"about":[{"href":"https:\/\/nordicmart.andreevmaster.com\/fi\/wp-json\/wp\/v2\/types\/product"}],"replies":[{"embeddable":true,"href":"https:\/\/nordicmart.andreevmaster.com\/fi\/wp-json\/wp\/v2\/comments?post=33020"}],"wp:featuredmedia":[{"embeddable":true,"href":"https:\/\/nordicmart.andreevmaster.com\/fi\/wp-json\/wp\/v2\/media\/41964"}],"wp:attachment":[{"href":"https:\/\/nordicmart.andreevmaster.com\/fi\/wp-json\/wp\/v2\/media?parent=33020"}],"wp:term":[{"taxonomy":"product_brand","embeddable":true,"href":"https:\/\/nordicmart.andreevmaster.com\/fi\/wp-json\/wp\/v2\/product_brand?post=33020"},{"taxonomy":"product_cat","embeddable":true,"href":"https:\/\/nordicmart.andreevmaster.com\/fi\/wp-json\/wp\/v2\/product_cat?post=33020"},{"taxonomy":"product_tag","embeddable":true,"href":"https:\/\/nordicmart.andreevmaster.com\/fi\/wp-json\/wp\/v2\/product_tag?post=33020"}],"curies":[{"name":"wp","href":"https:\/\/api.w.org\/{rel}","templated":true}]}}