{"id":33019,"date":"2026-02-27T00:19:39","date_gmt":"2026-02-27T00:19:39","guid":{"rendered":"https:\/\/nordicmart.andreevmaster.com\/product\/takki-rack-kenkapenkki-set-hall-tree-kanssa-penkki-eteinen-huonekalut-monikayttoinen-dot-takki-koukut-2-tasoinen-kenkateline-teollinen-tyyli-eteiseen-eteinen-rustic-brown-2\/"},"modified":"2026-02-27T09:40:51","modified_gmt":"2026-02-27T09:40:51","slug":"takki-rack-kenkapenkki-set-hall-tree-kanssa-penkki-eteinen-huonekalut-monikayttoinen-dot-takki-koukut-2-tasoinen-kenkateline-teollinen-tyyli-eteiseen-eteinen-rustic-brown-2","status":"publish","type":"product","link":"https:\/\/nordicmart.andreevmaster.com\/fi\/tuote\/takki-rack-kenkapenkki-set-hall-tree-kanssa-penkki-eteinen-huonekalut-monikayttoinen-dot-takki-koukut-2-tasoinen-kenkateline-teollinen-tyyli-eteiseen-eteinen-rustic-brown-2\/","title":{"rendered":"Takki Rack Kenk\u00e4penkki Set, Hall Tree kanssa penkki, eteinen huonekalut, monik\u00e4ytt\u00f6inen, Dot takki koukut, 2-tasoinen kenk\u00e4teline, teollinen tyyli, eteiseen, eteinen, Rustic Brown"},"content":{"rendered":"<p>[T\u00e4ydellinen yhdistelm\u00e4] T\u00e4ss\u00e4 penkill\u00e4 varustetussa eteispuussa yhdistyv\u00e4t t\u00e4ydellisesti toiminnallisuus ja tyyli. Kaikki mit\u00e4 tarvitset ulos l\u00e4htiess\u00e4si on yhdess\u00e4 paikassa! Setti on koordinoitu ylh\u00e4\u00e4lt\u00e4 alas, joten se on helppo sovittaa yhteen!<\/p>\n<p>[5-in-1 eteispuu penkill\u00e4] Kaksikerroksisella hyllyll\u00e4 koristeille, 7 takkikoukulla laukuille ja vaatteille, 3 upotetulla magneetilla avaimille ja 2-tasoisella kenk\u00e4telineell\u00e4, t\u00e4m\u00e4 monik\u00e4ytt\u00f6inen kappale on katettu!<\/p>\n<p>[Vakaa ja tukeva] Laadukkaasta lastulevyst\u00e4 ja tukevasta ter\u00e4srakenteesta valmistettu eteispuu penkill\u00e4 on suunniteltu pitk\u00e4ik\u00e4iseen kest\u00e4vyyteen. Kenk\u00e4penkin s\u00e4\u00e4dett\u00e4v\u00e4t jalat takaavat vakauden ja est\u00e4v\u00e4t heilumisen<\/p>\n<p>[Vahva tuki] Vaatetelineess\u00e4 on 7 metallista pistem\u00e4ist\u00e4 takkikoukkua, joista kukin kest\u00e4\u00e4 jopa 5 kg, ja tarjoaa turvallisen paikan vaatteillesi ja laukuillesi. Kenk\u00e4penkki kest\u00e4\u00e4 jopa 136 kg, mik\u00e4 takaa vakaan ja turvallisen istumakokemuksen<\/p>\n<p>[T\u00e4ydellinen lis\u00e4 mihin tahansa huoneeseen] T\u00e4m\u00e4 vaateteline- ja kenk\u00e4penkkisarja sopii saumattomasti mihin tahansa tilaan, k\u00e4ytettiinp\u00e4 sit\u00e4 sitten yhdess\u00e4 tai erikseen, ja parantaa eteisen, makuuhuoneen tai olohuoneen tunnelmaa vaivattomalla tyylill\u00e4.Tekniset tiedot:<br \/>\n&#8211; V\u00e4rit: 1: Rustic Brown<br \/>\n&#8211; Materiaali: Materiaali: Lastulevy, ter\u00e4s<br \/>\n&#8211; Kenk\u00e4penkin koko: 11,8&#8243; D x 28,6&#8243; W x 17,7&#8243; H (30 x 73 x 45 cm).- Vaatetelineen koko: 4,9&#8243; D x 29,6&#8243; W x 8,7&#8243; H (12,5 x 75,1 x 22 cm).<br \/>\n&#8211; Tuotteen paino: 9,8 kg (21,6 lb).- Kenk\u00e4telineen suurin staattinen kuormitus: 136 kg (300 lb).- Kunkin vaatekoukun staattinen kuormitettavuus: 5 kg (11 lb)<br \/>\nPakkauksen sis\u00e4lt\u00f6:<br \/>\n&#8211; 1 x vaateteline-kenk\u00e4penkkisarja, 1 x lis\u00e4varustesarja, 1 x k\u00e4ytt\u00f6ohjeet.<\/p>\n","protected":false},"excerpt":{"rendered":"<p>[T\u00e4ydellinen yhdistelm\u00e4] T\u00e4ss\u00e4 penkill\u00e4 varustetussa eteispuussa yhdistyv\u00e4t t\u00e4ydellisesti toiminnallisuus ja tyyli. Kaikki mit\u00e4 tarvitset ulos l\u00e4htiess\u00e4si on yhdess\u00e4 paikassa! Setti on koordinoitu ylh\u00e4\u00e4lt\u00e4 alas, joten se on helppo sovittaa yhteen! [5-in-1 eteispuu penkill\u00e4] Kaksikerroksisella hyllyll\u00e4 koristeille, 7 takkikoukulla laukuille ja vaatteille, 3 upotetulla magneetilla avaimille ja 2-tasoisella kenk\u00e4telineell\u00e4, t\u00e4m\u00e4 monik\u00e4ytt\u00f6inen kappale on katettu! [Vakaa ja [&hellip;]<\/p>\n","protected":false},"featured_media":0,"comment_status":"open","ping_status":"closed","template":"","meta":[],"product_brand":[],"product_cat":[32],"product_tag":[],"class_list":{"0":"post-33019","1":"product","2":"type-product","3":"status-publish","5":"product_cat-uncategorized-fi","7":"first","8":"instock","9":"shipping-taxable","10":"product-type-simple"},"_links":{"self":[{"href":"https:\/\/nordicmart.andreevmaster.com\/fi\/wp-json\/wp\/v2\/product\/33019","targetHints":{"allow":["GET"]}}],"collection":[{"href":"https:\/\/nordicmart.andreevmaster.com\/fi\/wp-json\/wp\/v2\/product"}],"about":[{"href":"https:\/\/nordicmart.andreevmaster.com\/fi\/wp-json\/wp\/v2\/types\/product"}],"replies":[{"embeddable":true,"href":"https:\/\/nordicmart.andreevmaster.com\/fi\/wp-json\/wp\/v2\/comments?post=33019"}],"wp:attachment":[{"href":"https:\/\/nordicmart.andreevmaster.com\/fi\/wp-json\/wp\/v2\/media?parent=33019"}],"wp:term":[{"taxonomy":"product_brand","embeddable":true,"href":"https:\/\/nordicmart.andreevmaster.com\/fi\/wp-json\/wp\/v2\/product_brand?post=33019"},{"taxonomy":"product_cat","embeddable":true,"href":"https:\/\/nordicmart.andreevmaster.com\/fi\/wp-json\/wp\/v2\/product_cat?post=33019"},{"taxonomy":"product_tag","embeddable":true,"href":"https:\/\/nordicmart.andreevmaster.com\/fi\/wp-json\/wp\/v2\/product_tag?post=33019"}],"curies":[{"name":"wp","href":"https:\/\/api.w.org\/{rel}","templated":true}]}}