{"id":33015,"date":"2026-02-27T00:19:38","date_gmt":"2026-02-27T00:19:38","guid":{"rendered":"https:\/\/nordicmart.andreevmaster.com\/product\/songmics-seinavaatekoukku-2-kpl-hyllylla-luonnonbeige\/"},"modified":"2026-02-27T09:40:50","modified_gmt":"2026-02-27T09:40:50","slug":"songmics-seinavaatekoukku-2-kpl-hyllylla-luonnonbeige","status":"publish","type":"product","link":"https:\/\/nordicmart.andreevmaster.com\/fi\/tuote\/songmics-seinavaatekoukku-2-kpl-hyllylla-luonnonbeige\/","title":{"rendered":"SONGMICS sein\u00e4vaatekoukku, 2 kpl, hyllyll\u00e4, luonnonbeige"},"content":{"rendered":"<p>SONGMICS sein\u00e4vaatekoukku, vaatekoukku hyllyll\u00e4, sein\u00e4kiinnitys, 5 kaksinkertaista metallikoukkua, tilaa s\u00e4\u00e4st\u00e4v\u00e4, eteiseen, olohuoneeseen, makuuhuoneeseen, kunkin koukun kantavuus enint\u00e4\u00e4n 5 kg<br \/>\nV\u00e4ri: luonnonbeige<br \/>\nMateriaali: bambu, metalli<br \/>\nKoko sein\u00e4vaatekoukkua kohti: 4,8 x 70 x 7 cm (S x L x K)<br \/>\nKokonaispaino: 1,8 kg<br \/>\nKoukkujen maks. staattinen kantavuus: 5 kg<br \/>\nSuurin staattinen kantavuus sein\u00e4vaatekoukkua kohti: 25 kg<\/p>\n","protected":false},"excerpt":{"rendered":"<p>SONGMICS sein\u00e4vaatekoukku, vaatekoukku hyllyll\u00e4, sein\u00e4kiinnitys, 5 kaksinkertaista metallikoukkua, tilaa s\u00e4\u00e4st\u00e4v\u00e4, eteiseen, olohuoneeseen, makuuhuoneeseen, kunkin koukun kantavuus enint\u00e4\u00e4n 5 kg<\/p>\n","protected":false},"featured_media":41962,"comment_status":"open","ping_status":"closed","template":"","meta":[],"product_brand":[],"product_cat":[32],"product_tag":[],"class_list":{"0":"post-33015","1":"product","2":"type-product","3":"status-publish","4":"has-post-thumbnail","6":"product_cat-uncategorized-fi","8":"first","9":"instock","10":"shipping-taxable","11":"purchasable","12":"product-type-simple"},"_links":{"self":[{"href":"https:\/\/nordicmart.andreevmaster.com\/fi\/wp-json\/wp\/v2\/product\/33015","targetHints":{"allow":["GET"]}}],"collection":[{"href":"https:\/\/nordicmart.andreevmaster.com\/fi\/wp-json\/wp\/v2\/product"}],"about":[{"href":"https:\/\/nordicmart.andreevmaster.com\/fi\/wp-json\/wp\/v2\/types\/product"}],"replies":[{"embeddable":true,"href":"https:\/\/nordicmart.andreevmaster.com\/fi\/wp-json\/wp\/v2\/comments?post=33015"}],"wp:featuredmedia":[{"embeddable":true,"href":"https:\/\/nordicmart.andreevmaster.com\/fi\/wp-json\/wp\/v2\/media\/41962"}],"wp:attachment":[{"href":"https:\/\/nordicmart.andreevmaster.com\/fi\/wp-json\/wp\/v2\/media?parent=33015"}],"wp:term":[{"taxonomy":"product_brand","embeddable":true,"href":"https:\/\/nordicmart.andreevmaster.com\/fi\/wp-json\/wp\/v2\/product_brand?post=33015"},{"taxonomy":"product_cat","embeddable":true,"href":"https:\/\/nordicmart.andreevmaster.com\/fi\/wp-json\/wp\/v2\/product_cat?post=33015"},{"taxonomy":"product_tag","embeddable":true,"href":"https:\/\/nordicmart.andreevmaster.com\/fi\/wp-json\/wp\/v2\/product_tag?post=33015"}],"curies":[{"name":"wp","href":"https:\/\/api.w.org\/{rel}","templated":true}]}}