{"id":33014,"date":"2026-02-27T00:19:37","date_gmt":"2026-02-27T00:19:37","guid":{"rendered":"https:\/\/nordicmart.andreevmaster.com\/product\/songmics-vaatekoukkujen-4-kpln-sarja-munanmuotoinen-muotoilu-helmenvalkoinen\/"},"modified":"2026-02-27T09:40:50","modified_gmt":"2026-02-27T09:40:50","slug":"songmics-vaatekoukkujen-4-kpln-sarja-munanmuotoinen-muotoilu-helmenvalkoinen","status":"publish","type":"product","link":"https:\/\/nordicmart.andreevmaster.com\/fi\/tuote\/songmics-vaatekoukkujen-4-kpln-sarja-munanmuotoinen-muotoilu-helmenvalkoinen\/","title":{"rendered":"SONGMICS vaatekoukkujen 4 kpl:n sarja, munanmuotoinen muotoilu, helmenvalkoinen"},"content":{"rendered":"<p>SONGMICS HOME Vaatekoukkujen 4 kpl:n sarja, vaatekoukut, sein\u00e4, ter\u00e4s, takit, pyyhkeet, kunkin koukun kantavuus enint\u00e4\u00e4n 5 kg, munanmuotoinen muotoilu, olohuone, makuuhuone, eteinen, musta LCR039B01<br \/>\nV\u00e4ri: helmenvalkoinen<br \/>\nMateriaali: ter\u00e4s<br \/>\nKoko: 5,5 x 7,3 x 8,5 cm (S x L x K)<br \/>\nPaino per koukku: 0,4 kg<br \/>\nKoukkujen maks. staattinen kantavuus: 5 kg<\/p>\n","protected":false},"excerpt":{"rendered":"<p>SONGMICS HOME Vaatekoukkujen 4 kpl:n sarja, vaatekoukut, sein\u00e4, ter\u00e4s, takit, pyyhkeet, kunkin koukun kantavuus enint\u00e4\u00e4n 5 kg, munanmuotoinen muotoilu, olohuone, makuuhuone, eteinen, musta LCR039B01<\/p>\n","protected":false},"featured_media":41961,"comment_status":"open","ping_status":"closed","template":"","meta":[],"product_brand":[],"product_cat":[32],"product_tag":[],"class_list":{"0":"post-33014","1":"product","2":"type-product","3":"status-publish","4":"has-post-thumbnail","6":"product_cat-uncategorized-fi","8":"first","9":"instock","10":"shipping-taxable","11":"purchasable","12":"product-type-simple"},"_links":{"self":[{"href":"https:\/\/nordicmart.andreevmaster.com\/fi\/wp-json\/wp\/v2\/product\/33014","targetHints":{"allow":["GET"]}}],"collection":[{"href":"https:\/\/nordicmart.andreevmaster.com\/fi\/wp-json\/wp\/v2\/product"}],"about":[{"href":"https:\/\/nordicmart.andreevmaster.com\/fi\/wp-json\/wp\/v2\/types\/product"}],"replies":[{"embeddable":true,"href":"https:\/\/nordicmart.andreevmaster.com\/fi\/wp-json\/wp\/v2\/comments?post=33014"}],"wp:featuredmedia":[{"embeddable":true,"href":"https:\/\/nordicmart.andreevmaster.com\/fi\/wp-json\/wp\/v2\/media\/41961"}],"wp:attachment":[{"href":"https:\/\/nordicmart.andreevmaster.com\/fi\/wp-json\/wp\/v2\/media?parent=33014"}],"wp:term":[{"taxonomy":"product_brand","embeddable":true,"href":"https:\/\/nordicmart.andreevmaster.com\/fi\/wp-json\/wp\/v2\/product_brand?post=33014"},{"taxonomy":"product_cat","embeddable":true,"href":"https:\/\/nordicmart.andreevmaster.com\/fi\/wp-json\/wp\/v2\/product_cat?post=33014"},{"taxonomy":"product_tag","embeddable":true,"href":"https:\/\/nordicmart.andreevmaster.com\/fi\/wp-json\/wp\/v2\/product_tag?post=33014"}],"curies":[{"name":"wp","href":"https:\/\/api.w.org\/{rel}","templated":true}]}}