{"id":33012,"date":"2026-02-27T00:19:37","date_gmt":"2026-02-27T00:19:37","guid":{"rendered":"https:\/\/nordicmart.andreevmaster.com\/product\/vasagle-teollisuustyylinen-seinahylly-2-kpl\/"},"modified":"2026-02-27T09:40:50","modified_gmt":"2026-02-27T09:40:50","slug":"vasagle-teollisuustyylinen-seinahylly-2-kpl","status":"publish","type":"product","link":"https:\/\/nordicmart.andreevmaster.com\/fi\/tuote\/vasagle-teollisuustyylinen-seinahylly-2-kpl\/","title":{"rendered":"VASAGLE Teollisuustyylinen sein\u00e4hylly, 2 kpl"},"content":{"rendered":"<p>Eik\u00f6 sinulla ole tarpeeksi s\u00e4ilytystilaa lattialla? Sein\u00e4hylly on ihanteellinen ratkaisu sinulle! Hy\u00f6dynn\u00e4 sein\u00e4pinta-ala t\u00e4ysim\u00e4\u00e4r\u00e4isesti. Kelluva hylly yhdist\u00e4\u00e4 koristeellisen ulkon\u00e4\u00f6n ja k\u00e4yt\u00e4nn\u00f6llisen toimivuuden. N\u00e4iden kahden hyllyn avulla voit helposti kaunistaa tyhj\u00e4\u00e4 sein\u00e4\u00e4si ilman, ett\u00e4 sinun tarvitsee ostaa kalliita ja suuria koriste-esineit\u00e4. Samalla saat lis\u00e4\u00e4 tilaa kuvakehyksille, kirjoille, pienille kasveille ja jopa maustepurkeille keitti\u00f6ss\u00e4. DIY-idea N\u00e4it\u00e4 2 sein\u00e4hylly\u00e4 voidaan k\u00e4ytt\u00e4\u00e4 erikseen tai yhdess\u00e4 tarpeen mukaan. Voit asentaa ne kylpyhuoneeseen hammasharjojen ja meikkien s\u00e4ilytt\u00e4mist\u00e4 varten tai olohuoneeseen pokaalien ja pienten koriste-esineiden esillepanoa varten. Lis\u00e4ksi voit yhdistell\u00e4 2 hylly\u00e4 joustavasti sein\u00e4lle ja saada erilaisia muotoja. Tuote vakuuttaa monipuolisilla k\u00e4ytt\u00f6mahdollisuuksillaan ja suurella joustavuudellaan.  Osta nyt VASAGLE-sein\u00e4hyllyset ja kaunista kotisi! Tuotetiedot: &#8211; V\u00e4ri: musta, rustiikki &#8211; Materiaali: rautakiinnike, MDF-levyt &#8211; Mitat: 60 x 32 x 20 cm (L x K x S) &#8211; Paino: 4,4 kg &#8211; Hyllyn enimm\u00e4iskuormitus: 15 kg Toimitus sis\u00e4lt\u00e4\u00e4: &#8211; 2 x sein\u00e4hylly &#8211; 1 x lis\u00e4varustepussi &#8211; 1 x ohjeet (DE, EN, FR, ES, IT) VASAGLE Huomautukset: &#8211; Asennukseen tarvitaan ruuvimeisseli, vesivaaka, porakone ja vasara. &#8211; Asenna tuote tukevalle sein\u00e4lle. Jos haluat kiinnitt\u00e4\u00e4 sen kipsilevysein\u00e4\u00e4n, hanki ensin rautakaupasta sopivat ruuvit.<\/p>\n","protected":false},"excerpt":{"rendered":"<p>VASAGLE Teollinen design, 2 kpl sein\u00e4hylly, suuri kelluva hylly, vakaa ripustettava hylly, sein\u00e4hylly olohuoneeseen, makuuhuoneeseen, eteiseen, 60 x 32 x 20 cm (L x K x S) Vintage LCR01BX<\/p>\n","protected":false},"featured_media":41959,"comment_status":"open","ping_status":"closed","template":"","meta":[],"product_brand":[],"product_cat":[32],"product_tag":[],"class_list":{"0":"post-33012","1":"product","2":"type-product","3":"status-publish","4":"has-post-thumbnail","6":"product_cat-uncategorized-fi","8":"first","9":"instock","10":"shipping-taxable","11":"purchasable","12":"product-type-simple"},"_links":{"self":[{"href":"https:\/\/nordicmart.andreevmaster.com\/fi\/wp-json\/wp\/v2\/product\/33012","targetHints":{"allow":["GET"]}}],"collection":[{"href":"https:\/\/nordicmart.andreevmaster.com\/fi\/wp-json\/wp\/v2\/product"}],"about":[{"href":"https:\/\/nordicmart.andreevmaster.com\/fi\/wp-json\/wp\/v2\/types\/product"}],"replies":[{"embeddable":true,"href":"https:\/\/nordicmart.andreevmaster.com\/fi\/wp-json\/wp\/v2\/comments?post=33012"}],"wp:featuredmedia":[{"embeddable":true,"href":"https:\/\/nordicmart.andreevmaster.com\/fi\/wp-json\/wp\/v2\/media\/41959"}],"wp:attachment":[{"href":"https:\/\/nordicmart.andreevmaster.com\/fi\/wp-json\/wp\/v2\/media?parent=33012"}],"wp:term":[{"taxonomy":"product_brand","embeddable":true,"href":"https:\/\/nordicmart.andreevmaster.com\/fi\/wp-json\/wp\/v2\/product_brand?post=33012"},{"taxonomy":"product_cat","embeddable":true,"href":"https:\/\/nordicmart.andreevmaster.com\/fi\/wp-json\/wp\/v2\/product_cat?post=33012"},{"taxonomy":"product_tag","embeddable":true,"href":"https:\/\/nordicmart.andreevmaster.com\/fi\/wp-json\/wp\/v2\/product_tag?post=33012"}],"curies":[{"name":"wp","href":"https:\/\/api.w.org\/{rel}","templated":true}]}}