{"id":33011,"date":"2026-02-27T00:19:37","date_gmt":"2026-02-27T00:19:37","guid":{"rendered":"https:\/\/nordicmart.andreevmaster.com\/product\/vasagle-seinavaatekoukku-5-koukkua-kullankeltainen-pilvinen-valkoinen\/"},"modified":"2026-02-27T09:40:50","modified_gmt":"2026-02-27T09:40:50","slug":"vasagle-seinavaatekoukku-5-koukkua-kullankeltainen-pilvinen-valkoinen","status":"publish","type":"product","link":"https:\/\/nordicmart.andreevmaster.com\/fi\/tuote\/vasagle-seinavaatekoukku-5-koukkua-kullankeltainen-pilvinen-valkoinen\/","title":{"rendered":"VASAGLE sein\u00e4vaatekoukku, 5 koukkua, kullankeltainen-pilvinen valkoinen"},"content":{"rendered":"<p>VASAGLE sein\u00e4vaatekaappi hyllyll\u00e4, sein\u00e4hylly 5 irrotettavalla koukulla, sein\u00e4lle asennettava ripustushylly ripustustangolla, eteiseen, makuuhuoneeseen, kylpyhuoneeseen ja olohuoneeseen, greige-musta LCR012B02<br \/>\nV\u00e4ri: kultainen tammi-pilvinen valkoinen<br \/>\nMateriaali: lastulevy, ter\u00e4s<br \/>\nMitat: 30 x 66 x 27 cm (S x L x K)<br \/>\nPaino: 3,6 kg<br \/>\nHyllyn maks. staattinen kantavuus: 15 kg<br \/>\nRipustustangon maks. staattinen kantavuus: 10 kg<br \/>\nKoukun maks. staattinen kantavuus: 2,3 kg<\/p>\n","protected":false},"excerpt":{"rendered":"<p>VASAGLE sein\u00e4vaatekaappi hyllyll\u00e4, sein\u00e4hylly 5 irrotettavalla koukulla, sein\u00e4lle asennettava ripustushylly ripustustangolla, eteiseen, makuuhuoneeseen, kylpyhuoneeseen ja olohuoneeseen, greige-musta LCR012B02<\/p>\n","protected":false},"featured_media":0,"comment_status":"open","ping_status":"closed","template":"","meta":[],"product_brand":[],"product_cat":[32],"product_tag":[],"class_list":{"0":"post-33011","1":"product","2":"type-product","3":"status-publish","5":"product_cat-uncategorized-fi","7":"first","8":"instock","9":"shipping-taxable","10":"purchasable","11":"product-type-simple"},"_links":{"self":[{"href":"https:\/\/nordicmart.andreevmaster.com\/fi\/wp-json\/wp\/v2\/product\/33011","targetHints":{"allow":["GET"]}}],"collection":[{"href":"https:\/\/nordicmart.andreevmaster.com\/fi\/wp-json\/wp\/v2\/product"}],"about":[{"href":"https:\/\/nordicmart.andreevmaster.com\/fi\/wp-json\/wp\/v2\/types\/product"}],"replies":[{"embeddable":true,"href":"https:\/\/nordicmart.andreevmaster.com\/fi\/wp-json\/wp\/v2\/comments?post=33011"}],"wp:attachment":[{"href":"https:\/\/nordicmart.andreevmaster.com\/fi\/wp-json\/wp\/v2\/media?parent=33011"}],"wp:term":[{"taxonomy":"product_brand","embeddable":true,"href":"https:\/\/nordicmart.andreevmaster.com\/fi\/wp-json\/wp\/v2\/product_brand?post=33011"},{"taxonomy":"product_cat","embeddable":true,"href":"https:\/\/nordicmart.andreevmaster.com\/fi\/wp-json\/wp\/v2\/product_cat?post=33011"},{"taxonomy":"product_tag","embeddable":true,"href":"https:\/\/nordicmart.andreevmaster.com\/fi\/wp-json\/wp\/v2\/product_tag?post=33011"}],"curies":[{"name":"wp","href":"https:\/\/api.w.org\/{rel}","templated":true}]}}