{"id":33008,"date":"2026-02-27T00:19:36","date_gmt":"2026-02-27T00:19:36","guid":{"rendered":"https:\/\/nordicmart.andreevmaster.com\/product\/vasagle-seinavaatekoukku-hyllylla-pahkinanruskea-musta\/"},"modified":"2026-02-27T09:40:49","modified_gmt":"2026-02-27T09:40:49","slug":"vasagle-seinavaatekoukku-hyllylla-pahkinanruskea-musta","status":"publish","type":"product","link":"https:\/\/nordicmart.andreevmaster.com\/fi\/tuote\/vasagle-seinavaatekoukku-hyllylla-pahkinanruskea-musta\/","title":{"rendered":"VASAGLE sein\u00e4vaatekoukku hyllyll\u00e4, p\u00e4hkin\u00e4nruskea-musta"},"content":{"rendered":"<p>Tuotetiedot: &#8211; V\u00e4ri: P\u00e4hkin\u00e4nruskea-musta &#8211; Materiaali: lastulevy, ter\u00e4s &#8211; Mitat: 66 x 30 x 27 cm (P x L x K) &#8211; Paino: 3,3 kg &#8211; Hyllyn maks. staattinen kantavuus: 15 kg &#8211; Koukun maks. staattinen kantavuus: 3 kg &#8211; Ripustustangon maks. staattinen kantavuus: 10 kg Toimitus sis\u00e4lt\u00e4\u00e4:- 1 x sein\u00e4vaatekoukku &#8211; 1 x lis\u00e4varustepaketti &#8211; 1 x ohjeet (DE, EN, FR, ES, IT) VASAGLE Huomautukset:- Asennukseen tarvitaan ruuvimeisseli, vesivaaka, porakone ja vasara. &#8211; Asenna tuote tukevalle sein\u00e4lle. Jos haluat kiinnitt\u00e4\u00e4 sen kipsilevysein\u00e4\u00e4n, hanki ensin rautakaupasta sopivat ruuvit.<\/p>\n","protected":false},"excerpt":{"rendered":"<p>VASAGLE sein\u00e4vaatekaappi hyllyll\u00e4, sein\u00e4hylly 5 irrotettavalla koukulla, sein\u00e4lle asennettava ripustushylly ripustustangolla, eteiseen, makuuhuoneeseen, kylpyhuoneeseen ja olohuoneeseen, greige-musta LCR012B02<\/p>\n","protected":false},"featured_media":41956,"comment_status":"open","ping_status":"closed","template":"","meta":[],"product_brand":[],"product_cat":[32],"product_tag":[],"class_list":{"0":"post-33008","1":"product","2":"type-product","3":"status-publish","4":"has-post-thumbnail","6":"product_cat-uncategorized-fi","8":"first","9":"instock","10":"shipping-taxable","11":"purchasable","12":"product-type-simple"},"_links":{"self":[{"href":"https:\/\/nordicmart.andreevmaster.com\/fi\/wp-json\/wp\/v2\/product\/33008","targetHints":{"allow":["GET"]}}],"collection":[{"href":"https:\/\/nordicmart.andreevmaster.com\/fi\/wp-json\/wp\/v2\/product"}],"about":[{"href":"https:\/\/nordicmart.andreevmaster.com\/fi\/wp-json\/wp\/v2\/types\/product"}],"replies":[{"embeddable":true,"href":"https:\/\/nordicmart.andreevmaster.com\/fi\/wp-json\/wp\/v2\/comments?post=33008"}],"wp:featuredmedia":[{"embeddable":true,"href":"https:\/\/nordicmart.andreevmaster.com\/fi\/wp-json\/wp\/v2\/media\/41956"}],"wp:attachment":[{"href":"https:\/\/nordicmart.andreevmaster.com\/fi\/wp-json\/wp\/v2\/media?parent=33008"}],"wp:term":[{"taxonomy":"product_brand","embeddable":true,"href":"https:\/\/nordicmart.andreevmaster.com\/fi\/wp-json\/wp\/v2\/product_brand?post=33008"},{"taxonomy":"product_cat","embeddable":true,"href":"https:\/\/nordicmart.andreevmaster.com\/fi\/wp-json\/wp\/v2\/product_cat?post=33008"},{"taxonomy":"product_tag","embeddable":true,"href":"https:\/\/nordicmart.andreevmaster.com\/fi\/wp-json\/wp\/v2\/product_tag?post=33008"}],"curies":[{"name":"wp","href":"https:\/\/api.w.org\/{rel}","templated":true}]}}