{"id":33005,"date":"2026-02-27T00:19:35","date_gmt":"2026-02-27T00:19:35","guid":{"rendered":"https:\/\/nordicmart.andreevmaster.com\/product\/vasagle-seinakiinnitteinen-vaateteline-vaateteline-lcr006n01-2\/"},"modified":"2026-02-27T09:40:49","modified_gmt":"2026-02-27T09:40:49","slug":"vasagle-seinakiinnitteinen-vaateteline-vaateteline-lcr006n01-2","status":"publish","type":"product","link":"https:\/\/nordicmart.andreevmaster.com\/fi\/tuote\/vasagle-seinakiinnitteinen-vaateteline-vaateteline-lcr006n01-2\/","title":{"rendered":"VASAGLE Sein\u00e4kiinnitteinen vaateteline, vaateteline, LCR006N01"},"content":{"rendered":"<p>K\u00c4YT\u00c4NN\u00d6LLINEN KAKSI KOUKKUASein\u00e4\u00e4n kiinnitett\u00e4v\u00e4ss\u00e4 takkitelineess\u00e4 on 4 kaksinkertaista koukkua, joissa on sile\u00e4 pinta. Voit ripustaa tavarasi niihin siististi ja turvallisesti, mik\u00e4 edist\u00e4\u00e4 miellytt\u00e4v\u00e4\u00e4 vaikutelmaa.LUOTETTAVA RAKENNE Luonnollisesta bambusta ja kest\u00e4v\u00e4st\u00e4 metallista valmistettu takinoteline lupaa kest\u00e4v\u00e4\u00e4 lujuutta. Jokainen kaksoiskoukku kest\u00e4\u00e4 jopa 4 kg, joten vaatekaappiin mahtuu jopa 16 kg. Raskaita takkeja ja asusteita? Ei ongelmaa!<\/p>\n<p>Houkutteleva hylly: T\u00e4m\u00e4n vaatetelineen yl\u00e4hylly sopii erinomaisesti kuvakehysten, hajuvesien tai korujen sijoittamiseen. Korotettu reuna takaa, ett\u00e4 tavarat pysyv\u00e4t varmasti paikoillaan.MONIPUOLINEN JA TYYLIK\u00c4ST\u00e4m\u00e4 sein\u00e4vaateteline voidaan helposti integroida sis\u00e4\u00e4ntulotilaan, olohuoneeseen tai makuuhuoneeseen. Sen luonnollinen beige v\u00e4ri sulautuu saumattomasti erilaisiin sisustustyyleihin ja tekee jokaisesta huoneesta viihtyis\u00e4n.Helppo asentaa: t\u00e4m\u00e4 sein\u00e4hylly on helppo asentaa hyvin merkittyjen osien ja selkeiden ohjeiden ansiosta (englanninkielinen ei d). Voit siis p\u00e4ivitt\u00e4\u00e4 kotisi k\u00e4yt\u00e4nn\u00f6llisell\u00e4 ja tyylikk\u00e4\u00e4ll\u00e4 s\u00e4ilytysratkaisulla<\/p>\n","protected":false},"excerpt":{"rendered":"<p>K\u00c4YT\u00c4NN\u00d6LLINEN KAKSI KOUKKUASein\u00e4\u00e4n kiinnitett\u00e4v\u00e4ss\u00e4 takkitelineess\u00e4 on 4 kaksinkertaista koukkua, joissa on sile\u00e4 pinta. Voit ripustaa tavarasi niihin siististi ja turvallisesti, mik\u00e4 edist\u00e4\u00e4 miellytt\u00e4v\u00e4\u00e4 vaikutelmaa.LUOTETTAVA RAKENNE Luonnollisesta bambusta ja kest\u00e4v\u00e4st\u00e4 metallista valmistettu takinoteline lupaa kest\u00e4v\u00e4\u00e4 lujuutta. Jokainen kaksoiskoukku kest\u00e4\u00e4 jopa 4 kg, joten vaatekaappiin mahtuu jopa 16 kg. Raskaita takkeja ja asusteita? Ei ongelmaa! Houkutteleva hylly: [&hellip;]<\/p>\n","protected":false},"featured_media":0,"comment_status":"open","ping_status":"closed","template":"","meta":[],"product_brand":[],"product_cat":[32],"product_tag":[],"class_list":{"0":"post-33005","1":"product","2":"type-product","3":"status-publish","5":"product_cat-uncategorized-fi","7":"first","8":"instock","9":"shipping-taxable","10":"product-type-simple"},"_links":{"self":[{"href":"https:\/\/nordicmart.andreevmaster.com\/fi\/wp-json\/wp\/v2\/product\/33005","targetHints":{"allow":["GET"]}}],"collection":[{"href":"https:\/\/nordicmart.andreevmaster.com\/fi\/wp-json\/wp\/v2\/product"}],"about":[{"href":"https:\/\/nordicmart.andreevmaster.com\/fi\/wp-json\/wp\/v2\/types\/product"}],"replies":[{"embeddable":true,"href":"https:\/\/nordicmart.andreevmaster.com\/fi\/wp-json\/wp\/v2\/comments?post=33005"}],"wp:attachment":[{"href":"https:\/\/nordicmart.andreevmaster.com\/fi\/wp-json\/wp\/v2\/media?parent=33005"}],"wp:term":[{"taxonomy":"product_brand","embeddable":true,"href":"https:\/\/nordicmart.andreevmaster.com\/fi\/wp-json\/wp\/v2\/product_brand?post=33005"},{"taxonomy":"product_cat","embeddable":true,"href":"https:\/\/nordicmart.andreevmaster.com\/fi\/wp-json\/wp\/v2\/product_cat?post=33005"},{"taxonomy":"product_tag","embeddable":true,"href":"https:\/\/nordicmart.andreevmaster.com\/fi\/wp-json\/wp\/v2\/product_tag?post=33005"}],"curies":[{"name":"wp","href":"https:\/\/api.w.org\/{rel}","templated":true}]}}