{"id":33002,"date":"2026-02-27T00:19:35","date_gmt":"2026-02-27T00:19:35","guid":{"rendered":"https:\/\/nordicmart.andreevmaster.com\/product\/songmics-kenkapenkki-ja-seinavaatekoukku-bambusta-pilvinen-valkoinen\/"},"modified":"2026-02-27T09:40:48","modified_gmt":"2026-02-27T09:40:48","slug":"songmics-kenkapenkki-ja-seinavaatekoukku-bambusta-pilvinen-valkoinen","status":"publish","type":"product","link":"https:\/\/nordicmart.andreevmaster.com\/fi\/tuote\/songmics-kenkapenkki-ja-seinavaatekoukku-bambusta-pilvinen-valkoinen\/","title":{"rendered":"SONGMICS kenk\u00e4penkki ja sein\u00e4vaatekoukku, bambusta, pilvinen valkoinen"},"content":{"rendered":"<p>SONGMICS kenk\u00e4penkki sein\u00e4vaatekaappi-setti, kenk\u00e4hylly istuimella, monik\u00e4ytt\u00f6inen, 5 kaksinkertaista metallikoukkua, 3-tasoinen bambusta valmistettu kenk\u00e4penkki, eteiseen, makuuhuoneeseen tai olohuoneeseen<br \/>\nV\u00e4ri: pilvinen valkoinen<br \/>\nMateriaali: bambu, metalli<br \/>\nKenk\u00e4penkin koko: 28,7 x 70,1 x 45,3 cm (S x L x K)<br \/>\nSein\u00e4vaatekaapin koko: 4,8 x 70 x 7 cm (S x L x K)<br \/>\nPaino: 4,7 kg<br \/>\nKenk\u00e4penkin maks. staattinen kantavuus: 136 kg<br \/>\nKoukkujen maks. staattinen kantavuus: 5 kg<\/p>\n","protected":false},"excerpt":{"rendered":"<p>SONGMICS kenk\u00e4penkki sein\u00e4vaatekaappi-setti, kenk\u00e4hylly istuimella, monik\u00e4ytt\u00f6inen, 5 kaksinkertaista metallikoukkua, 3-tasoinen bambusta valmistettu kenk\u00e4penkki, eteiseen, makuuhuoneeseen tai olohuoneeseen<\/p>\n","protected":false},"featured_media":41953,"comment_status":"open","ping_status":"closed","template":"","meta":[],"product_brand":[],"product_cat":[32],"product_tag":[],"class_list":{"0":"post-33002","1":"product","2":"type-product","3":"status-publish","4":"has-post-thumbnail","6":"product_cat-uncategorized-fi","8":"first","9":"instock","10":"shipping-taxable","11":"purchasable","12":"product-type-simple"},"_links":{"self":[{"href":"https:\/\/nordicmart.andreevmaster.com\/fi\/wp-json\/wp\/v2\/product\/33002","targetHints":{"allow":["GET"]}}],"collection":[{"href":"https:\/\/nordicmart.andreevmaster.com\/fi\/wp-json\/wp\/v2\/product"}],"about":[{"href":"https:\/\/nordicmart.andreevmaster.com\/fi\/wp-json\/wp\/v2\/types\/product"}],"replies":[{"embeddable":true,"href":"https:\/\/nordicmart.andreevmaster.com\/fi\/wp-json\/wp\/v2\/comments?post=33002"}],"wp:featuredmedia":[{"embeddable":true,"href":"https:\/\/nordicmart.andreevmaster.com\/fi\/wp-json\/wp\/v2\/media\/41953"}],"wp:attachment":[{"href":"https:\/\/nordicmart.andreevmaster.com\/fi\/wp-json\/wp\/v2\/media?parent=33002"}],"wp:term":[{"taxonomy":"product_brand","embeddable":true,"href":"https:\/\/nordicmart.andreevmaster.com\/fi\/wp-json\/wp\/v2\/product_brand?post=33002"},{"taxonomy":"product_cat","embeddable":true,"href":"https:\/\/nordicmart.andreevmaster.com\/fi\/wp-json\/wp\/v2\/product_cat?post=33002"},{"taxonomy":"product_tag","embeddable":true,"href":"https:\/\/nordicmart.andreevmaster.com\/fi\/wp-json\/wp\/v2\/product_tag?post=33002"}],"curies":[{"name":"wp","href":"https:\/\/api.w.org\/{rel}","templated":true}]}}