{"id":33000,"date":"2026-02-27T00:19:34","date_gmt":"2026-02-27T00:19:34","guid":{"rendered":"https:\/\/nordicmart.andreevmaster.com\/product\/vasagle-kirjoituspoyta-pyorilla-valkoinen\/"},"modified":"2026-02-27T09:40:48","modified_gmt":"2026-02-27T09:40:48","slug":"vasagle-kirjoituspoyta-pyorilla-valkoinen","status":"publish","type":"product","link":"https:\/\/nordicmart.andreevmaster.com\/fi\/tuote\/vasagle-kirjoituspoyta-pyorilla-valkoinen\/","title":{"rendered":"VASAGLE-kirjoitusp\u00f6yt\u00e4 py\u00f6rill\u00e4, valkoinen"},"content":{"rendered":"<p>VASAGLE-tietokonep\u00f6yt\u00e4 on sek\u00e4 tyylik\u00e4s ett\u00e4 k\u00e4yt\u00e4nn\u00f6llinen.  Selke\u00e4t ja tyylikk\u00e4\u00e4t linjat luovat eksklusiivisen ilmeen. P\u00f6yd\u00e4ss\u00e4 on suuri ty\u00f6taso. Asiakirjat ja kansiot voidaan s\u00e4ilytt\u00e4\u00e4 alhaalla olevissa avoimissa hyllyiss\u00e4, josta ne ovat aina k\u00e4den ulottuvilla. N\u00e4pp\u00e4imist\u00f6teline ja nelj\u00e4 k\u00e4\u00e4ntyv\u00e4\u00e4 py\u00f6r\u00e4\u00e4 tekev\u00e4t p\u00f6yd\u00e4st\u00e4 eritt\u00e4in k\u00e4yt\u00e4nn\u00f6llisen, ja sit\u00e4 voi liikutella vapaasti. Helppohoitoinen \u2013 k\u00e4yt\u00e4 hoitoon mieluiten pehme\u00e4\u00e4, nukkaamatonta liinaa tai nahkakangasta.  Huomautukset: 1. Asennuksen suorittajien on oltava aikuisia. Asennuksessa  on oltava k\u00e4rsiv\u00e4llinen. 2. Asennuksen helpottamiseksi on suositeltavaa k\u00e4ytt\u00e4\u00e4 s\u00e4hk\u00f6ruuvinv\u00e4\u00e4nnint\u00e4 (ei sis\u00e4lly toimitukseen). 3. Kaikki puulevyt ja ruuvit on numeroitu. Ennen asennusta selvit\u00e4 ohjeiden mukaisesti, mitk\u00e4 osat kuuluvat mihinkin.  4. Asennuksessa on noudatettava tarkasti ohjeita, jotta levyj\u00e4 ei sekoiteta kesken\u00e4\u00e4n. 5. Jokaisesta ruuvityypist\u00e4 toimitetaan yksi vararuuvi.  Tuotetiedot: Materiaali: lastulevy (PB) + melamiinipinnoite Mitat: 80 x 76 x 48 cm (L x K x S) Lastulevyn paksuus: 15 mm Nettopaino: 20,5 kg V\u00e4ri: musta; valkoinen Toimitus sis\u00e4lt\u00e4\u00e4: 1 x tietokonep\u00f6yt\u00e4 1 x metalliosien sarja 1 x ohjeet (DE, UK, FR, IT, ES)<\/p>\n","protected":false},"excerpt":{"rendered":"<p>VASAGLE tietokonep\u00f6yt\u00e4, ty\u00f6p\u00f6yt\u00e4 py\u00f6rill\u00e4, PC-p\u00f6yt\u00e4 hyllyill\u00e4 ja n\u00e4pp\u00e4imist\u00f6telineell\u00e4, kompakti toimistop\u00f6yt\u00e4, helppo asentaa, valkoinen LCD858W<\/p>\n","protected":false},"featured_media":41951,"comment_status":"open","ping_status":"closed","template":"","meta":[],"product_brand":[],"product_cat":[32],"product_tag":[],"class_list":{"0":"post-33000","1":"product","2":"type-product","3":"status-publish","4":"has-post-thumbnail","6":"product_cat-uncategorized-fi","8":"first","9":"instock","10":"shipping-taxable","11":"purchasable","12":"product-type-simple"},"_links":{"self":[{"href":"https:\/\/nordicmart.andreevmaster.com\/fi\/wp-json\/wp\/v2\/product\/33000","targetHints":{"allow":["GET"]}}],"collection":[{"href":"https:\/\/nordicmart.andreevmaster.com\/fi\/wp-json\/wp\/v2\/product"}],"about":[{"href":"https:\/\/nordicmart.andreevmaster.com\/fi\/wp-json\/wp\/v2\/types\/product"}],"replies":[{"embeddable":true,"href":"https:\/\/nordicmart.andreevmaster.com\/fi\/wp-json\/wp\/v2\/comments?post=33000"}],"wp:featuredmedia":[{"embeddable":true,"href":"https:\/\/nordicmart.andreevmaster.com\/fi\/wp-json\/wp\/v2\/media\/41951"}],"wp:attachment":[{"href":"https:\/\/nordicmart.andreevmaster.com\/fi\/wp-json\/wp\/v2\/media?parent=33000"}],"wp:term":[{"taxonomy":"product_brand","embeddable":true,"href":"https:\/\/nordicmart.andreevmaster.com\/fi\/wp-json\/wp\/v2\/product_brand?post=33000"},{"taxonomy":"product_cat","embeddable":true,"href":"https:\/\/nordicmart.andreevmaster.com\/fi\/wp-json\/wp\/v2\/product_cat?post=33000"},{"taxonomy":"product_tag","embeddable":true,"href":"https:\/\/nordicmart.andreevmaster.com\/fi\/wp-json\/wp\/v2\/product_tag?post=33000"}],"curies":[{"name":"wp","href":"https:\/\/api.w.org\/{rel}","templated":true}]}}