{"id":32998,"date":"2026-02-27T00:19:34","date_gmt":"2026-02-27T00:19:34","guid":{"rendered":"https:\/\/nordicmart.andreevmaster.com\/product\/vasagle-kirjoituspoyta-jossa-on-nappaimistotaso-valkoinen\/"},"modified":"2026-02-27T09:40:47","modified_gmt":"2026-02-27T09:40:47","slug":"vasagle-kirjoituspoyta-jossa-on-nappaimistotaso-valkoinen","status":"publish","type":"product","link":"https:\/\/nordicmart.andreevmaster.com\/fi\/tuote\/vasagle-kirjoituspoyta-jossa-on-nappaimistotaso-valkoinen\/","title":{"rendered":"VASAGLE-kirjoitusp\u00f6yt\u00e4, jossa on n\u00e4pp\u00e4imist\u00f6taso, valkoinen"},"content":{"rendered":"<p>T\u00e4m\u00e4 VASAGLE-tietokonep\u00f6yt\u00e4 on kompakti ja tyylik\u00e4s, ja se tarjoaa sek\u00e4 modernia eleganssia ett\u00e4 toiminnallisuutta. Selke\u00e4t ja tyylikk\u00e4\u00e4t linjat luovat eksklusiivisen ilmeen. Tietokonep\u00f6yt\u00e4 tarjoaa runsaasti tilaa teknisille laitteille, kuten tietokoneelle ja tulostimelle, sek\u00e4 toimistotarvikkeille, ja se luo j\u00e4rjestyst\u00e4 ja selkeytt\u00e4 minimaalisella tilank\u00e4yt\u00f6ll\u00e4. Se ei ole vain toimiva, vaan my\u00f6s tyylik\u00e4s. Huomautukset:- Asennuksen suorittajien on oltava aikuisia. Asennuksessa on oltava k\u00e4rsiv\u00e4llinen. &#8211; Asennuksen helpottamiseksi on suositeltavaa k\u00e4ytt\u00e4\u00e4 s\u00e4hk\u00f6ruuvinv\u00e4\u00e4nnint\u00e4 (ei sis\u00e4lly toimitukseen). &#8211; Kaikki puulevyt ja ruuvit on numeroitu. Ennen asennusta selvit\u00e4 ohjeiden mukaiset oikeat osat. &#8211; Asennuksessa on noudatettava tarkasti ohjeita, jotta laudat eiv\u00e4t mene sekaisin. &#8211; Jokaisesta ruuvityypist\u00e4 toimitetaan yksi vararuuvi. Tuotetiedot: &#8211; Materiaali: lastulevy &#8211; Mitat: 80 x 74 x 45 cm (L x K x S) &#8211; Lastulevyn paksuus: 15 mm &#8211; Nettopaino: 20 kg &#8211; Bruttopaino: 21 kg &#8211; V\u00e4ri: valkoinen Toimitus sis\u00e4lt\u00e4\u00e4: &#8211; 1 x tietokonep\u00f6yt\u00e4 &#8211; 1 x metalliosien sarja &#8211; 1 x ohjeet (DE, UK, FR, IT, ES)<\/p>\n","protected":false},"excerpt":{"rendered":"<p>VASAGLE Kirjoitusp\u00f6yt\u00e4, tietokonep\u00f6yt\u00e4, n\u00e4pp\u00e4imist\u00f6telineell\u00e4, PC-p\u00f6yt\u00e4, tilaa s\u00e4\u00e4st\u00e4v\u00e4, helppo asentaa, 80 x 74 x 45 cm (L x K x S), valkoinen LCD852W<\/p>\n","protected":false},"featured_media":41949,"comment_status":"open","ping_status":"closed","template":"","meta":[],"product_brand":[],"product_cat":[32],"product_tag":[],"class_list":{"0":"post-32998","1":"product","2":"type-product","3":"status-publish","4":"has-post-thumbnail","6":"product_cat-uncategorized-fi","8":"first","9":"instock","10":"shipping-taxable","11":"purchasable","12":"product-type-simple"},"_links":{"self":[{"href":"https:\/\/nordicmart.andreevmaster.com\/fi\/wp-json\/wp\/v2\/product\/32998","targetHints":{"allow":["GET"]}}],"collection":[{"href":"https:\/\/nordicmart.andreevmaster.com\/fi\/wp-json\/wp\/v2\/product"}],"about":[{"href":"https:\/\/nordicmart.andreevmaster.com\/fi\/wp-json\/wp\/v2\/types\/product"}],"replies":[{"embeddable":true,"href":"https:\/\/nordicmart.andreevmaster.com\/fi\/wp-json\/wp\/v2\/comments?post=32998"}],"wp:featuredmedia":[{"embeddable":true,"href":"https:\/\/nordicmart.andreevmaster.com\/fi\/wp-json\/wp\/v2\/media\/41949"}],"wp:attachment":[{"href":"https:\/\/nordicmart.andreevmaster.com\/fi\/wp-json\/wp\/v2\/media?parent=32998"}],"wp:term":[{"taxonomy":"product_brand","embeddable":true,"href":"https:\/\/nordicmart.andreevmaster.com\/fi\/wp-json\/wp\/v2\/product_brand?post=32998"},{"taxonomy":"product_cat","embeddable":true,"href":"https:\/\/nordicmart.andreevmaster.com\/fi\/wp-json\/wp\/v2\/product_cat?post=32998"},{"taxonomy":"product_tag","embeddable":true,"href":"https:\/\/nordicmart.andreevmaster.com\/fi\/wp-json\/wp\/v2\/product_tag?post=32998"}],"curies":[{"name":"wp","href":"https:\/\/api.w.org\/{rel}","templated":true}]}}