{"id":32997,"date":"2026-02-27T00:19:33","date_gmt":"2026-02-27T00:19:33","guid":{"rendered":"https:\/\/nordicmart.andreevmaster.com\/product\/vasagle-moderni-tietokonepoyta-musta\/"},"modified":"2026-02-27T09:40:47","modified_gmt":"2026-02-27T09:40:47","slug":"vasagle-moderni-tietokonepoyta-musta","status":"publish","type":"product","link":"https:\/\/nordicmart.andreevmaster.com\/fi\/tuote\/vasagle-moderni-tietokonepoyta-musta\/","title":{"rendered":"VASAGLE Moderni tietokonep\u00f6yt\u00e4, musta"},"content":{"rendered":"<p>T\u00e4m\u00e4 VASAGLE kompakti tietokonep\u00f6yt\u00e4 tarjoaa modernia eleganssia ja toiminnallisuutta. Selke\u00e4t ja tyylikk\u00e4\u00e4t linjat takaavat eksklusiivisen muotoilun. N\u00e4pp\u00e4imist\u00f6telineell\u00e4, kahdella korotetulla hyllyll\u00e4 ja 4 py\u00f6r\u00e4ll\u00e4 varustettu kannettavan tietokoneen p\u00f6yt\u00e4 on eritt\u00e4in k\u00e4yt\u00e4nn\u00f6llinen. P\u00f6yt\u00e4 on visuaalisesti eritt\u00e4in tyylik\u00e4s ja vie v\u00e4h\u00e4n tilaa. Helppo huoltaa. Huomautukset: &#8211; Asennuksen suorittajien on oltava aikuisia. Asennuksessa on oltava k\u00e4rsiv\u00e4llinen. &#8211; Asennuksen helpottamiseksi on suositeltavaa k\u00e4ytt\u00e4\u00e4 s\u00e4hk\u00f6ruuvinv\u00e4\u00e4nnint\u00e4 (ei sis\u00e4lly toimitukseen). &#8211; Kaikki puulevyt ja ruuvit on numeroitu. Ennen asennusta selvit\u00e4 ohjeiden mukaisesti, mitk\u00e4 osat kuuluvat mihinkin. &#8211; Asennuksessa on noudatettava tarkasti ohjeita, jotta laudat eiv\u00e4t mene sekaisin. &#8211; Jokaisesta ruuvityypist\u00e4 toimitetaan yksi vararuuvi. Tuotetiedot: &#8211; Materiaali: lastulevy, rautakehys &#8211; Mitat: 120 x 90 x 59 cm (L x K x S) &#8211; Lastulevyn paksuus: 15 mm &#8211; Bruttopaino: 24 kg &#8211; V\u00e4ri: musta Toimitus sis\u00e4lt\u00e4\u00e4: &#8211; 1 x tietokonep\u00f6yt\u00e4 &#8211; 1 x metallitarvikesarja &#8211; 1 x ohjeet (DE, UK, FR, IT, ES)<\/p>\n","protected":false},"excerpt":{"rendered":"<p>VASAGLE Kirjoitusp\u00f6yt\u00e4 Tietokonep\u00f6yt\u00e4 py\u00f6rill\u00e4 PC-p\u00f6yt\u00e4, jossa n\u00e4pp\u00e4imist\u00f6teline 2 hylly\u00e4 120 x 59 x 90 cm LCD812B<\/p>\n","protected":false},"featured_media":41948,"comment_status":"open","ping_status":"closed","template":"","meta":[],"product_brand":[],"product_cat":[32],"product_tag":[],"class_list":{"0":"post-32997","1":"product","2":"type-product","3":"status-publish","4":"has-post-thumbnail","6":"product_cat-uncategorized-fi","8":"first","9":"instock","10":"shipping-taxable","11":"purchasable","12":"product-type-simple"},"_links":{"self":[{"href":"https:\/\/nordicmart.andreevmaster.com\/fi\/wp-json\/wp\/v2\/product\/32997","targetHints":{"allow":["GET"]}}],"collection":[{"href":"https:\/\/nordicmart.andreevmaster.com\/fi\/wp-json\/wp\/v2\/product"}],"about":[{"href":"https:\/\/nordicmart.andreevmaster.com\/fi\/wp-json\/wp\/v2\/types\/product"}],"replies":[{"embeddable":true,"href":"https:\/\/nordicmart.andreevmaster.com\/fi\/wp-json\/wp\/v2\/comments?post=32997"}],"wp:featuredmedia":[{"embeddable":true,"href":"https:\/\/nordicmart.andreevmaster.com\/fi\/wp-json\/wp\/v2\/media\/41948"}],"wp:attachment":[{"href":"https:\/\/nordicmart.andreevmaster.com\/fi\/wp-json\/wp\/v2\/media?parent=32997"}],"wp:term":[{"taxonomy":"product_brand","embeddable":true,"href":"https:\/\/nordicmart.andreevmaster.com\/fi\/wp-json\/wp\/v2\/product_brand?post=32997"},{"taxonomy":"product_cat","embeddable":true,"href":"https:\/\/nordicmart.andreevmaster.com\/fi\/wp-json\/wp\/v2\/product_cat?post=32997"},{"taxonomy":"product_tag","embeddable":true,"href":"https:\/\/nordicmart.andreevmaster.com\/fi\/wp-json\/wp\/v2\/product_tag?post=32997"}],"curies":[{"name":"wp","href":"https:\/\/api.w.org\/{rel}","templated":true}]}}