{"id":32996,"date":"2026-02-27T00:19:33","date_gmt":"2026-02-27T00:19:33","guid":{"rendered":"https:\/\/nordicmart.andreevmaster.com\/product\/vasagle-tietokonepoyta-jossa-on-nappaimistotaso-vintage-ruskea-musta\/"},"modified":"2026-02-27T09:40:47","modified_gmt":"2026-02-27T09:40:47","slug":"vasagle-tietokonepoyta-jossa-on-nappaimistotaso-vintage-ruskea-musta","status":"publish","type":"product","link":"https:\/\/nordicmart.andreevmaster.com\/fi\/tuote\/vasagle-tietokonepoyta-jossa-on-nappaimistotaso-vintage-ruskea-musta\/","title":{"rendered":"VASAGLE tietokonep\u00f6yt\u00e4, jossa on n\u00e4pp\u00e4imist\u00f6taso, vintage-ruskea-musta"},"content":{"rendered":"<p>Tuotetiedot: &#8211; V\u00e4ri: vintage-ruskea-musta &#8211; Materiaali: Ter\u00e4sputki, melamiinipinnoitettu lastulevy &#8211; Koko: 60 x 48 x 73 cm (P x L x K) &#8211; P\u00f6yt\u00e4levyn paksuus: 15 mm &#8211; Paino: 9,5 kg &#8211; P\u00f6yd\u00e4n pinnan maks. staattinen kantavuus: 30 kg &#8211; Alalaatikon maks. staattinen kantavuus: 10 kg Toimitus sis\u00e4lt\u00e4\u00e4:- 1 x tietokonep\u00f6yt\u00e4 &#8211; 1 x lis\u00e4varustepaketti &#8211; 1 x ohjeet (DE, EN, FR, ES, IT) VASAGLE Huomautukset: &#8211; Turvallisuussyist\u00e4 lapset eiv\u00e4t saa kiivet\u00e4 tuotteelle tai leikki\u00e4 sill\u00e4. &#8211; P\u00f6yd\u00e4n pinnan suurin staattinen kantavuus on 30 kg. \u00c4l\u00e4 ylit\u00e4 t\u00e4t\u00e4 enimm\u00e4ispainoa.<\/p>\n","protected":false},"excerpt":{"rendered":"<p>VASAGLE Kirjoitusp\u00f6yt\u00e4, tietokonep\u00f6yt\u00e4 4 py\u00f6r\u00e4ll\u00e4, joista 2 jarrullisella, PC-p\u00f6yt\u00e4, helppok\u00e4ytt\u00f6inen n\u00e4pp\u00e4imist\u00f6teline, helppo asennus, tilaa s\u00e4\u00e4st\u00e4v\u00e4 Z-muotoinen PC-p\u00f6yt\u00e4, 60 x 73 x 48 cm (L\/K\/S), valkoinen LCD811W<\/p>\n","protected":false},"featured_media":41947,"comment_status":"open","ping_status":"closed","template":"","meta":[],"product_brand":[],"product_cat":[32],"product_tag":[],"class_list":{"0":"post-32996","1":"product","2":"type-product","3":"status-publish","4":"has-post-thumbnail","6":"product_cat-uncategorized-fi","8":"first","9":"instock","10":"shipping-taxable","11":"purchasable","12":"product-type-simple"},"_links":{"self":[{"href":"https:\/\/nordicmart.andreevmaster.com\/fi\/wp-json\/wp\/v2\/product\/32996","targetHints":{"allow":["GET"]}}],"collection":[{"href":"https:\/\/nordicmart.andreevmaster.com\/fi\/wp-json\/wp\/v2\/product"}],"about":[{"href":"https:\/\/nordicmart.andreevmaster.com\/fi\/wp-json\/wp\/v2\/types\/product"}],"replies":[{"embeddable":true,"href":"https:\/\/nordicmart.andreevmaster.com\/fi\/wp-json\/wp\/v2\/comments?post=32996"}],"wp:featuredmedia":[{"embeddable":true,"href":"https:\/\/nordicmart.andreevmaster.com\/fi\/wp-json\/wp\/v2\/media\/41947"}],"wp:attachment":[{"href":"https:\/\/nordicmart.andreevmaster.com\/fi\/wp-json\/wp\/v2\/media?parent=32996"}],"wp:term":[{"taxonomy":"product_brand","embeddable":true,"href":"https:\/\/nordicmart.andreevmaster.com\/fi\/wp-json\/wp\/v2\/product_brand?post=32996"},{"taxonomy":"product_cat","embeddable":true,"href":"https:\/\/nordicmart.andreevmaster.com\/fi\/wp-json\/wp\/v2\/product_cat?post=32996"},{"taxonomy":"product_tag","embeddable":true,"href":"https:\/\/nordicmart.andreevmaster.com\/fi\/wp-json\/wp\/v2\/product_tag?post=32996"}],"curies":[{"name":"wp","href":"https:\/\/api.w.org\/{rel}","templated":true}]}}