{"id":32995,"date":"2026-02-27T00:19:33","date_gmt":"2026-02-27T00:19:33","guid":{"rendered":"https:\/\/nordicmart.andreevmaster.com\/product\/vasagle-siirrettava-tyopoyta-60-x-48-cm-z-muotoinen-valkoinen\/"},"modified":"2026-02-27T09:40:47","modified_gmt":"2026-02-27T09:40:47","slug":"vasagle-siirrettava-tyopoyta-60-x-48-cm-z-muotoinen-valkoinen","status":"publish","type":"product","link":"https:\/\/nordicmart.andreevmaster.com\/fi\/tuote\/vasagle-siirrettava-tyopoyta-60-x-48-cm-z-muotoinen-valkoinen\/","title":{"rendered":"VASAGLE Siirrett\u00e4v\u00e4 ty\u00f6p\u00f6yt\u00e4 60 x 48 cm Z-muotoinen Valkoinen"},"content":{"rendered":"<p>VASAGLE:n eritt\u00e4in kompakti tietokonep\u00f6yt\u00e4 tarjoaa modernia eleganssia ja toiminnallisuutta.  Selke\u00e4t ja tyylikk\u00e4\u00e4t linjat luovat eksklusiivisen designin. N\u00e4pp\u00e4imist\u00f6telineell\u00e4 ja 4 py\u00f6r\u00e4ll\u00e4 varustettu kannettavan tietokoneen p\u00f6yt\u00e4 on eritt\u00e4in k\u00e4yt\u00e4nn\u00f6llinen ja helppo siirt\u00e4\u00e4 py\u00f6rill\u00e4. Se n\u00e4ytt\u00e4\u00e4 hyv\u00e4lt\u00e4 ja vie vain v\u00e4h\u00e4n  tilaa.  Helppohoitoinen \u2013 k\u00e4yt\u00e4 huonekalujen hoitoon mieluiten pehme\u00e4\u00e4, nukkaamatonta liinaa tai nahkakangasta. Pyyhi pinnat kevyesti kostealla liinalla.  Huomautukset: 1. Asennuksen suorittajien on oltava aikuisia. Asennuksessa on oltava k\u00e4rsiv\u00e4llinen. 2. Asennuksen helpottamiseksi on suositeltavaa k\u00e4ytt\u00e4\u00e4 s\u00e4hk\u00f6ruuvinv\u00e4\u00e4nnint\u00e4 (ei sis\u00e4lly toimitukseen). 3. Kaikki puulevyt ja ruuvit on numeroitu. Ennen kokoamista tarkista ohjeista, mitk\u00e4 osat kuuluvat mihinkin.  4. Noudata kokoamisessa tarkasti ohjeita, jotta et sekoita levyj\u00e4 kesken\u00e4\u00e4n. 5. Jokaisesta ruuvityypist\u00e4 toimitetaan yksi vararuuvi. Tuotetiedot: Materiaali: jauhemaalattu rautaputki + lastulevy + melamiinipinnoite Mitat: 60 x 73 x 48 cm (L x K x S) Lastulevyn paksuus: 15 mm Nettopaino: 10 kg Bruttopaino: 10,5 kg V\u00e4ri: valkoinen Toimitus sis\u00e4lt\u00e4\u00e4\uff1a 1 x tietokonep\u00f6yt\u00e4 1 x metallitarvikesarja 1 x ohjeet (DE, UK, FR, IT, ES)<\/p>\n","protected":false},"excerpt":{"rendered":"<p>VASAGLE Kirjoitusp\u00f6yt\u00e4, tietokonep\u00f6yt\u00e4 4 py\u00f6r\u00e4ll\u00e4, joista 2 jarrullisella, PC-p\u00f6yt\u00e4, helppok\u00e4ytt\u00f6inen n\u00e4pp\u00e4imist\u00f6teline, helppo asennus, tilaa s\u00e4\u00e4st\u00e4v\u00e4 Z-muotoinen PC-p\u00f6yt\u00e4, 60 x 73 x 48 cm (L\/K\/S), valkoinen LCD811W<\/p>\n","protected":false},"featured_media":41946,"comment_status":"open","ping_status":"closed","template":"","meta":[],"product_brand":[],"product_cat":[32],"product_tag":[],"class_list":{"0":"post-32995","1":"product","2":"type-product","3":"status-publish","4":"has-post-thumbnail","6":"product_cat-uncategorized-fi","8":"first","9":"instock","10":"shipping-taxable","11":"purchasable","12":"product-type-simple"},"_links":{"self":[{"href":"https:\/\/nordicmart.andreevmaster.com\/fi\/wp-json\/wp\/v2\/product\/32995","targetHints":{"allow":["GET"]}}],"collection":[{"href":"https:\/\/nordicmart.andreevmaster.com\/fi\/wp-json\/wp\/v2\/product"}],"about":[{"href":"https:\/\/nordicmart.andreevmaster.com\/fi\/wp-json\/wp\/v2\/types\/product"}],"replies":[{"embeddable":true,"href":"https:\/\/nordicmart.andreevmaster.com\/fi\/wp-json\/wp\/v2\/comments?post=32995"}],"wp:featuredmedia":[{"embeddable":true,"href":"https:\/\/nordicmart.andreevmaster.com\/fi\/wp-json\/wp\/v2\/media\/41946"}],"wp:attachment":[{"href":"https:\/\/nordicmart.andreevmaster.com\/fi\/wp-json\/wp\/v2\/media?parent=32995"}],"wp:term":[{"taxonomy":"product_brand","embeddable":true,"href":"https:\/\/nordicmart.andreevmaster.com\/fi\/wp-json\/wp\/v2\/product_brand?post=32995"},{"taxonomy":"product_cat","embeddable":true,"href":"https:\/\/nordicmart.andreevmaster.com\/fi\/wp-json\/wp\/v2\/product_cat?post=32995"},{"taxonomy":"product_tag","embeddable":true,"href":"https:\/\/nordicmart.andreevmaster.com\/fi\/wp-json\/wp\/v2\/product_tag?post=32995"}],"curies":[{"name":"wp","href":"https:\/\/api.w.org\/{rel}","templated":true}]}}