{"id":32994,"date":"2026-02-27T00:19:33","date_gmt":"2026-02-27T00:19:33","guid":{"rendered":"https:\/\/nordicmart.andreevmaster.com\/product\/vasagle-siirrettava-tyopoyta-z-muotoinen-musta\/"},"modified":"2026-02-27T09:40:47","modified_gmt":"2026-02-27T09:40:47","slug":"vasagle-siirrettava-tyopoyta-z-muotoinen-musta","status":"publish","type":"product","link":"https:\/\/nordicmart.andreevmaster.com\/fi\/tuote\/vasagle-siirrettava-tyopoyta-z-muotoinen-musta\/","title":{"rendered":"VASAGLE Siirrett\u00e4v\u00e4 ty\u00f6p\u00f6yt\u00e4 Z-muotoinen Musta"},"content":{"rendered":"<p>VASAGLE:n eritt\u00e4in kompakti tietokonep\u00f6yt\u00e4 tarjoaa modernia eleganssia ja toiminnallisuutta.  Selke\u00e4t ja tyylikk\u00e4\u00e4t linjat luovat eksklusiivisen designin. N\u00e4pp\u00e4imist\u00f6telineell\u00e4 ja 4 py\u00f6r\u00e4ll\u00e4 varustettu kannettavan tietokoneen p\u00f6yt\u00e4 on eritt\u00e4in k\u00e4yt\u00e4nn\u00f6llinen ja helppo siirt\u00e4\u00e4 py\u00f6rill\u00e4. Se n\u00e4ytt\u00e4\u00e4 hyv\u00e4lt\u00e4 ja vie vain v\u00e4h\u00e4n  tilaa.  Helppohoitoinen \u2013 k\u00e4yt\u00e4 huonekalujen hoitoon mieluiten pehme\u00e4\u00e4, nukkaamatonta liinaa tai nahkakangasta. Pyyhi pinnat kevyesti kostealla liinalla.  Huomautukset: &#8211; Asennuksen suorittajien on oltava aikuisia. Asennuksessa on oltava k\u00e4rsiv\u00e4llinen. &#8211; Asennuksen helpottamiseksi on suositeltavaa k\u00e4ytt\u00e4\u00e4 s\u00e4hk\u00f6ruuvinv\u00e4\u00e4nnint\u00e4 (ei sis\u00e4lly toimitukseen). &#8211; Kaikki puulevyt ja ruuvit on numeroitu. Ennen asennusta voit etsi\u00e4 oikeat  osat ohjeiden avulla.  &#8211; Asennuksessa on noudatettava tarkasti ohjeita, jotta levyj\u00e4 ei sekoiteta kesken\u00e4\u00e4n. &#8211; Jokaisesta ruuvityypist\u00e4 toimitetaan yksi vararuuvi. Tuotetiedot: &#8211; Materiaali: jauhemaalattu rautaputki + puukuitulevy + melamiinipinnoite &#8211; Mitat: 60 x 73 x 48 cm (L x K x S) &#8211; Lastulevyn paksuus: 15 mm &#8211; Nettopaino: 10 kg &#8211; Bruttopaino: 10,5 kg &#8211; V\u00e4ri: musta\/vaahteranv\u00e4rinen\/py\u00f6kkiv\u00e4rinen\/valkoinen Toimitus sis\u00e4lt\u00e4\u00e4: &#8211; 1 x tietokonep\u00f6yt\u00e4 &#8211; 1 x metalliosien sarja &#8211; 1 x ohjeet (DE, UK, FR, IT, ES)<\/p>\n","protected":false},"excerpt":{"rendered":"<p>VASAGLE Kirjoitusp\u00f6yt\u00e4, tietokonep\u00f6yt\u00e4 4 py\u00f6r\u00e4ll\u00e4, joista 2 jarrullisella, PC-p\u00f6yt\u00e4, helppok\u00e4ytt\u00f6inen n\u00e4pp\u00e4imist\u00f6teline, helppo asennus, tilaa s\u00e4\u00e4st\u00e4v\u00e4 Z-muotoinen PC-p\u00f6yt\u00e4, 60 x 73 x 48 cm (L\/K\/S), valkoinen LCD811W<\/p>\n","protected":false},"featured_media":41945,"comment_status":"open","ping_status":"closed","template":"","meta":[],"product_brand":[],"product_cat":[32],"product_tag":[],"class_list":{"0":"post-32994","1":"product","2":"type-product","3":"status-publish","4":"has-post-thumbnail","6":"product_cat-uncategorized-fi","8":"first","9":"instock","10":"shipping-taxable","11":"purchasable","12":"product-type-simple"},"_links":{"self":[{"href":"https:\/\/nordicmart.andreevmaster.com\/fi\/wp-json\/wp\/v2\/product\/32994","targetHints":{"allow":["GET"]}}],"collection":[{"href":"https:\/\/nordicmart.andreevmaster.com\/fi\/wp-json\/wp\/v2\/product"}],"about":[{"href":"https:\/\/nordicmart.andreevmaster.com\/fi\/wp-json\/wp\/v2\/types\/product"}],"replies":[{"embeddable":true,"href":"https:\/\/nordicmart.andreevmaster.com\/fi\/wp-json\/wp\/v2\/comments?post=32994"}],"wp:featuredmedia":[{"embeddable":true,"href":"https:\/\/nordicmart.andreevmaster.com\/fi\/wp-json\/wp\/v2\/media\/41945"}],"wp:attachment":[{"href":"https:\/\/nordicmart.andreevmaster.com\/fi\/wp-json\/wp\/v2\/media?parent=32994"}],"wp:term":[{"taxonomy":"product_brand","embeddable":true,"href":"https:\/\/nordicmart.andreevmaster.com\/fi\/wp-json\/wp\/v2\/product_brand?post=32994"},{"taxonomy":"product_cat","embeddable":true,"href":"https:\/\/nordicmart.andreevmaster.com\/fi\/wp-json\/wp\/v2\/product_cat?post=32994"},{"taxonomy":"product_tag","embeddable":true,"href":"https:\/\/nordicmart.andreevmaster.com\/fi\/wp-json\/wp\/v2\/product_tag?post=32994"}],"curies":[{"name":"wp","href":"https:\/\/api.w.org\/{rel}","templated":true}]}}