{"id":32992,"date":"2026-02-27T00:19:32","date_gmt":"2026-02-27T00:19:32","guid":{"rendered":"https:\/\/nordicmart.andreevmaster.com\/product\/vasagle-l-muotoinen-tyopoyta-valkoinen\/"},"modified":"2026-02-27T09:40:46","modified_gmt":"2026-02-27T09:40:46","slug":"vasagle-l-muotoinen-tyopoyta-valkoinen","status":"publish","type":"product","link":"https:\/\/nordicmart.andreevmaster.com\/fi\/tuote\/vasagle-l-muotoinen-tyopoyta-valkoinen\/","title":{"rendered":"VASAGLE L-muotoinen ty\u00f6p\u00f6yt\u00e4, valkoinen"},"content":{"rendered":"<p>VASAGLE-tietokonep\u00f6yt\u00e4 on kompakti ja yhdist\u00e4\u00e4 modernin tyylikkyyden ja toiminnallisuuden. Selke\u00e4t ja tyylikk\u00e4\u00e4t linjat luovat eksklusiivisen ilmeen. Kompaktista koostaan huolimatta t\u00e4m\u00e4 ty\u00f6p\u00f6yt\u00e4 tarjoaa runsaasti ty\u00f6tilaa. Asiakirjat tai kansiot voidaan s\u00e4ilytt\u00e4\u00e4 kahdessa avoimessa lokerossa, josta ne ovat aina k\u00e4den ulottuvilla. Helppohoitoinen \u2013 levyvalmisteisten huonekalujen hoitoon sopii parhaiten pehme\u00e4, nukkaamaton liina tai nahkainen liina. Pyyhi pinnat kevyesti kostealla liinalla. Huomautukset: &#8211; Asennuksen suorittajien on oltava aikuisia. Asennuksessa on oltava k\u00e4rsiv\u00e4llinen. &#8211; Asennuksen helpottamiseksi on suositeltavaa k\u00e4ytt\u00e4\u00e4 s\u00e4hk\u00f6ruuvinv\u00e4\u00e4nnint\u00e4 (ei sis\u00e4lly toimitukseen). &#8211; Kaikki puulevyt ja ruuvit on numeroitu. Ennen asennusta selvit\u00e4 ohjeiden mukaisesti, mitk\u00e4 osat kuuluvat mihinkin. &#8211; Asennuksessa on noudatettava tarkasti ohjeita, jotta laudat eiv\u00e4t mene sekaisin. &#8211; Jokaisesta ruuvityypist\u00e4 toimitetaan yksi vararuuvi.<\/p>\n","protected":false},"excerpt":{"rendered":"<p>VASAGLE kulmainen ty\u00f6p\u00f6yt\u00e4, iso tietokonep\u00f6yt\u00e4, jossa 2 hylly\u00e4 ja n\u00e4pp\u00e4imist\u00f6taso, ty\u00f6p\u00f6yt\u00e4, 140 x 120 cm, vakaa PC-p\u00f6yt\u00e4, kulmakombinaatio, toimistop\u00f6yt\u00e4, helppo asentaa, musta LCD810B<\/p>\n","protected":false},"featured_media":41943,"comment_status":"open","ping_status":"closed","template":"","meta":[],"product_brand":[],"product_cat":[32],"product_tag":[],"class_list":{"0":"post-32992","1":"product","2":"type-product","3":"status-publish","4":"has-post-thumbnail","6":"product_cat-uncategorized-fi","8":"first","9":"instock","10":"shipping-taxable","11":"purchasable","12":"product-type-simple"},"_links":{"self":[{"href":"https:\/\/nordicmart.andreevmaster.com\/fi\/wp-json\/wp\/v2\/product\/32992","targetHints":{"allow":["GET"]}}],"collection":[{"href":"https:\/\/nordicmart.andreevmaster.com\/fi\/wp-json\/wp\/v2\/product"}],"about":[{"href":"https:\/\/nordicmart.andreevmaster.com\/fi\/wp-json\/wp\/v2\/types\/product"}],"replies":[{"embeddable":true,"href":"https:\/\/nordicmart.andreevmaster.com\/fi\/wp-json\/wp\/v2\/comments?post=32992"}],"wp:featuredmedia":[{"embeddable":true,"href":"https:\/\/nordicmart.andreevmaster.com\/fi\/wp-json\/wp\/v2\/media\/41943"}],"wp:attachment":[{"href":"https:\/\/nordicmart.andreevmaster.com\/fi\/wp-json\/wp\/v2\/media?parent=32992"}],"wp:term":[{"taxonomy":"product_brand","embeddable":true,"href":"https:\/\/nordicmart.andreevmaster.com\/fi\/wp-json\/wp\/v2\/product_brand?post=32992"},{"taxonomy":"product_cat","embeddable":true,"href":"https:\/\/nordicmart.andreevmaster.com\/fi\/wp-json\/wp\/v2\/product_cat?post=32992"},{"taxonomy":"product_tag","embeddable":true,"href":"https:\/\/nordicmart.andreevmaster.com\/fi\/wp-json\/wp\/v2\/product_tag?post=32992"}],"curies":[{"name":"wp","href":"https:\/\/api.w.org\/{rel}","templated":true}]}}