{"id":32990,"date":"2026-02-27T00:19:32","date_gmt":"2026-02-27T00:19:32","guid":{"rendered":"https:\/\/nordicmart.andreevmaster.com\/product\/vasagle-l-muotoinen-tyopoyta-musta\/"},"modified":"2026-02-27T09:40:46","modified_gmt":"2026-02-27T09:40:46","slug":"vasagle-l-muotoinen-tyopoyta-musta","status":"publish","type":"product","link":"https:\/\/nordicmart.andreevmaster.com\/fi\/tuote\/vasagle-l-muotoinen-tyopoyta-musta\/","title":{"rendered":"VASAGLE L-muotoinen ty\u00f6p\u00f6yt\u00e4, musta"},"content":{"rendered":"<p>Songmicsin kompakti tietokonep\u00f6yt\u00e4 tarjoaa modernia eleganssia ja toiminnallisuutta. Selke\u00e4t ja tyylikk\u00e4\u00e4t linjat luovat eksklusiivisen ilmeen. Kompakteista mitoistaan huolimatta t\u00e4m\u00e4 p\u00f6yt\u00e4 tarjoaa runsaasti ty\u00f6tilaa. Asiakirjat tai kansiot voidaan s\u00e4ilytt\u00e4\u00e4 kahdessa avoimessa lokerossa, josta ne ovat aina k\u00e4den ulottuvilla. Helppohoitoinen \u2013 k\u00e4yt\u00e4 levyvalmisteisten huonekalujen hoitoon mieluiten pehme\u00e4\u00e4, nukkaamatonta liinaa tai nahkakangasta. Pyyhi pinnat kevyesti kostealla liinalla.  Huomautukset: 1. Asennuksen suorittajien on oltava aikuisia. Asennuksessa on oltava k\u00e4rsiv\u00e4llinen. 2. Asennuksen helpottamiseksi on suositeltavaa k\u00e4ytt\u00e4\u00e4 s\u00e4hk\u00f6ruuvinv\u00e4\u00e4nnint\u00e4 (ei sis\u00e4lly toimitukseen). 3. Kaikki puulevyt ja ruuvit on numeroitu. Ennen asennusta selvit\u00e4 ohjeiden mukaisesti, mitk\u00e4 osat kuuluvat mihinkin. 4. Asennuksessa on noudatettava tarkasti ohjeita, jotta levyj\u00e4 ei sekoiteta kesken\u00e4\u00e4n. 5. Jokaisesta ruuvityypist\u00e4 toimitetaan yksi vararuuvi.  Tuotetiedot: Materiaali: lastulevy + melamiinipinnoite Mitat: 140 x 75 x 120 cm (L x K x S) Lastulevyn paksuus: 15 mm Nettopaino: 28 kg Bruttopaino: 29,9 kgV\u00e4ri: mustaToimitus sis\u00e4lt\u00e4\u00e4\uff1a1 x tietokonep\u00f6yt\u00e4 (pakettien m\u00e4\u00e4r\u00e4: 2 )1 x metalliosien sarja1 x ohjeet  (DE, UK, FR, IT, ES )<\/p>\n","protected":false},"excerpt":{"rendered":"<p>VASAGLE kulmainen ty\u00f6p\u00f6yt\u00e4, iso tietokonep\u00f6yt\u00e4, jossa 2 hylly\u00e4 ja n\u00e4pp\u00e4imist\u00f6taso, ty\u00f6p\u00f6yt\u00e4, 140 x 120 cm, vakaa PC-p\u00f6yt\u00e4, kulmakombinaatio, toimistop\u00f6yt\u00e4, helppo asentaa, musta LCD810B<\/p>\n","protected":false},"featured_media":41941,"comment_status":"open","ping_status":"closed","template":"","meta":[],"product_brand":[],"product_cat":[32],"product_tag":[],"class_list":{"0":"post-32990","1":"product","2":"type-product","3":"status-publish","4":"has-post-thumbnail","6":"product_cat-uncategorized-fi","8":"first","9":"instock","10":"shipping-taxable","11":"purchasable","12":"product-type-simple"},"_links":{"self":[{"href":"https:\/\/nordicmart.andreevmaster.com\/fi\/wp-json\/wp\/v2\/product\/32990","targetHints":{"allow":["GET"]}}],"collection":[{"href":"https:\/\/nordicmart.andreevmaster.com\/fi\/wp-json\/wp\/v2\/product"}],"about":[{"href":"https:\/\/nordicmart.andreevmaster.com\/fi\/wp-json\/wp\/v2\/types\/product"}],"replies":[{"embeddable":true,"href":"https:\/\/nordicmart.andreevmaster.com\/fi\/wp-json\/wp\/v2\/comments?post=32990"}],"wp:featuredmedia":[{"embeddable":true,"href":"https:\/\/nordicmart.andreevmaster.com\/fi\/wp-json\/wp\/v2\/media\/41941"}],"wp:attachment":[{"href":"https:\/\/nordicmart.andreevmaster.com\/fi\/wp-json\/wp\/v2\/media?parent=32990"}],"wp:term":[{"taxonomy":"product_brand","embeddable":true,"href":"https:\/\/nordicmart.andreevmaster.com\/fi\/wp-json\/wp\/v2\/product_brand?post=32990"},{"taxonomy":"product_cat","embeddable":true,"href":"https:\/\/nordicmart.andreevmaster.com\/fi\/wp-json\/wp\/v2\/product_cat?post=32990"},{"taxonomy":"product_tag","embeddable":true,"href":"https:\/\/nordicmart.andreevmaster.com\/fi\/wp-json\/wp\/v2\/product_tag?post=32990"}],"curies":[{"name":"wp","href":"https:\/\/api.w.org\/{rel}","templated":true}]}}