{"id":32989,"date":"2026-02-27T00:19:32","date_gmt":"2026-02-27T00:19:32","guid":{"rendered":"https:\/\/nordicmart.andreevmaster.com\/product\/vasagle-kirjoituspoyta-vintage-ruskea-musta\/"},"modified":"2026-02-27T09:40:46","modified_gmt":"2026-02-27T09:40:46","slug":"vasagle-kirjoituspoyta-vintage-ruskea-musta","status":"publish","type":"product","link":"https:\/\/nordicmart.andreevmaster.com\/fi\/tuote\/vasagle-kirjoituspoyta-vintage-ruskea-musta\/","title":{"rendered":"VASAGLE-kirjoitusp\u00f6yt\u00e4, vintage-ruskea-musta"},"content":{"rendered":"<p>Ota kaikki irti kotitoimistostasi Vaikka t\u00e4m\u00e4 kulmainen ty\u00f6p\u00f6yt\u00e4 on tilaa s\u00e4\u00e4st\u00e4v\u00e4, siin\u00e4 ei todellakaan ole puutetta s\u00e4ilytystilasta. Voit esimerkiksi asettaa n\u00e4yt\u00f6n toiselle puolelle ja kannettavan tietokoneen toiselle puolelle. Lis\u00e4ksi p\u00f6yd\u00e4ss\u00e4 on n\u00e4pp\u00e4imist\u00f6teline ja erillinen teline, jonka avulla voit sijoittaa tietokoneen tornin k\u00e4tev\u00e4sti p\u00f6yd\u00e4n alle. Ei en\u00e4\u00e4 heilumistaSano hyv\u00e4stit el\u00e4m\u00e4n pienille \u00e4rsytyksille. S\u00e4\u00e4dett\u00e4v\u00e4t jalat varmistavat, ett\u00e4 t\u00e4m\u00e4 kulmainen ty\u00f6p\u00f6yt\u00e4 on vakaa eik\u00e4 heilua jokaisella n\u00e4pp\u00e4inpainalluksella. Tuotetiedot: &#8211; V\u00e4ri: vintage-ruskea-musta &#8211; Materiaali: metalli, lastulevy, melamiinipinnoite &#8211; Koko: 150 x 138 x 75 cm (P x L x K) &#8211; P\u00f6yt\u00e4levyn paksuus: 1,5 cm &#8211; Paino: 28,3 kgToimitus sis\u00e4lt\u00e4\u00e4:- 1 x kulmainen ty\u00f6p\u00f6yt\u00e4- 1 x lis\u00e4varustepaketti- 1 x ohjeet (DE, EN, FR, ES, IT)VASAGLE-huomautukset:- T\u00e4m\u00e4 ty\u00f6p\u00f6yt\u00e4 on suunniteltu yksinomaan ty\u00f6skentely\u00e4 tai opiskelua varten. \u00c4l\u00e4 istu tai nouse p\u00f6yd\u00e4lle.<\/p>\n","protected":false},"excerpt":{"rendered":"<p>VASAGLE Kirjoitusp\u00f6yt\u00e4, iso tietokonep\u00f6yt\u00e4, L-muotoinen kulmap\u00f6yt\u00e4, toimistop\u00f6yt\u00e4, PC-p\u00f6yt\u00e4, kotitoimisto, toimisto, kotiteht\u00e4v\u00e4t, tilaa s\u00e4\u00e4st\u00e4v\u00e4, helppo asennus, 150 x 138 x 75 cm, musta LCD402B<\/p>\n","protected":false},"featured_media":41940,"comment_status":"open","ping_status":"closed","template":"","meta":[],"product_brand":[],"product_cat":[32],"product_tag":[],"class_list":{"0":"post-32989","1":"product","2":"type-product","3":"status-publish","4":"has-post-thumbnail","6":"product_cat-uncategorized-fi","8":"first","9":"instock","10":"shipping-taxable","11":"purchasable","12":"product-type-simple"},"_links":{"self":[{"href":"https:\/\/nordicmart.andreevmaster.com\/fi\/wp-json\/wp\/v2\/product\/32989","targetHints":{"allow":["GET"]}}],"collection":[{"href":"https:\/\/nordicmart.andreevmaster.com\/fi\/wp-json\/wp\/v2\/product"}],"about":[{"href":"https:\/\/nordicmart.andreevmaster.com\/fi\/wp-json\/wp\/v2\/types\/product"}],"replies":[{"embeddable":true,"href":"https:\/\/nordicmart.andreevmaster.com\/fi\/wp-json\/wp\/v2\/comments?post=32989"}],"wp:featuredmedia":[{"embeddable":true,"href":"https:\/\/nordicmart.andreevmaster.com\/fi\/wp-json\/wp\/v2\/media\/41940"}],"wp:attachment":[{"href":"https:\/\/nordicmart.andreevmaster.com\/fi\/wp-json\/wp\/v2\/media?parent=32989"}],"wp:term":[{"taxonomy":"product_brand","embeddable":true,"href":"https:\/\/nordicmart.andreevmaster.com\/fi\/wp-json\/wp\/v2\/product_brand?post=32989"},{"taxonomy":"product_cat","embeddable":true,"href":"https:\/\/nordicmart.andreevmaster.com\/fi\/wp-json\/wp\/v2\/product_cat?post=32989"},{"taxonomy":"product_tag","embeddable":true,"href":"https:\/\/nordicmart.andreevmaster.com\/fi\/wp-json\/wp\/v2\/product_tag?post=32989"}],"curies":[{"name":"wp","href":"https:\/\/api.w.org\/{rel}","templated":true}]}}