{"id":32987,"date":"2026-02-27T00:19:31","date_gmt":"2026-02-27T00:19:31","guid":{"rendered":"https:\/\/nordicmart.andreevmaster.com\/product\/vasagle-rullakontti-pyokkivari\/"},"modified":"2026-02-27T09:40:45","modified_gmt":"2026-02-27T09:40:45","slug":"vasagle-rullakontti-pyokkivari","status":"publish","type":"product","link":"https:\/\/nordicmart.andreevmaster.com\/fi\/tuote\/vasagle-rullakontti-pyokkivari\/","title":{"rendered":"VASAGLE rullakontti, py\u00f6kkiv\u00e4ri"},"content":{"rendered":"<p>J\u00e4rjestys on puolet el\u00e4m\u00e4st\u00e4; t\u00e4m\u00e4 p\u00e4tee my\u00f6s ty\u00f6paikkaasi. T\u00e4m\u00e4n rullakontin (sopii A4- tai Letter-kokoisille kansioille, joissa on nimikyltti) avulla voit poistaa paperipinot ja tavanomaisen ty\u00f6p\u00f6yd\u00e4n kaaoksen nopeasti.K\u00e4tev\u00e4 apulainen ty\u00f6huoneessa Jos ty\u00f6skentelet kotitoimistossa, voit sijoittaa rullakontin ty\u00f6p\u00f6yd\u00e4n viereen ja s\u00e4ilytt\u00e4\u00e4 siell\u00e4 asiakirjojasi. Hyllylle mahtuu my\u00f6s tulostimesi. Huonekalu kaikkiin tilanteisiin S\u00e4ngyn p\u00e4\u00e4dyss\u00e4 rullakontti toimii y\u00f6p\u00f6yt\u00e4n\u00e4, jolle voit sijoittaa esimerkiksi y\u00f6p\u00f6yd\u00e4n lampun. sohvan vieress\u00e4 se muuttuu sivup\u00f6yd\u00e4ksi, jolle voit asettaa v\u00e4lipalat, lehdet jne. k\u00e4den ulottuville. Hiljaiset rullat mukavuutesi takaamiseksi 5 rullan ansiosta s\u00e4ilytyslaatikkoa on helppo siirt\u00e4\u00e4. Tai voit kiinnitt\u00e4\u00e4 kaapin paikalleen kahden lukittavan py\u00f6r\u00e4n avulla. Alalaatikossa oleva rulla antaa sille hyv\u00e4n pidon ja takaa suuren kantavuuden.Tuotetiedot: &#8211; V\u00e4ri: py\u00f6kkiv\u00e4ri &#8211; Materiaali: E1-luokan MDF (keskitihe\u00e4 kuitulevy), PVC &#8211; Koko: 43 x 45 x 72 cm (P x L x K) &#8211; Paino: 20,5 kg &#8211; Maks. staattinen kantavuus: 50 kg Toimitus sis\u00e4lt\u00e4\u00e4:- 1 x rullalaatikko &#8211; 1 x lis\u00e4varustepussi &#8211; 1 x pussi varaosilla &#8211; 1 x asennusty\u00f6kalu &#8211; 1 x ohjeet (DE, EN, FR, IT, ES) VASAGLE-ohjeet: &#8211; Pid\u00e4 tuote poissa ter\u00e4vien esineiden ja l\u00e4mm\u00f6nl\u00e4hteiden l\u00e4heisyydest\u00e4.- Tuote ei saa olla pitk\u00e4\u00e4n kosketuksissa veden kanssa. &#8211; Asenna mukana toimitetut rullat ennen k\u00e4ytt\u00f6\u00e4; tuotetta ei saa k\u00e4ytt\u00e4\u00e4 ilman rullia.<\/p>\n","protected":false},"excerpt":{"rendered":"<p>VASAGLE Rullavaunu lukolla ja laatikoilla, lukittava arkistokaappi s\u00e4\u00e4dett\u00e4vill\u00e4 riippukaapeilla, graniittimusta LCD27BKV1<\/p>\n","protected":false},"featured_media":41938,"comment_status":"open","ping_status":"closed","template":"","meta":[],"product_brand":[],"product_cat":[32],"product_tag":[],"class_list":{"0":"post-32987","1":"product","2":"type-product","3":"status-publish","4":"has-post-thumbnail","6":"product_cat-uncategorized-fi","8":"first","9":"instock","10":"shipping-taxable","11":"purchasable","12":"product-type-simple"},"_links":{"self":[{"href":"https:\/\/nordicmart.andreevmaster.com\/fi\/wp-json\/wp\/v2\/product\/32987","targetHints":{"allow":["GET"]}}],"collection":[{"href":"https:\/\/nordicmart.andreevmaster.com\/fi\/wp-json\/wp\/v2\/product"}],"about":[{"href":"https:\/\/nordicmart.andreevmaster.com\/fi\/wp-json\/wp\/v2\/types\/product"}],"replies":[{"embeddable":true,"href":"https:\/\/nordicmart.andreevmaster.com\/fi\/wp-json\/wp\/v2\/comments?post=32987"}],"wp:featuredmedia":[{"embeddable":true,"href":"https:\/\/nordicmart.andreevmaster.com\/fi\/wp-json\/wp\/v2\/media\/41938"}],"wp:attachment":[{"href":"https:\/\/nordicmart.andreevmaster.com\/fi\/wp-json\/wp\/v2\/media?parent=32987"}],"wp:term":[{"taxonomy":"product_brand","embeddable":true,"href":"https:\/\/nordicmart.andreevmaster.com\/fi\/wp-json\/wp\/v2\/product_brand?post=32987"},{"taxonomy":"product_cat","embeddable":true,"href":"https:\/\/nordicmart.andreevmaster.com\/fi\/wp-json\/wp\/v2\/product_cat?post=32987"},{"taxonomy":"product_tag","embeddable":true,"href":"https:\/\/nordicmart.andreevmaster.com\/fi\/wp-json\/wp\/v2\/product_tag?post=32987"}],"curies":[{"name":"wp","href":"https:\/\/api.w.org\/{rel}","templated":true}]}}