{"id":32984,"date":"2026-02-27T00:19:30","date_gmt":"2026-02-27T00:19:30","guid":{"rendered":"https:\/\/nordicmart.andreevmaster.com\/product\/mobiili-jalusta-musta-graniitti\/"},"modified":"2026-02-27T09:40:45","modified_gmt":"2026-02-27T09:40:45","slug":"mobiili-jalusta-musta-graniitti","status":"publish","type":"product","link":"https:\/\/nordicmart.andreevmaster.com\/fi\/tuote\/mobiili-jalusta-musta-graniitti\/","title":{"rendered":"Mobiili jalusta, musta graniitti"},"content":{"rendered":"<p>J\u00e4rjestys on puolet ty\u00f6st\u00e4, ja se p\u00e4tee my\u00f6s ty\u00f6paikallasi. T\u00e4m\u00e4n siirrett\u00e4v\u00e4n jalustan (sopii A4- tai kirjekuorille, joissa on etiketti) avulla voit saada paperipinot katoamaan ja tavanomaisen ty\u00f6p\u00f6yd\u00e4n kaaoksen nopeasti poistettua.K\u00e4yt\u00e4nn\u00f6llinen apulainen ty\u00f6huoneessa Jos ty\u00f6skentelet kotona, voit sijoittaa liikkuvan jalustan ty\u00f6p\u00f6yd\u00e4n viereen ja s\u00e4ilytt\u00e4\u00e4 siell\u00e4 asiakirjojasi. Tulostimellasi on my\u00f6s oma paikkansa hyllyll\u00e4. Huonekalu kaikkiin tilanteisiin S\u00e4ngyn p\u00e4\u00e4dyss\u00e4 siirrett\u00e4v\u00e4 jalusta toimii y\u00f6p\u00f6yt\u00e4n\u00e4, jolle voit esimerkiksi asettaa y\u00f6p\u00f6yd\u00e4n lampun; sohvan vieress\u00e4 se muuttuu sivup\u00f6yd\u00e4ksi, jossa v\u00e4lipalat, lehdet jne. odottavat sinua k\u00e4den ulottuvilla.Hiljaiset py\u00f6r\u00e4t mukavuutesi vuoksi 5 py\u00f6r\u00e4n ansiosta jalustaa on helppo siirt\u00e4\u00e4. Tai k\u00e4yt\u00e4 kahta lukittavaa py\u00f6r\u00e4\u00e4 kiinnitt\u00e4\u00e4ksesi kaapin yhteen paikkaan. Alimman laatikon py\u00f6r\u00e4 tarjoaa my\u00f6s hyv\u00e4n otteen ja varmistaa suuren kantokyvyn. Tuotetiedot: &#8211; V\u00e4ri: Graniitinmusta &#8211; Materiaali: E1-luokan MDF (keskitihe\u00e4 kuitulevy), PVC &#8211; Koko: 43 x 45 x 72 cm (P x L x K) &#8211; Paino: 20,5 kg &#8211; Maks. staattinen kantavuus: 50 kgToimitus sis\u00e4lt\u00e4\u00e4:- 1 x siirrett\u00e4v\u00e4 jalusta- 1 x lis\u00e4varustelaukku- 1 x laukku lis\u00e4varusteilla- 1 x asennusty\u00f6kalu- 1 x k\u00e4ytt\u00f6ohje (DE, EN, FR, IT, ES)VASAGLE-ohjeet:- Pid\u00e4 tuote poissa ter\u00e4vien esineiden ja l\u00e4mm\u00f6nl\u00e4hteiden l\u00e4heisyydest\u00e4. Tuote ei saa olla pitk\u00e4\u00e4n kosketuksissa veden kanssa &#8211; Asenna mukana toimitetut py\u00f6r\u00e4t ennen k\u00e4ytt\u00f6\u00e4; tuotetta ei saa k\u00e4ytt\u00e4\u00e4 ilman py\u00f6ri\u00e4.<\/p>\n","protected":false},"excerpt":{"rendered":"<p>J\u00e4rjestys on puolet ty\u00f6st\u00e4, ja se p\u00e4tee my\u00f6s ty\u00f6paikallasi. T\u00e4m\u00e4n siirrett\u00e4v\u00e4n jalustan (sopii A4- tai kirjekuorille, joissa on etiketti) avulla voit saada paperipinot katoamaan ja tavanomaisen ty\u00f6p\u00f6yd\u00e4n kaaoksen nopeasti poistettua.K\u00e4yt\u00e4nn\u00f6llinen apulainen ty\u00f6huoneessa Jos ty\u00f6skentelet kotona, voit sijoittaa liikkuvan jalustan ty\u00f6p\u00f6yd\u00e4n viereen ja s\u00e4ilytt\u00e4\u00e4 siell\u00e4 asiakirjojasi. Tulostimellasi on my\u00f6s oma paikkansa hyllyll\u00e4. Huonekalu kaikkiin tilanteisiin S\u00e4ngyn [&hellip;]<\/p>\n","protected":false},"featured_media":0,"comment_status":"open","ping_status":"closed","template":"","meta":[],"product_brand":[],"product_cat":[32],"product_tag":[],"class_list":{"0":"post-32984","1":"product","2":"type-product","3":"status-publish","5":"product_cat-uncategorized-fi","7":"first","8":"instock","9":"shipping-taxable","10":"product-type-simple"},"_links":{"self":[{"href":"https:\/\/nordicmart.andreevmaster.com\/fi\/wp-json\/wp\/v2\/product\/32984","targetHints":{"allow":["GET"]}}],"collection":[{"href":"https:\/\/nordicmart.andreevmaster.com\/fi\/wp-json\/wp\/v2\/product"}],"about":[{"href":"https:\/\/nordicmart.andreevmaster.com\/fi\/wp-json\/wp\/v2\/types\/product"}],"replies":[{"embeddable":true,"href":"https:\/\/nordicmart.andreevmaster.com\/fi\/wp-json\/wp\/v2\/comments?post=32984"}],"wp:attachment":[{"href":"https:\/\/nordicmart.andreevmaster.com\/fi\/wp-json\/wp\/v2\/media?parent=32984"}],"wp:term":[{"taxonomy":"product_brand","embeddable":true,"href":"https:\/\/nordicmart.andreevmaster.com\/fi\/wp-json\/wp\/v2\/product_brand?post=32984"},{"taxonomy":"product_cat","embeddable":true,"href":"https:\/\/nordicmart.andreevmaster.com\/fi\/wp-json\/wp\/v2\/product_cat?post=32984"},{"taxonomy":"product_tag","embeddable":true,"href":"https:\/\/nordicmart.andreevmaster.com\/fi\/wp-json\/wp\/v2\/product_tag?post=32984"}],"curies":[{"name":"wp","href":"https:\/\/api.w.org\/{rel}","templated":true}]}}