{"id":32982,"date":"2026-02-27T00:19:30","date_gmt":"2026-02-27T00:19:30","guid":{"rendered":"https:\/\/nordicmart.andreevmaster.com\/product\/siirrettava-jalusta-2-lukkoa-valkoinen\/"},"modified":"2026-02-27T09:40:45","modified_gmt":"2026-02-27T09:40:45","slug":"siirrettava-jalusta-2-lukkoa-valkoinen","status":"publish","type":"product","link":"https:\/\/nordicmart.andreevmaster.com\/fi\/tuote\/siirrettava-jalusta-2-lukkoa-valkoinen\/","title":{"rendered":"Siirrett\u00e4v\u00e4 jalusta 2 lukkoa Valkoinen"},"content":{"rendered":"<p>K\u00e4tev\u00e4 apulainen ty\u00f6paikalla Puuttuuko toimistostasi s\u00e4ilytystilaa? Kokeile t\u00e4t\u00e4 lukittavaa siirrett\u00e4v\u00e4\u00e4 jalustaa VASAGLE:lt\u00e4! Kaikki mit\u00e4 tarvitset ty\u00f6ss\u00e4si, mahtuu t\u00e4h\u00e4n kaappiin. My\u00f6s tulostimellesi on oma paikkansa hyllyll\u00e4. Huonekalu kaikkiin tilanteisiin S\u00e4ngyn p\u00e4\u00e4dyss\u00e4 siirrett\u00e4v\u00e4 jalusta toimii y\u00f6p\u00f6yt\u00e4n\u00e4, jolle voit esimerkiksi asettaa y\u00f6p\u00f6yd\u00e4n lampun; sohvan vieress\u00e4 se muuttuu sivup\u00f6yd\u00e4ksi, jolle voit asettaa v\u00e4lipalat, kupit jne. k\u00e4den ulottuville.K\u00e4yt\u00e4nn\u00f6lliset py\u00f6r\u00e4tT\u00e4m\u00e4 arkistokaappi on varustettu viidell\u00e4 py\u00f6r\u00e4ll\u00e4, joten voit siirt\u00e4\u00e4 sit\u00e4 helposti paikasta toiseen. Tai kiinnit\u00e4 kaappi yhteen paikkaan kahdella lukittavalla py\u00f6r\u00e4ll\u00e4. Alemman laatikon py\u00f6r\u00e4 tarjoaa my\u00f6s hyv\u00e4n pidon ja varmistaa suuren kantokyvyn. Tuotetiedot: &#8211; V\u00e4ri: Valkoinen &#8211; Materiaali: E1-luokan MDF (keskitihe\u00e4 kuitulevy), PVC &#8211; Koko: 44 x 40 x 54,5 cm (P x L x K) &#8211; Paino: 17 kg &#8211; Maks. staattinen kantavuus: 50 kgToimitus sis\u00e4lt\u00e4\u00e4:-1 x siirrett\u00e4v\u00e4 jalusta-1 x s\u00e4ilytyslaatikko tarvikkeineen-1 x k\u00e4ytt\u00f6ohje (DE, EN, FR, ES, IT)VASAGLE Huomautukset:- Emme suosittele alle 3-vuotiaiden lasten k\u00e4ytt\u00e4v\u00e4n tuotetta; jos he k\u00e4ytt\u00e4v\u00e4t sit\u00e4, se saa tapahtua vain aikuisen valvonnassa. \u00c4l\u00e4 anna lasten kiivet\u00e4 tuotteen p\u00e4\u00e4lle tai leikki\u00e4 sill\u00e4, jotta v\u00e4ltyt\u00e4\u00e4n kaatumisen aiheuttamilta vahingoilta.<\/p>\n","protected":false},"excerpt":{"rendered":"<p>K\u00e4tev\u00e4 apulainen ty\u00f6paikalla Puuttuuko toimistostasi s\u00e4ilytystilaa? Kokeile t\u00e4t\u00e4 lukittavaa siirrett\u00e4v\u00e4\u00e4 jalustaa VASAGLE:lt\u00e4! Kaikki mit\u00e4 tarvitset ty\u00f6ss\u00e4si, mahtuu t\u00e4h\u00e4n kaappiin. My\u00f6s tulostimellesi on oma paikkansa hyllyll\u00e4. Huonekalu kaikkiin tilanteisiin S\u00e4ngyn p\u00e4\u00e4dyss\u00e4 siirrett\u00e4v\u00e4 jalusta toimii y\u00f6p\u00f6yt\u00e4n\u00e4, jolle voit esimerkiksi asettaa y\u00f6p\u00f6yd\u00e4n lampun; sohvan vieress\u00e4 se muuttuu sivup\u00f6yd\u00e4ksi, jolle voit asettaa v\u00e4lipalat, kupit jne. k\u00e4den ulottuville.K\u00e4yt\u00e4nn\u00f6lliset py\u00f6r\u00e4tT\u00e4m\u00e4 arkistokaappi [&hellip;]<\/p>\n","protected":false},"featured_media":0,"comment_status":"open","ping_status":"closed","template":"","meta":[],"product_brand":[],"product_cat":[32],"product_tag":[],"class_list":{"0":"post-32982","1":"product","2":"type-product","3":"status-publish","5":"product_cat-uncategorized-fi","7":"first","8":"instock","9":"shipping-taxable","10":"product-type-simple"},"_links":{"self":[{"href":"https:\/\/nordicmart.andreevmaster.com\/fi\/wp-json\/wp\/v2\/product\/32982","targetHints":{"allow":["GET"]}}],"collection":[{"href":"https:\/\/nordicmart.andreevmaster.com\/fi\/wp-json\/wp\/v2\/product"}],"about":[{"href":"https:\/\/nordicmart.andreevmaster.com\/fi\/wp-json\/wp\/v2\/types\/product"}],"replies":[{"embeddable":true,"href":"https:\/\/nordicmart.andreevmaster.com\/fi\/wp-json\/wp\/v2\/comments?post=32982"}],"wp:attachment":[{"href":"https:\/\/nordicmart.andreevmaster.com\/fi\/wp-json\/wp\/v2\/media?parent=32982"}],"wp:term":[{"taxonomy":"product_brand","embeddable":true,"href":"https:\/\/nordicmart.andreevmaster.com\/fi\/wp-json\/wp\/v2\/product_brand?post=32982"},{"taxonomy":"product_cat","embeddable":true,"href":"https:\/\/nordicmart.andreevmaster.com\/fi\/wp-json\/wp\/v2\/product_cat?post=32982"},{"taxonomy":"product_tag","embeddable":true,"href":"https:\/\/nordicmart.andreevmaster.com\/fi\/wp-json\/wp\/v2\/product_tag?post=32982"}],"curies":[{"name":"wp","href":"https:\/\/api.w.org\/{rel}","templated":true}]}}