{"id":32981,"date":"2026-02-27T00:19:30","date_gmt":"2026-02-27T00:19:30","guid":{"rendered":"https:\/\/nordicmart.andreevmaster.com\/product\/vasagle-lukittava-rullakontti-musta\/"},"modified":"2026-02-27T09:40:45","modified_gmt":"2026-02-27T09:40:45","slug":"vasagle-lukittava-rullakontti-musta","status":"publish","type":"product","link":"https:\/\/nordicmart.andreevmaster.com\/fi\/tuote\/vasagle-lukittava-rullakontti-musta\/","title":{"rendered":"VASAGLE Lukittava rullakontti, musta"},"content":{"rendered":"<p>K\u00e4tev\u00e4 apulainen ty\u00f6ss\u00e4 Puuttuuko toimistostasi s\u00e4ilytystilaa? Kokeile sitten t\u00e4t\u00e4 lukittavaa rullalaatikkoa VASAGLE:lt\u00e4! Kaikki mit\u00e4 tarvitset ty\u00f6ss\u00e4si, voidaan s\u00e4ilytt\u00e4\u00e4 t\u00e4ss\u00e4 kaapissa. Hyllyll\u00e4 on my\u00f6s oma paikka tulostimellesi.Huonekalu kaikkiin tilanteisiin S\u00e4ngyn p\u00e4\u00e4dyss\u00e4 rullakaappi toimii y\u00f6p\u00f6yt\u00e4n\u00e4, jolle voit asettaa esimerkiksi y\u00f6p\u00f6yd\u00e4n lampun; sohvan vieress\u00e4 se muuttuu sivup\u00f6yd\u00e4ksi, jolle voit asettaa kulhoja, joissa on v\u00e4lipaloja, kuppeja jne. K\u00e4tev\u00e4t rullat T\u00e4m\u00e4 arkistokaappi on varustettu 5 rullalla, joten voit siirt\u00e4\u00e4 sit\u00e4 helposti. Tai voit kiinnitt\u00e4\u00e4 kaapin paikalleen 2 lukittavalla py\u00f6r\u00e4ll\u00e4. Alalaatikossa oleva rulla antaa sille hyv\u00e4n pidon ja takaa suuren kantavuuden. Tuotetiedot: &#8211; V\u00e4ri: musta &#8211; Materiaali: E1-luokan MDF (keskitihe\u00e4 kuitulevy), PVC &#8211; Koko: 40 x 44 x 54,5 cm (P x L x K) &#8211; Paino: 17 kg &#8211; Maks. staattinen kantavuus: 50 kg Toimitus sis\u00e4lt\u00e4\u00e4: &#8211; 1 x rullakaappi &#8211; 1 x s\u00e4ilytyslaatikko tarvikkeilla &#8211; 1 x ohjeet (DE, EN, FR, ES, IT) VASAGLE Huomautukset:- Emme suosittele alle 3-vuotiaiden lasten k\u00e4ytt\u00e4v\u00e4n tuotetta; jos he kuitenkin k\u00e4ytt\u00e4v\u00e4t sit\u00e4, se on teht\u00e4v\u00e4 aikuisen valvonnassa. &#8211; \u00c4l\u00e4 anna lasten kiivet\u00e4 tuotteen p\u00e4\u00e4lle tai leikki\u00e4 sill\u00e4, jotta v\u00e4ltyt\u00e4\u00e4n kaatumisen aiheuttamilta vammoilta.<\/p>\n","protected":false},"excerpt":{"rendered":"<p>VASAGLE Rullakontti, lukittava, arkistokaappi 2 laatikolla, 5 rullalla ja s\u00e4\u00e4dett\u00e4v\u00e4ll\u00e4 riippukansiolla, A4- ja Letter-kokoisille asiakirjoille, kotitoimisto, musta LCD22BV1<\/p>\n","protected":false},"featured_media":41935,"comment_status":"open","ping_status":"closed","template":"","meta":[],"product_brand":[],"product_cat":[32],"product_tag":[],"class_list":{"0":"post-32981","1":"product","2":"type-product","3":"status-publish","4":"has-post-thumbnail","6":"product_cat-uncategorized-fi","8":"first","9":"instock","10":"shipping-taxable","11":"purchasable","12":"product-type-simple"},"_links":{"self":[{"href":"https:\/\/nordicmart.andreevmaster.com\/fi\/wp-json\/wp\/v2\/product\/32981","targetHints":{"allow":["GET"]}}],"collection":[{"href":"https:\/\/nordicmart.andreevmaster.com\/fi\/wp-json\/wp\/v2\/product"}],"about":[{"href":"https:\/\/nordicmart.andreevmaster.com\/fi\/wp-json\/wp\/v2\/types\/product"}],"replies":[{"embeddable":true,"href":"https:\/\/nordicmart.andreevmaster.com\/fi\/wp-json\/wp\/v2\/comments?post=32981"}],"wp:featuredmedia":[{"embeddable":true,"href":"https:\/\/nordicmart.andreevmaster.com\/fi\/wp-json\/wp\/v2\/media\/41935"}],"wp:attachment":[{"href":"https:\/\/nordicmart.andreevmaster.com\/fi\/wp-json\/wp\/v2\/media?parent=32981"}],"wp:term":[{"taxonomy":"product_brand","embeddable":true,"href":"https:\/\/nordicmart.andreevmaster.com\/fi\/wp-json\/wp\/v2\/product_brand?post=32981"},{"taxonomy":"product_cat","embeddable":true,"href":"https:\/\/nordicmart.andreevmaster.com\/fi\/wp-json\/wp\/v2\/product_cat?post=32981"},{"taxonomy":"product_tag","embeddable":true,"href":"https:\/\/nordicmart.andreevmaster.com\/fi\/wp-json\/wp\/v2\/product_tag?post=32981"}],"curies":[{"name":"wp","href":"https:\/\/api.w.org\/{rel}","templated":true}]}}