{"id":32979,"date":"2026-02-27T00:19:29","date_gmt":"2026-02-27T00:19:29","guid":{"rendered":"https:\/\/nordicmart.andreevmaster.com\/product\/vasagle-rullakontti-2-isoa-laatikkoa\/"},"modified":"2026-02-27T09:40:44","modified_gmt":"2026-02-27T09:40:44","slug":"vasagle-rullakontti-2-isoa-laatikkoa","status":"publish","type":"product","link":"https:\/\/nordicmart.andreevmaster.com\/fi\/tuote\/vasagle-rullakontti-2-isoa-laatikkoa\/","title":{"rendered":"VASAGLE rullakontti, 2 isoa laatikkoa"},"content":{"rendered":"<p>Tuotetiedot: V\u00e4ri: valkoinen Materiaali: MDF (keskitihe\u00e4 kuitulevy), PVC Koko: 44,5 x 43 x 72 cm (S x L x K) Paino: 20 kg Maks. staattinen kantavuus: 50 kg Toimitus sis\u00e4lt\u00e4\u00e4: 1 x rullakontti 1 x lis\u00e4varustepaketti 1 x ohjeet VASAGLE Huomautukset:Tuote ei saa olla pitk\u00e4\u00e4n kosketuksissa veden kanssa. Asenna mukana toimitetut rullat ennen k\u00e4ytt\u00f6\u00e4; tuotetta ei saa k\u00e4ytt\u00e4\u00e4 ilman rullia.<\/p>\n","protected":false},"excerpt":{"rendered":"<p>VASAGLE Rullalaatikko lukolla ja laatikoilla, lukittava arkistokaappi s\u00e4\u00e4dett\u00e4v\u00e4ll\u00e4 riippukaapilla, valkoinen LCD027W46<\/p>\n","protected":false},"featured_media":41934,"comment_status":"open","ping_status":"closed","template":"","meta":[],"product_brand":[],"product_cat":[32],"product_tag":[],"class_list":{"0":"post-32979","1":"product","2":"type-product","3":"status-publish","4":"has-post-thumbnail","6":"product_cat-uncategorized-fi","8":"first","9":"instock","10":"shipping-taxable","11":"purchasable","12":"product-type-simple"},"_links":{"self":[{"href":"https:\/\/nordicmart.andreevmaster.com\/fi\/wp-json\/wp\/v2\/product\/32979","targetHints":{"allow":["GET"]}}],"collection":[{"href":"https:\/\/nordicmart.andreevmaster.com\/fi\/wp-json\/wp\/v2\/product"}],"about":[{"href":"https:\/\/nordicmart.andreevmaster.com\/fi\/wp-json\/wp\/v2\/types\/product"}],"replies":[{"embeddable":true,"href":"https:\/\/nordicmart.andreevmaster.com\/fi\/wp-json\/wp\/v2\/comments?post=32979"}],"wp:featuredmedia":[{"embeddable":true,"href":"https:\/\/nordicmart.andreevmaster.com\/fi\/wp-json\/wp\/v2\/media\/41934"}],"wp:attachment":[{"href":"https:\/\/nordicmart.andreevmaster.com\/fi\/wp-json\/wp\/v2\/media?parent=32979"}],"wp:term":[{"taxonomy":"product_brand","embeddable":true,"href":"https:\/\/nordicmart.andreevmaster.com\/fi\/wp-json\/wp\/v2\/product_brand?post=32979"},{"taxonomy":"product_cat","embeddable":true,"href":"https:\/\/nordicmart.andreevmaster.com\/fi\/wp-json\/wp\/v2\/product_cat?post=32979"},{"taxonomy":"product_tag","embeddable":true,"href":"https:\/\/nordicmart.andreevmaster.com\/fi\/wp-json\/wp\/v2\/product_tag?post=32979"}],"curies":[{"name":"wp","href":"https:\/\/api.w.org\/{rel}","templated":true}]}}