{"id":32978,"date":"2026-02-27T00:19:29","date_gmt":"2026-02-27T00:19:29","guid":{"rendered":"https:\/\/nordicmart.andreevmaster.com\/product\/vasagle-lukittava-rullakontti-2-laatikkoa-ja-5-rullaa\/"},"modified":"2026-02-27T09:40:44","modified_gmt":"2026-02-27T09:40:44","slug":"vasagle-lukittava-rullakontti-2-laatikkoa-ja-5-rullaa","status":"publish","type":"product","link":"https:\/\/nordicmart.andreevmaster.com\/fi\/tuote\/vasagle-lukittava-rullakontti-2-laatikkoa-ja-5-rullaa\/","title":{"rendered":"VASAGLE lukittava rullakontti, 2 laatikkoa ja 5 rullaa"},"content":{"rendered":"<p>VASAGLE Rullavaunu, lukittava, arkistokaappi 2 laatikolla, 5 rullalla, s\u00e4\u00e4dett\u00e4vill\u00e4 ripustustangoilla, A4- ja Letter-kokoisille ripustettaville kansioille, vintage-ruskea-mustanmusta LCD022K01<br \/>\nV\u00e4ri: vintage-ruskea-mustanmusta<br \/>\nMateriaali: MDF (keskitihe\u00e4 kuitulevy), puulastulevy<br \/>\nKoko: 43,8 x 40 x 54,4 cm (S x L x K)<br \/>\nPaino: 15,2 kg<br \/>\nPienen laatikon maks. staattinen kantavuus: 5 kg<br \/>\nSuuren laatikon maks. staattinen kantavuus: 10 kg<br \/>\nYl\u00e4levyn maks. staattinen kantavuus: 15 kg<br \/>\nSuurin staattinen kantavuus yhteens\u00e4: 30 kg<\/p>\n","protected":false},"excerpt":{"rendered":"<p>VASAGLE Rullavaunu, lukittava, arkistokaappi 2 laatikolla, 5 rullalla, s\u00e4\u00e4dett\u00e4vill\u00e4 ripustustangoilla, A4- ja Letter-kokoisille ripustettaville kansioille, vintage-ruskea-mustanmusta LCD022K01<\/p>\n","protected":false},"featured_media":41933,"comment_status":"open","ping_status":"closed","template":"","meta":[],"product_brand":[],"product_cat":[32],"product_tag":[],"class_list":{"0":"post-32978","1":"product","2":"type-product","3":"status-publish","4":"has-post-thumbnail","6":"product_cat-uncategorized-fi","8":"first","9":"instock","10":"shipping-taxable","11":"purchasable","12":"product-type-simple"},"_links":{"self":[{"href":"https:\/\/nordicmart.andreevmaster.com\/fi\/wp-json\/wp\/v2\/product\/32978","targetHints":{"allow":["GET"]}}],"collection":[{"href":"https:\/\/nordicmart.andreevmaster.com\/fi\/wp-json\/wp\/v2\/product"}],"about":[{"href":"https:\/\/nordicmart.andreevmaster.com\/fi\/wp-json\/wp\/v2\/types\/product"}],"replies":[{"embeddable":true,"href":"https:\/\/nordicmart.andreevmaster.com\/fi\/wp-json\/wp\/v2\/comments?post=32978"}],"wp:featuredmedia":[{"embeddable":true,"href":"https:\/\/nordicmart.andreevmaster.com\/fi\/wp-json\/wp\/v2\/media\/41933"}],"wp:attachment":[{"href":"https:\/\/nordicmart.andreevmaster.com\/fi\/wp-json\/wp\/v2\/media?parent=32978"}],"wp:term":[{"taxonomy":"product_brand","embeddable":true,"href":"https:\/\/nordicmart.andreevmaster.com\/fi\/wp-json\/wp\/v2\/product_brand?post=32978"},{"taxonomy":"product_cat","embeddable":true,"href":"https:\/\/nordicmart.andreevmaster.com\/fi\/wp-json\/wp\/v2\/product_cat?post=32978"},{"taxonomy":"product_tag","embeddable":true,"href":"https:\/\/nordicmart.andreevmaster.com\/fi\/wp-json\/wp\/v2\/product_tag?post=32978"}],"curies":[{"name":"wp","href":"https:\/\/api.w.org\/{rel}","templated":true}]}}