{"id":32976,"date":"2026-02-27T00:19:28","date_gmt":"2026-02-27T00:19:28","guid":{"rendered":"https:\/\/nordicmart.andreevmaster.com\/product\/songmics-pyykkikori-bambusta-100-l\/"},"modified":"2026-02-27T09:40:44","modified_gmt":"2026-02-27T09:40:44","slug":"songmics-pyykkikori-bambusta-100-l","status":"publish","type":"product","link":"https:\/\/nordicmart.andreevmaster.com\/fi\/tuote\/songmics-pyykkikori-bambusta-100-l\/","title":{"rendered":"SONGMICS pyykkikori bambusta 100 l"},"content":{"rendered":"<p>Pieni kotity\u00f6&#8230; Pyykki\u00e4 pesem\u00e4ll\u00e4 ei juuri kukaan viihdy. Kun likainen pyykki lojuu ymp\u00e4riins\u00e4 ja sit\u00e4 pit\u00e4\u00e4 vaivalloisesti ker\u00e4t\u00e4 ennen kuin voi vied\u00e4 sen pesukoneeseen, kenenk\u00e4\u00e4n mieli ei en\u00e4\u00e4 tee sit\u00e4. Hanki siis t\u00e4m\u00e4 SONGMICS-pyykkikori ja sano hyv\u00e4stit t\u00e4lle ongelmalle! Haluatpa sitten vied\u00e4 kaikki vaatteet kerralla pesukoneeseen tai tarvitset vain s\u00e4ilytyspaikan likaisille sukkillesi, t\u00e4m\u00e4 pyykkikori on aina apunasi. Lis\u00e4ksi bambupinta on ainutlaatuinen ja vieh\u00e4tt\u00e4v\u00e4 \u2013 joten \u00e4l\u00e4 piilota t\u00e4t\u00e4 vieh\u00e4tt\u00e4v\u00e4\u00e4 koria kaappiin, vaan laita se esille. Musta ja valkoinen Heit\u00e4 tummat vaatteet t\u00e4m\u00e4n korin toiseen lokeroon (tummat) ja vaaleat toiseen (vaaleat). N\u00e4in pyykinpesu on helppoa. Jopa 25 kg likapyykk\u00e4\u00e4 ei ole ongelma tukevalle pyykkikorille, jota vanerinen sis\u00e4osa tukee optimaalisesti. Viikon k\u00e4ytetyt vaatteet? Kuljeta t\u00e4t\u00e4 koria huoletta huoneesta toiseen. Sinun ei tarvitse huolehtia siit\u00e4, ett\u00e4 se romahtaa painon alla! Tuotetiedot: &#8211; V\u00e4ri: luonnonv\u00e4ri &#8211; Materiaali: bambu, puuvillainen pyykkipussi &#8211; Mitat: 52 x 63 x 32 cm (L x K x S) &#8211; Paino: 2,7 kg Toimitus sis\u00e4lt\u00e4\u00e4: &#8211; 1 x pyykkikori &#8211; 1 x ohjeet (DE, EN, FR, IT, ES) SONGMICS Huomautukset: &#8211; \u00c4l\u00e4 k\u00e4yt\u00e4<br \/>\npyykkikoria kosteassa ymp\u00e4rist\u00f6ss\u00e4 homeen muodostumisen est\u00e4miseksi. Tuuleta tuote s\u00e4\u00e4nn\u00f6llisesti. &#8211; \u00c4l\u00e4 t\u00e4yt\u00e4 koria liikaa pyykill\u00e4. Ylikuormitus voi aiheuttaa muodonmuutoksia. &#8211; \u00c4l\u00e4 venyt\u00e4 metallirenkaita liikaa auki. &#8211; K\u00e4yt\u00e4 kosteaa liinaa t\u00e4m\u00e4n tuotteen puhdistamiseen. &#8211; Pyykkihuopa on pest\u00e4v\u00e4 30 \u00b0C:ssa.<\/p>\n","protected":false},"excerpt":{"rendered":"<p>SONGMICS bambusta valmistettu pyykkikori, 100 litran pyykkilaatikko 2 lokerolla, taitettava pyykkikori irrotettavalla pyykkipussilla, pyykkilaatikko kahvoilla, 52 x 63 x 32 cm, luonnonv\u00e4ri LCB64Y<\/p>\n","protected":false},"featured_media":41931,"comment_status":"open","ping_status":"closed","template":"","meta":[],"product_brand":[],"product_cat":[32],"product_tag":[],"class_list":{"0":"post-32976","1":"product","2":"type-product","3":"status-publish","4":"has-post-thumbnail","6":"product_cat-uncategorized-fi","8":"first","9":"instock","10":"shipping-taxable","11":"purchasable","12":"product-type-simple"},"_links":{"self":[{"href":"https:\/\/nordicmart.andreevmaster.com\/fi\/wp-json\/wp\/v2\/product\/32976","targetHints":{"allow":["GET"]}}],"collection":[{"href":"https:\/\/nordicmart.andreevmaster.com\/fi\/wp-json\/wp\/v2\/product"}],"about":[{"href":"https:\/\/nordicmart.andreevmaster.com\/fi\/wp-json\/wp\/v2\/types\/product"}],"replies":[{"embeddable":true,"href":"https:\/\/nordicmart.andreevmaster.com\/fi\/wp-json\/wp\/v2\/comments?post=32976"}],"wp:featuredmedia":[{"embeddable":true,"href":"https:\/\/nordicmart.andreevmaster.com\/fi\/wp-json\/wp\/v2\/media\/41931"}],"wp:attachment":[{"href":"https:\/\/nordicmart.andreevmaster.com\/fi\/wp-json\/wp\/v2\/media?parent=32976"}],"wp:term":[{"taxonomy":"product_brand","embeddable":true,"href":"https:\/\/nordicmart.andreevmaster.com\/fi\/wp-json\/wp\/v2\/product_brand?post=32976"},{"taxonomy":"product_cat","embeddable":true,"href":"https:\/\/nordicmart.andreevmaster.com\/fi\/wp-json\/wp\/v2\/product_cat?post=32976"},{"taxonomy":"product_tag","embeddable":true,"href":"https:\/\/nordicmart.andreevmaster.com\/fi\/wp-json\/wp\/v2\/product_tag?post=32976"}],"curies":[{"name":"wp","href":"https:\/\/api.w.org\/{rel}","templated":true}]}}