{"id":32973,"date":"2026-02-27T00:19:28","date_gmt":"2026-02-27T00:19:28","guid":{"rendered":"https:\/\/nordicmart.andreevmaster.com\/product\/songmics-kapea-pyykkikori-pyykkikori-kannella-ja-kahvoilla\/"},"modified":"2026-02-27T09:40:43","modified_gmt":"2026-02-27T09:40:43","slug":"songmics-kapea-pyykkikori-pyykkikori-kannella-ja-kahvoilla","status":"publish","type":"product","link":"https:\/\/nordicmart.andreevmaster.com\/fi\/tuote\/songmics-kapea-pyykkikori-pyykkikori-kannella-ja-kahvoilla\/","title":{"rendered":"SONGMICS kapea pyykkikori, pyykkikori, kannella ja kahvoilla"},"content":{"rendered":"<p>Tuotetiedot: V\u00e4ri: luonnollinen Materiaali: PP-muovirattan, rautakehys, puuvilla Koko: 46 x 33 x 60 cm (P x L x K) Paino: 4 kg Maks. staattinen kantavuus: 25 kg Toimitus sis\u00e4lt\u00e4\u00e4: 1 x pyykkikori 1 x s\u00e4ilytysastia lis\u00e4varusteineen 1 x k\u00e4ytt\u00f6ohje (DE, EN, FR, ES, IT) SONGMICS Huomautukset: Tuote ei saa joutua kosketuksiin ter\u00e4vien esineiden kanssa, jotta se ei vahingoitu.Tuotteen maks. staattinen kantavuus on 25 kg. \u00c4l\u00e4 s\u00e4ilyt\u00e4 raskaampia esineit\u00e4 korissa. T\u00e4m\u00e4 on k\u00e4sin kudottu tuote. Siksi yksitt\u00e4isiss\u00e4 punosnauhoissa ja niiden liitoskohdissa voi esiinty\u00e4 ep\u00e4s\u00e4\u00e4nn\u00f6llisyyksi\u00e4, jotka eiv\u00e4t kuitenkaan vaikuta tuotteen k\u00e4ytt\u00f6\u00f6n.<\/p>\n","protected":false},"excerpt":{"rendered":"<p>Pyykki kori 90 litraa, k\u00e4sin kudottu, pyykkikori synteettisest\u00e4 rottingista, taitettava, kansi ja kahvat, irrotettava pyykkipussi, luonnonv\u00e4ri<\/p>\n","protected":false},"featured_media":41928,"comment_status":"open","ping_status":"closed","template":"","meta":[],"product_brand":[],"product_cat":[32],"product_tag":[],"class_list":{"0":"post-32973","1":"product","2":"type-product","3":"status-publish","4":"has-post-thumbnail","6":"product_cat-uncategorized-fi","8":"first","9":"instock","10":"shipping-taxable","11":"purchasable","12":"product-type-simple"},"_links":{"self":[{"href":"https:\/\/nordicmart.andreevmaster.com\/fi\/wp-json\/wp\/v2\/product\/32973","targetHints":{"allow":["GET"]}}],"collection":[{"href":"https:\/\/nordicmart.andreevmaster.com\/fi\/wp-json\/wp\/v2\/product"}],"about":[{"href":"https:\/\/nordicmart.andreevmaster.com\/fi\/wp-json\/wp\/v2\/types\/product"}],"replies":[{"embeddable":true,"href":"https:\/\/nordicmart.andreevmaster.com\/fi\/wp-json\/wp\/v2\/comments?post=32973"}],"wp:featuredmedia":[{"embeddable":true,"href":"https:\/\/nordicmart.andreevmaster.com\/fi\/wp-json\/wp\/v2\/media\/41928"}],"wp:attachment":[{"href":"https:\/\/nordicmart.andreevmaster.com\/fi\/wp-json\/wp\/v2\/media?parent=32973"}],"wp:term":[{"taxonomy":"product_brand","embeddable":true,"href":"https:\/\/nordicmart.andreevmaster.com\/fi\/wp-json\/wp\/v2\/product_brand?post=32973"},{"taxonomy":"product_cat","embeddable":true,"href":"https:\/\/nordicmart.andreevmaster.com\/fi\/wp-json\/wp\/v2\/product_cat?post=32973"},{"taxonomy":"product_tag","embeddable":true,"href":"https:\/\/nordicmart.andreevmaster.com\/fi\/wp-json\/wp\/v2\/product_tag?post=32973"}],"curies":[{"name":"wp","href":"https:\/\/api.w.org\/{rel}","templated":true}]}}