{"id":32961,"date":"2026-02-27T00:19:25","date_gmt":"2026-02-27T00:19:25","guid":{"rendered":"https:\/\/nordicmart.andreevmaster.com\/product\/songmics-pyykkikori-pyykkikori-kannella-65-l\/"},"modified":"2026-02-27T09:40:41","modified_gmt":"2026-02-27T09:40:41","slug":"songmics-pyykkikori-pyykkikori-kannella-65-l","status":"publish","type":"product","link":"https:\/\/nordicmart.andreevmaster.com\/fi\/tuote\/songmics-pyykkikori-pyykkikori-kannella-65-l\/","title":{"rendered":"SONGMICS pyykkikori, pyykkikori kannella, 65 l"},"content":{"rendered":"<p>Pyykki kori 3 lokeroa, pyykkikori kannella, 150 l, irrotettava pyykkipussi, Oxford-kangas, kokoontaitettava, musta<br \/>\nTuotetiedot:<br \/>\n&#8211; V\u00e4ri: musta<br \/>\n&#8211; Materiaali: 600D Oxford-kangas, bambu, lasikuitutangot, pahvi<br \/>\n&#8211; Koko: 42 x 22,5 x 70,5 cm (P x L x K)<br \/>\n&#8211; Paino: 1,3 kg<br \/>\n&#8211; Maks. staattinen kantavuus: 5 kg<\/p>\n<p>Toimitus sis\u00e4lt\u00e4\u00e4<br \/>\n&#8211; 1 x pyykkikori<br \/>\n&#8211; 1 x lis\u00e4varustepaketti<br \/>\n&#8211; 1 x k\u00e4ytt\u00f6ohje<\/p>\n<p>Huomautukset:<br \/>\n&#8211; Pesukoria ei suositella s\u00e4ilytett\u00e4v\u00e4ksi pitk\u00e4\u00e4n kosteassa ymp\u00e4rist\u00f6ss\u00e4, jotta se ei vahingoitu.<br \/>\n&#8211; V\u00e4lt\u00e4 asettamasta painavia esineit\u00e4 kannen p\u00e4\u00e4lle, jotta se ei vaurioidu.<br \/>\n&#8211; \u00c4l\u00e4 s\u00e4ilyt\u00e4 ter\u00e4vi\u00e4 esineit\u00e4 t\u00e4ss\u00e4 pyykkikorissa vahingoittumisen tai loukkaantumisen v\u00e4ltt\u00e4miseksi.<\/p>\n","protected":false},"excerpt":{"rendered":"<p>Pyykki kori 3 lokeroa, pyykkikori kannella, 150 l, irrotettava pyykkipussi, Oxford-kangas, kokoontaitettava, musta<\/p>\n","protected":false},"featured_media":41916,"comment_status":"open","ping_status":"closed","template":"","meta":[],"product_brand":[],"product_cat":[32],"product_tag":[],"class_list":{"0":"post-32961","1":"product","2":"type-product","3":"status-publish","4":"has-post-thumbnail","6":"product_cat-uncategorized-fi","8":"first","9":"instock","10":"shipping-taxable","11":"purchasable","12":"product-type-simple"},"_links":{"self":[{"href":"https:\/\/nordicmart.andreevmaster.com\/fi\/wp-json\/wp\/v2\/product\/32961","targetHints":{"allow":["GET"]}}],"collection":[{"href":"https:\/\/nordicmart.andreevmaster.com\/fi\/wp-json\/wp\/v2\/product"}],"about":[{"href":"https:\/\/nordicmart.andreevmaster.com\/fi\/wp-json\/wp\/v2\/types\/product"}],"replies":[{"embeddable":true,"href":"https:\/\/nordicmart.andreevmaster.com\/fi\/wp-json\/wp\/v2\/comments?post=32961"}],"wp:featuredmedia":[{"embeddable":true,"href":"https:\/\/nordicmart.andreevmaster.com\/fi\/wp-json\/wp\/v2\/media\/41916"}],"wp:attachment":[{"href":"https:\/\/nordicmart.andreevmaster.com\/fi\/wp-json\/wp\/v2\/media?parent=32961"}],"wp:term":[{"taxonomy":"product_brand","embeddable":true,"href":"https:\/\/nordicmart.andreevmaster.com\/fi\/wp-json\/wp\/v2\/product_brand?post=32961"},{"taxonomy":"product_cat","embeddable":true,"href":"https:\/\/nordicmart.andreevmaster.com\/fi\/wp-json\/wp\/v2\/product_cat?post=32961"},{"taxonomy":"product_tag","embeddable":true,"href":"https:\/\/nordicmart.andreevmaster.com\/fi\/wp-json\/wp\/v2\/product_tag?post=32961"}],"curies":[{"name":"wp","href":"https:\/\/api.w.org\/{rel}","templated":true}]}}