{"id":32934,"date":"2026-02-27T00:19:19","date_gmt":"2026-02-27T00:19:19","guid":{"rendered":"https:\/\/nordicmart.andreevmaster.com\/product\/songmics-pyykkikori-kannella-pyykkikori-bambusta-pyykkipussi-kahvoilla-irrotettava-ja-konepestava\/"},"modified":"2026-02-27T09:40:36","modified_gmt":"2026-02-27T09:40:36","slug":"songmics-pyykkikori-kannella-pyykkikori-bambusta-pyykkipussi-kahvoilla-irrotettava-ja-konepestava","status":"publish","type":"product","link":"https:\/\/nordicmart.andreevmaster.com\/fi\/tuote\/songmics-pyykkikori-kannella-pyykkikori-bambusta-pyykkipussi-kahvoilla-irrotettava-ja-konepestava\/","title":{"rendered":"SONGMICS pyykkikori kannella, pyykkikori bambusta, pyykkipussi kahvoilla, irrotettava ja konepest\u00e4v\u00e4"},"content":{"rendered":"<p>SONGMICS pyykkikori kannella, 100 litraa, pyykkikori bambusta, irrotettava ja konepest\u00e4v\u00e4 pyykkipussi, kahvoilla, pesutupa, makuuhuone, olohuone, luonnonv\u00e4ri LCB063N01<br \/>\nTekniset tiedot:<br \/>\n&#8211; Mitat: 31,5 x 42,5 x 61 cm (S x L x K)<br \/>\n&#8211; Paino: 2 kg<br \/>\n&#8211; Maks. staattinen kantavuus: 20 kg<br \/>\n&#8211; Materiaali: bambu, polyester-puuvillaseos, metallirunko<br \/>\n&#8211; V\u00e4ri: beige<\/p>\n","protected":false},"excerpt":{"rendered":"<p>SONGMICS pyykkikori kannella, 100 litraa, pyykkikori bambusta, irrotettava ja konepest\u00e4v\u00e4 pyykkipussi, kahvoilla, pesutupa, makuuhuone, olohuone, luonnonv\u00e4ri LCB063N01<\/p>\n","protected":false},"featured_media":41890,"comment_status":"open","ping_status":"closed","template":"","meta":[],"product_brand":[],"product_cat":[32],"product_tag":[],"class_list":{"0":"post-32934","1":"product","2":"type-product","3":"status-publish","4":"has-post-thumbnail","6":"product_cat-uncategorized-fi","8":"first","9":"instock","10":"shipping-taxable","11":"purchasable","12":"product-type-simple"},"_links":{"self":[{"href":"https:\/\/nordicmart.andreevmaster.com\/fi\/wp-json\/wp\/v2\/product\/32934","targetHints":{"allow":["GET"]}}],"collection":[{"href":"https:\/\/nordicmart.andreevmaster.com\/fi\/wp-json\/wp\/v2\/product"}],"about":[{"href":"https:\/\/nordicmart.andreevmaster.com\/fi\/wp-json\/wp\/v2\/types\/product"}],"replies":[{"embeddable":true,"href":"https:\/\/nordicmart.andreevmaster.com\/fi\/wp-json\/wp\/v2\/comments?post=32934"}],"wp:featuredmedia":[{"embeddable":true,"href":"https:\/\/nordicmart.andreevmaster.com\/fi\/wp-json\/wp\/v2\/media\/41890"}],"wp:attachment":[{"href":"https:\/\/nordicmart.andreevmaster.com\/fi\/wp-json\/wp\/v2\/media?parent=32934"}],"wp:term":[{"taxonomy":"product_brand","embeddable":true,"href":"https:\/\/nordicmart.andreevmaster.com\/fi\/wp-json\/wp\/v2\/product_brand?post=32934"},{"taxonomy":"product_cat","embeddable":true,"href":"https:\/\/nordicmart.andreevmaster.com\/fi\/wp-json\/wp\/v2\/product_cat?post=32934"},{"taxonomy":"product_tag","embeddable":true,"href":"https:\/\/nordicmart.andreevmaster.com\/fi\/wp-json\/wp\/v2\/product_tag?post=32934"}],"curies":[{"name":"wp","href":"https:\/\/api.w.org\/{rel}","templated":true}]}}