{"id":32933,"date":"2026-02-27T00:19:18","date_gmt":"2026-02-27T00:19:18","guid":{"rendered":"https:\/\/nordicmart.andreevmaster.com\/product\/songmics-pyykkikori-pellavajaljitelma-142-l-harmaa\/"},"modified":"2026-02-27T09:40:36","modified_gmt":"2026-02-27T09:40:36","slug":"songmics-pyykkikori-pellavajaljitelma-142-l-harmaa","status":"publish","type":"product","link":"https:\/\/nordicmart.andreevmaster.com\/fi\/tuote\/songmics-pyykkikori-pellavajaljitelma-142-l-harmaa\/","title":{"rendered":"SONGMICS pyykkikori, pellavaj\u00e4ljitelm\u00e4, 142 l, harmaa"},"content":{"rendered":"<p>Helppo pesup\u00e4iv\u00e4: Onko likainen pyykki hajallaan ymp\u00e4ri huonetta, joten sinun on ker\u00e4tt\u00e4v\u00e4 se vaivalloisesti ennen kuin voit vied\u00e4 sen pesukoneeseen? Tai l\u00f6yd\u00e4tk\u00f6 s\u00e4\u00e4nn\u00f6llisesti lis\u00e4\u00e4 vaatteita, kun pyykki py\u00f6rii jo iloisesti pesukoneen rummussa? Jos n\u00e4in on, t\u00e4m\u00e4 SONGMICS-pyykkikori on juuri sinulle sopiva!Ihoyst\u00e4v\u00e4llinen keinokangas: T\u00e4m\u00e4 pyykkikori on verhoiltu hengitt\u00e4v\u00e4ll\u00e4 keinokankaalla tyylikk\u00e4\u00e4ss\u00e4 harmaassa v\u00e4riss\u00e4. T\u00e4m\u00e4 materiaali takaa hyv\u00e4n ilmanvaihdon ja sopii lis\u00e4ksi l\u00e4hes kaikkiin sisustustyyleihin. Hanki t\u00e4m\u00e4 pyykkikori jo t\u00e4n\u00e4\u00e4n, jotta se voi auttaa sinua pyykkip\u00e4iv\u00e4n\u00e4! Tuotetiedot: V\u00e4ri: Harmaa Materiaali: Kangaskangas, MDF (keskitihe\u00e4 kuitulevy), puuvilla, kuitukangas Koko: 60 x 36 x 66 cm (P x L x K) Paino: 4,9 kg Maks. staattinen kantavuus: 20 kg Toimitus sis\u00e4lt\u00e4\u00e4: 1 x pyykkikori 1 x ohjeet (DE, EN, FR, ES, IT) SONGMICS-ohjeet:Tuote ei saa joutua kosketuksiin ter\u00e4vien esineiden kanssa, jotta se ei vahingoitu. Maksimi staattinen kantavuus on 20 kg. \u00c4l\u00e4 s\u00e4ilyt\u00e4 liian painavia esineit\u00e4 t\u00e4ss\u00e4 pyykkikorissa.<\/p>\n","protected":false},"excerpt":{"rendered":"<p>SONGMICS pyykkikori 142 L, pyykkikori imitaatiokankaasta, pyykkis\u00e4ilytys, pyykkilaatikko erillisill\u00e4 osastoilla, magneettikansi ja kahvat, taitettava, irrotettava pyykkipussi, harmaa LCB02G<\/p>\n","protected":false},"featured_media":41889,"comment_status":"open","ping_status":"closed","template":"","meta":[],"product_brand":[],"product_cat":[32],"product_tag":[],"class_list":{"0":"post-32933","1":"product","2":"type-product","3":"status-publish","4":"has-post-thumbnail","6":"product_cat-uncategorized-fi","8":"first","9":"instock","10":"shipping-taxable","11":"purchasable","12":"product-type-simple"},"_links":{"self":[{"href":"https:\/\/nordicmart.andreevmaster.com\/fi\/wp-json\/wp\/v2\/product\/32933","targetHints":{"allow":["GET"]}}],"collection":[{"href":"https:\/\/nordicmart.andreevmaster.com\/fi\/wp-json\/wp\/v2\/product"}],"about":[{"href":"https:\/\/nordicmart.andreevmaster.com\/fi\/wp-json\/wp\/v2\/types\/product"}],"replies":[{"embeddable":true,"href":"https:\/\/nordicmart.andreevmaster.com\/fi\/wp-json\/wp\/v2\/comments?post=32933"}],"wp:featuredmedia":[{"embeddable":true,"href":"https:\/\/nordicmart.andreevmaster.com\/fi\/wp-json\/wp\/v2\/media\/41889"}],"wp:attachment":[{"href":"https:\/\/nordicmart.andreevmaster.com\/fi\/wp-json\/wp\/v2\/media?parent=32933"}],"wp:term":[{"taxonomy":"product_brand","embeddable":true,"href":"https:\/\/nordicmart.andreevmaster.com\/fi\/wp-json\/wp\/v2\/product_brand?post=32933"},{"taxonomy":"product_cat","embeddable":true,"href":"https:\/\/nordicmart.andreevmaster.com\/fi\/wp-json\/wp\/v2\/product_cat?post=32933"},{"taxonomy":"product_tag","embeddable":true,"href":"https:\/\/nordicmart.andreevmaster.com\/fi\/wp-json\/wp\/v2\/product_tag?post=32933"}],"curies":[{"name":"wp","href":"https:\/\/api.w.org\/{rel}","templated":true}]}}