{"id":32931,"date":"2026-02-27T00:19:18","date_gmt":"2026-02-27T00:19:18","guid":{"rendered":"https:\/\/nordicmart.andreevmaster.com\/product\/songmics-pyykkikori-kannella-72-l-bambusta-valmistettu-pyykkikori\/"},"modified":"2026-02-27T09:40:35","modified_gmt":"2026-02-27T09:40:35","slug":"songmics-pyykkikori-kannella-72-l-bambusta-valmistettu-pyykkikori","status":"publish","type":"product","link":"https:\/\/nordicmart.andreevmaster.com\/fi\/tuote\/songmics-pyykkikori-kannella-72-l-bambusta-valmistettu-pyykkikori\/","title":{"rendered":"SONGMICS pyykkikori kannella, 72 l, bambusta valmistettu pyykkikori"},"content":{"rendered":"<p>T\u00e4m\u00e4 bambusta valmistettu pyykkikori tuo kotiisi ripauksen luontoa ja sopii t\u00e4ydellisesti eri tiloihin. Se tarjoaa runsaasti s\u00e4ilytystilaa (72 litraa) pyykkisi s\u00e4ilytt\u00e4miseen.  T\u00e4m\u00e4n j\u00e4rjestelij\u00e4n avulla voit piilottaa p\u00e4ivitt\u00e4isen pyykkikaaoksen irrotettavan kannen alle ja luoda j\u00e4rjestyst\u00e4 kotiisi. Lis\u00e4ksi t\u00e4ss\u00e4 arkussa on irrotettava pyykkipussi. Tuotetiedot: &#8211; V\u00e4ri: harmaa &#8211; Materiaali: bambu, puuvillainen pyykkipussi &#8211; Koko: 40 x 30 x 60 cm (P x L x K) &#8211; Kannen koko: 42 x 32 cm (P x L) &#8211; Paino: 2,2 kg &#8211; Maks. staattinen kantavuus: 20 kg Toimitus sis\u00e4lt\u00e4\u00e4: &#8211; 1 x pyykkikori &#8211; 1 x ohjeet SONGMICSin ohjeet: &#8211; \u00c4l\u00e4 k\u00e4yt\u00e4 tuotetta kosteassa ymp\u00e4rist\u00f6ss\u00e4. Se tulee sijoittaa hyvin ilmastoituun tilaan. &#8211; \u00c4l\u00e4 s\u00e4ilyt\u00e4 painavia esineit\u00e4 t\u00e4ss\u00e4 pyykkikorissa. &#8211; \u00c4l\u00e4 avaa metallirenkaita useita kertoja, jotta tuote kest\u00e4\u00e4 pitk\u00e4\u00e4n. &#8211; Pyykkipussi on pest\u00e4v\u00e4 30 \u00b0C:ssa. &#8211; Pyyhi tuote kostealla liinalla.<\/p>\n","protected":false},"excerpt":{"rendered":"<p>SONGMICS bambusta valmistettu pyykkikori, taitettava pyykkikori kannella ja irrotettavalla puuvillaisella pyykkipussilla, 72 litran pyykkikori, pyykkilaatikko, 40 x 30 x 60 cm, valkoinen LCB010W01<\/p>\n","protected":false},"featured_media":41887,"comment_status":"open","ping_status":"closed","template":"","meta":[],"product_brand":[],"product_cat":[32],"product_tag":[],"class_list":{"0":"post-32931","1":"product","2":"type-product","3":"status-publish","4":"has-post-thumbnail","6":"product_cat-uncategorized-fi","8":"first","9":"instock","10":"shipping-taxable","11":"purchasable","12":"product-type-simple"},"_links":{"self":[{"href":"https:\/\/nordicmart.andreevmaster.com\/fi\/wp-json\/wp\/v2\/product\/32931","targetHints":{"allow":["GET"]}}],"collection":[{"href":"https:\/\/nordicmart.andreevmaster.com\/fi\/wp-json\/wp\/v2\/product"}],"about":[{"href":"https:\/\/nordicmart.andreevmaster.com\/fi\/wp-json\/wp\/v2\/types\/product"}],"replies":[{"embeddable":true,"href":"https:\/\/nordicmart.andreevmaster.com\/fi\/wp-json\/wp\/v2\/comments?post=32931"}],"wp:featuredmedia":[{"embeddable":true,"href":"https:\/\/nordicmart.andreevmaster.com\/fi\/wp-json\/wp\/v2\/media\/41887"}],"wp:attachment":[{"href":"https:\/\/nordicmart.andreevmaster.com\/fi\/wp-json\/wp\/v2\/media?parent=32931"}],"wp:term":[{"taxonomy":"product_brand","embeddable":true,"href":"https:\/\/nordicmart.andreevmaster.com\/fi\/wp-json\/wp\/v2\/product_brand?post=32931"},{"taxonomy":"product_cat","embeddable":true,"href":"https:\/\/nordicmart.andreevmaster.com\/fi\/wp-json\/wp\/v2\/product_cat?post=32931"},{"taxonomy":"product_tag","embeddable":true,"href":"https:\/\/nordicmart.andreevmaster.com\/fi\/wp-json\/wp\/v2\/product_tag?post=32931"}],"curies":[{"name":"wp","href":"https:\/\/api.w.org\/{rel}","templated":true}]}}